{"id":97,"date":"2014-05-13T14:59:38","date_gmt":"2014-05-13T17:59:38","guid":{"rendered":"https:\/\/www.forp.usp.br\/?page_id=97"},"modified":"2022-11-17T14:37:59","modified_gmt":"2022-11-17T17:37:59","slug":"assistencia-tecnica-administrativa","status":"publish","type":"page","link":"https:\/\/www.forp.usp.br\/?page_id=97","title":{"rendered":"Assist\u00eancia T\u00e9cnica Administrativa"},"content":{"rendered":"<strong>Atribui\u00e7\u00f5es:<\/strong><br \/>\nA Assist\u00eancia T\u00e9cnica Administrativa assessora a Diretoria na gest\u00e3o administrativa da Unidade, que compreende a estrutura (gest\u00e3o de obras, conserva\u00e7\u00e3o e manuten\u00e7\u00e3o predial), os servi\u00e7os em geral, incluindo contratos terceirizados (gest\u00e3o administrativa e operacional de contratos de terceiriza\u00e7\u00e3o de servi\u00e7os tais como Limpeza T\u00e9cnica Hospitalar, Vigil\u00e2ncia e Portaria), expediente (autua\u00e7\u00e3o, tramita\u00e7\u00e3o e arquivo de documentos e processos administrativos), pessoal (gest\u00e3o de documentos e rotinas trabalhistas) e ve\u00edculos oficiais.<br \/>\nRespons\u00e1vel pelas seguintes se\u00e7\u00f5es:<\/p>\n<ul>\n<li>Expediente;<\/li>\n<li>Manuten\u00e7\u00e3o e Conserva\u00e7\u00e3o;<\/li>\n<li>Pessoal;<\/li>\n<li>Servi\u00e7os Gerais;<\/li>\n<li>Ve\u00edculos.<\/li>\n<\/ul>\n<p><nbsp;><br \/>\n<strong>Assistente T\u00e9cnico Administrativo:<\/strong> Tatiana Angeli Passos Fernandes<\/p>\n<p><strong> Servidores:<\/strong><\/p>\n<style>\/*  div wrapped around entire staff list  *\/\r\ndiv.staff-member-listing {\r\n  font-size: 13px;\r\n  border: 1px solid #681d32\r\n}\r\n\r\n\/*  div wrapped around each staff member  *\/\r\ndiv.staff-member {\r\n  padding-left: 1em;\r\n  padding-bottom: 5px;\r\n  padding-top: 5px;\r\n  padding-right: 5px;\r\n  height: 75px;\r\n}\r\n\r\n\/*  &quot;Even&quot; staff member  *\/\r\ndiv.staff-member.even {\r\n  background-color: #cfcbc7;\r\n}\r\n\r\n\/*  &quot;Odd&quot; staff member  *\/\r\ndiv.staff-member.odd {\r\n  background-color: #FFFFFF;\r\n}\r\n\r\n\/*  Last staff member  *\/\r\ndiv.staff-member.last {\r\n}\r\n\r\n\/*  Wrap around staff info  *\/\r\n.staff-member-info-wrap {\r\n  float: left;\r\n  width: 70%;\r\n  margin-left: 3%;\r\n}\r\n\r\n\/*  [staff-bio-formatted]  *\/\r\ndiv.staff-member-bio {\r\n}\r\n\r\n\/*  p tags within [staff-bio-formatted]  *\/\r\ndiv.staff-member-bio p {\r\n}\r\n\r\n\/*  [staff-photo]  *\/\r\nimg.staff-member-photo {\r\n  float: right;\r\n}\r\n\r\n\/*  [staff-email-link]  *\/\r\n.staff-member-email {\r\n}\r\n\r\n\/*  [staff-name-formatted]  *\/\r\ndiv.staff-member h3.staff-member-name {\r\n  padding: 0;\r\n  margin: 0;\r\n  font-size: 15px;\r\n}\r\n\r\n\/*  [staff-position-formatted]  *\/\r\ndiv.staff-member h4.staff-member-position {\r\n  margin: 0;\r\n  font-style: italic;\r\n  padding: 0;\r\n  font-size: 13px;\r\n}\r\n\r\n\/* Clearfix for div.staff-member *\/\r\ndiv.staff-member:after {\r\n  content: &quot;&quot;;\r\n  display: block;\r\n  clear: both;\r\n}\r\n\r\n\/* Clearfix for &lt;= IE7 *\/\r\n* html div.staff-member { height: 1%; }\r\ndiv.staff-member { display: block; }<\/style><div class=\"staff-member-listing atad\"><div class=\"staff-member even \">\r\n  <img decoding=\"async\" class=\"staff-member-photo\" src=\"\" alt=\"\">\r\n  <div class=\"staff-member-info-wrap\">\r\n    <h3 class=\"staff-member-name\">Heitor Gon\u00e7alez Sasaki<\/h3>\r\n    <h4 class=\"staff-member-position\">Analista para Assuntos Administrativos<\/h4>\r\n    (16) 3315-3958\r\n  <\/div>\r\n<\/div> <!-- Close staff-member --><div class=\"staff-member odd  last\">\r\n  <img decoding=\"async\" class=\"staff-member-photo\" src=\"https:\/\/www.forp.usp.br\/wp-content\/uploads\/2018\/07\/tatiana_fernandes.jpg\" alt=\"\">\r\n  <div class=\"staff-member-info-wrap\">\r\n    <h3 class=\"staff-member-name\">Tatiana Angeli Passos Fernandes<\/h3>\r\n    <h4 class=\"staff-member-position\">Secret\u00e1rio<\/h4>\r\n    (16) 3315-8719\r\n  <\/div>\r\n<\/div> <!-- Close staff-member --><\/div> <!-- Close staff-member-listing -->","protected":false},"excerpt":{"rendered":"<p>Atribui\u00e7\u00f5es: A Assist\u00eancia T\u00e9cnica Administrativa assessora a Diretoria na gest\u00e3o administrativa da Unidade, que compreende a estrutura (gest\u00e3o de obras, conserva\u00e7\u00e3o e manuten\u00e7\u00e3o predial), os servi\u00e7os em geral, incluindo contratos terceirizados (gest\u00e3o administrativa e operacional de contratos de terceiriza\u00e7\u00e3o de servi\u00e7os tais como Limpeza T\u00e9cnica Hospitalar, Vigil\u00e2ncia e Portaria), expediente (autua\u00e7\u00e3o, tramita\u00e7\u00e3o e arquivo de [&hellip;]<\/p>\n","protected":false},"author":1,"featured_media":0,"parent":51,"menu_order":0,"comment_status":"open","ping_status":"open","template":"","meta":{"footnotes":""},"class_list":["post-97","page","type-page","status-publish","hentry"],"publishpress_future_workflow_manual_trigger":{"enabledWorkflows":[]},"_links":{"self":[{"href":"https:\/\/www.forp.usp.br\/index.php?rest_route=\/wp\/v2\/pages\/97","targetHints":{"allow":["GET"]}}],"collection":[{"href":"https:\/\/www.forp.usp.br\/index.php?rest_route=\/wp\/v2\/pages"}],"about":[{"href":"https:\/\/www.forp.usp.br\/index.php?rest_route=\/wp\/v2\/types\/page"}],"author":[{"embeddable":true,"href":"https:\/\/www.forp.usp.br\/index.php?rest_route=\/wp\/v2\/users\/1"}],"replies":[{"embeddable":true,"href":"https:\/\/www.forp.usp.br\/index.php?rest_route=%2Fwp%2Fv2%2Fcomments&post=97"}],"version-history":[{"count":14,"href":"https:\/\/www.forp.usp.br\/index.php?rest_route=\/wp\/v2\/pages\/97\/revisions"}],"predecessor-version":[{"id":10009,"href":"https:\/\/www.forp.usp.br\/index.php?rest_route=\/wp\/v2\/pages\/97\/revisions\/10009"}],"up":[{"embeddable":true,"href":"https:\/\/www.forp.usp.br\/index.php?rest_route=\/wp\/v2\/pages\/51"}],"wp:attachment":[{"href":"https:\/\/www.forp.usp.br\/index.php?rest_route=%2Fwp%2Fv2%2Fmedia&parent=97"}],"curies":[{"name":"wp","href":"https:\/\/api.w.org\/{rel}","templated":true}]}}