{"id":92,"date":"2014-05-13T14:42:15","date_gmt":"2014-05-13T17:42:15","guid":{"rendered":"https:\/\/www.forp.usp.br\/?page_id=92"},"modified":"2025-05-28T16:44:02","modified_gmt":"2025-05-28T19:44:02","slug":"assistencia-tecnica-academica","status":"publish","type":"page","link":"https:\/\/www.forp.usp.br\/?page_id=92","title":{"rendered":"Divis\u00e3o Acad\u00eamica"},"content":{"rendered":"<strong>Atribui\u00e7\u00f5es:<\/strong><br \/>\n\u00c9 respons\u00e1vel por assessorar tecnicamente a Diretoria nos assuntos acad\u00eamicos, secretariar reuni\u00f5es dos colegiados, planejar, coordenar e supervisionar as atividades pertinentes aos Servi\u00e7os de Gradua\u00e7\u00e3o e de P\u00f3s-Gradua\u00e7\u00e3o e \u00e0 Se\u00e7\u00e3o de Apoio Acad\u00eamico.<\/p>\n<p><strong>Chefe da Divis\u00e3o Acad\u00eamica:<\/strong> Juliana Godoi de Oliveira Silva<\/p>\n<p><strong> Servidores:<\/strong><\/p>\n<style>\/*  div wrapped around entire staff list  *\/\r\ndiv.staff-member-listing {\r\n  font-size: 13px;\r\n  border: 1px solid #681d32\r\n}\r\n\r\n\/*  div wrapped around each staff member  *\/\r\ndiv.staff-member {\r\n  padding-left: 1em;\r\n  padding-bottom: 5px;\r\n  padding-top: 5px;\r\n  padding-right: 5px;\r\n  height: 75px;\r\n}\r\n\r\n\/*  &quot;Even&quot; staff member  *\/\r\ndiv.staff-member.even {\r\n  background-color: #cfcbc7;\r\n}\r\n\r\n\/*  &quot;Odd&quot; staff member  *\/\r\ndiv.staff-member.odd {\r\n  background-color: #FFFFFF;\r\n}\r\n\r\n\/*  Last staff member  *\/\r\ndiv.staff-member.last {\r\n}\r\n\r\n\/*  Wrap around staff info  *\/\r\n.staff-member-info-wrap {\r\n  float: left;\r\n  width: 70%;\r\n  margin-left: 3%;\r\n}\r\n\r\n\/*  [staff-bio-formatted]  *\/\r\ndiv.staff-member-bio {\r\n}\r\n\r\n\/*  p tags within [staff-bio-formatted]  *\/\r\ndiv.staff-member-bio p {\r\n}\r\n\r\n\/*  [staff-photo]  *\/\r\nimg.staff-member-photo {\r\n  float: right;\r\n}\r\n\r\n\/*  [staff-email-link]  *\/\r\n.staff-member-email {\r\n}\r\n\r\n\/*  [staff-name-formatted]  *\/\r\ndiv.staff-member h3.staff-member-name {\r\n  padding: 0;\r\n  margin: 0;\r\n  font-size: 15px;\r\n}\r\n\r\n\/*  [staff-position-formatted]  *\/\r\ndiv.staff-member h4.staff-member-position {\r\n  margin: 0;\r\n  font-style: italic;\r\n  padding: 0;\r\n  font-size: 13px;\r\n}\r\n\r\n\/* Clearfix for div.staff-member *\/\r\ndiv.staff-member:after {\r\n  content: &quot;&quot;;\r\n  display: block;\r\n  clear: both;\r\n}\r\n\r\n\/* Clearfix for &lt;= IE7 *\/\r\n* html div.staff-member { height: 1%; }\r\ndiv.staff-member { display: block; }<\/style><div class=\"staff-member-listing atac\"><div class=\"staff-member even  last\">\r\n  <img decoding=\"async\" class=\"staff-member-photo\" src=\"https:\/\/www.forp.usp.br\/wp-content\/uploads\/2016\/04\/juliana_silva.jpg\" alt=\"\">\r\n  <div class=\"staff-member-info-wrap\">\r\n    <h3 class=\"staff-member-name\">Juliana Godoi de Oliveira Silva<\/h3>\r\n    <h4 class=\"staff-member-position\">T\u00e9cnico para Assuntos Administrativos<\/h4>\r\n    (16) 3315-4122 \/ 8715\r\n  <\/div>\r\n<\/div> <!-- Close staff-member --><\/div> <!-- Close staff-member-listing -->\n<p>&nbsp;<\/p>\n<p><strong>Normas FORP\/USP<\/strong><\/p>\n<ul>\n<li><a href=\"https:\/\/www.forp.usp.br\/wp-content\/uploads\/2016\/06\/normas_memorial.doc\" target=\"_blank\" rel=\"noopener noreferrer\">Roteiro e Normas para apresenta\u00e7\u00e3o de Memorial para Concursos da Carreira Docente<\/a><\/li>\n<\/ul>\n<p>&nbsp;<\/p>\n<p><strong>Normas USP<\/strong><\/p>\n<ul>\n<li><a href=\"http:\/\/www.leginf.usp.br\/?resolucao=consolidada-resolucao-no-3461-de-7-de-outubro-de-1988\">Estatuto<\/a><\/li>\n<li><a href=\"http:\/\/www.leginf.usp.br\/?resolucao=consolidada-resolucao-no-3745-de-19-de-outubro-de-1990\">Regimento Geral<\/a><\/li>\n<li><a href=\"https:\/\/leginf.usp.br\/?resolucao=resolucao-no-8236-de-10-de-maio-de-2022\">Regimento da FORP<\/a><\/li>\n<li><a href=\"http:\/\/www.leginf.usp.br\/?resolucao=resolucao-no-4871-de-22-de-outubro-de-2001\">C\u00f3digo de \u00c9tica da USP<\/a><\/li>\n<\/ul>","protected":false},"excerpt":{"rendered":"<p>Atribui\u00e7\u00f5es: \u00c9 respons\u00e1vel por assessorar tecnicamente a Diretoria nos assuntos acad\u00eamicos, secretariar reuni\u00f5es dos colegiados, planejar, coordenar e supervisionar as atividades pertinentes aos Servi\u00e7os de Gradua\u00e7\u00e3o e de P\u00f3s-Gradua\u00e7\u00e3o e \u00e0 Se\u00e7\u00e3o de Apoio Acad\u00eamico. Chefe da Divis\u00e3o Acad\u00eamica: Juliana Godoi de Oliveira Silva Servidores: &nbsp; Normas FORP\/USP Roteiro e Normas para apresenta\u00e7\u00e3o de Memorial [&hellip;]<\/p>\n","protected":false},"author":6,"featured_media":0,"parent":51,"menu_order":0,"comment_status":"open","ping_status":"open","template":"","meta":{"footnotes":""},"class_list":["post-92","page","type-page","status-publish","hentry"],"publishpress_future_workflow_manual_trigger":{"enabledWorkflows":[]},"_links":{"self":[{"href":"https:\/\/www.forp.usp.br\/index.php?rest_route=\/wp\/v2\/pages\/92","targetHints":{"allow":["GET"]}}],"collection":[{"href":"https:\/\/www.forp.usp.br\/index.php?rest_route=\/wp\/v2\/pages"}],"about":[{"href":"https:\/\/www.forp.usp.br\/index.php?rest_route=\/wp\/v2\/types\/page"}],"author":[{"embeddable":true,"href":"https:\/\/www.forp.usp.br\/index.php?rest_route=\/wp\/v2\/users\/6"}],"replies":[{"embeddable":true,"href":"https:\/\/www.forp.usp.br\/index.php?rest_route=%2Fwp%2Fv2%2Fcomments&post=92"}],"version-history":[{"count":19,"href":"https:\/\/www.forp.usp.br\/index.php?rest_route=\/wp\/v2\/pages\/92\/revisions"}],"predecessor-version":[{"id":12946,"href":"https:\/\/www.forp.usp.br\/index.php?rest_route=\/wp\/v2\/pages\/92\/revisions\/12946"}],"up":[{"embeddable":true,"href":"https:\/\/www.forp.usp.br\/index.php?rest_route=\/wp\/v2\/pages\/51"}],"wp:attachment":[{"href":"https:\/\/www.forp.usp.br\/index.php?rest_route=%2Fwp%2Fv2%2Fmedia&parent=92"}],"curies":[{"name":"wp","href":"https:\/\/api.w.org\/{rel}","templated":true}]}}