{"id":7654,"date":"2020-12-17T17:33:31","date_gmt":"2020-12-17T20:33:31","guid":{"rendered":"https:\/\/www.forp.usp.br\/?page_id=7654"},"modified":"2025-11-14T08:43:10","modified_gmt":"2025-11-14T11:43:10","slug":"equipamentos-multiusuarios","status":"publish","type":"page","link":"https:\/\/www.forp.usp.br\/?page_id=7654","title":{"rendered":"Equipamentos Multiusu\u00e1rios"},"content":{"rendered":"<a href=\"https:\/\/www.forp.usp.br\/?page_id=12869\">CEMOD &#8211; Centro Multidisciplinar de Odontologia Digital<\/a><\/p>\n<p><a href=\"https:\/\/www.forp.usp.br\/?page_id=12891\">\u00cdCARO &#8211; Laborat\u00f3rio de Manipula\u00e7\u00e3o e An\u00e1lise de Radia\u00e7\u00f5es Ionizantes e de Neurotransmissores<\/a><\/p>\n<p><a href=\"https:\/\/www.forp.usp.br\/?page_id=4201\">LAB 3D BIO &#8211; Laborat\u00f3rio Multiusu\u00e1rio para An\u00e1lises de Imagens Tridimensionais de Tecidos Biol\u00f3gicos<\/a><\/p>\n<p><a href=\"https:\/\/www.forp.usp.br\/?page_id=13336\">MDCI \u2013 Central Multiusu\u00e1rio de Microscopia do Departamento de Cl\u00ednica Infantil da FORP\/USP<\/a>","protected":false},"excerpt":{"rendered":"<p>CEMOD &#8211; Centro Multidisciplinar de Odontologia Digital \u00cdCARO &#8211; Laborat\u00f3rio de Manipula\u00e7\u00e3o e An\u00e1lise de Radia\u00e7\u00f5es Ionizantes e de Neurotransmissores LAB 3D BIO &#8211; Laborat\u00f3rio Multiusu\u00e1rio para An\u00e1lises de Imagens Tridimensionais de Tecidos Biol\u00f3gicos MDCI \u2013 Central Multiusu\u00e1rio de Microscopia do Departamento de Cl\u00ednica Infantil da FORP\/USP<\/p>\n","protected":false},"author":3,"featured_media":0,"parent":27,"menu_order":0,"comment_status":"closed","ping_status":"closed","template":"","meta":{"footnotes":""},"class_list":["post-7654","page","type-page","status-publish","hentry"],"publishpress_future_workflow_manual_trigger":{"enabledWorkflows":[]},"_links":{"self":[{"href":"https:\/\/www.forp.usp.br\/index.php?rest_route=\/wp\/v2\/pages\/7654","targetHints":{"allow":["GET"]}}],"collection":[{"href":"https:\/\/www.forp.usp.br\/index.php?rest_route=\/wp\/v2\/pages"}],"about":[{"href":"https:\/\/www.forp.usp.br\/index.php?rest_route=\/wp\/v2\/types\/page"}],"author":[{"embeddable":true,"href":"https:\/\/www.forp.usp.br\/index.php?rest_route=\/wp\/v2\/users\/3"}],"replies":[{"embeddable":true,"href":"https:\/\/www.forp.usp.br\/index.php?rest_route=%2Fwp%2Fv2%2Fcomments&post=7654"}],"version-history":[{"count":18,"href":"https:\/\/www.forp.usp.br\/index.php?rest_route=\/wp\/v2\/pages\/7654\/revisions"}],"predecessor-version":[{"id":13339,"href":"https:\/\/www.forp.usp.br\/index.php?rest_route=\/wp\/v2\/pages\/7654\/revisions\/13339"}],"up":[{"embeddable":true,"href":"https:\/\/www.forp.usp.br\/index.php?rest_route=\/wp\/v2\/pages\/27"}],"wp:attachment":[{"href":"https:\/\/www.forp.usp.br\/index.php?rest_route=%2Fwp%2Fv2%2Fmedia&parent=7654"}],"curies":[{"name":"wp","href":"https:\/\/api.w.org\/{rel}","templated":true}]}}