{"id":7639,"date":"2020-12-15T14:18:22","date_gmt":"2020-12-15T17:18:22","guid":{"rendered":"https:\/\/www.forp.usp.br\/?page_id=7639"},"modified":"2021-02-15T12:10:38","modified_gmt":"2021-02-15T15:10:38","slug":"comissao-de-biosseguranca-para-realizar-acoes-de-controle-de-infeccao-nos-ambientes-clinicos-da-forp-usp","status":"publish","type":"page","link":"https:\/\/www.forp.usp.br\/?page_id=7639","title":{"rendered":"Comiss\u00e3o de Biosseguran\u00e7a para realizar a\u00e7\u00f5es de controle de infec\u00e7\u00e3o nos ambientes cl\u00ednicos da FORP\/USP"},"content":{"rendered":"Comiss\u00e3o de Biosseguran\u00e7a para realizar a\u00e7\u00f5es de controle de infec\u00e7\u00e3o nos ambientes cl\u00ednicos da FORP\/USP<\/p>\n<p>Confira no documento abaixo a portaria que institui a comiss\u00e3o.<\/p>\n<p><a href=\"https:\/\/www.forp.usp.br\/wp-content\/uploads\/2020\/12\/Documento_24082020_153411.pdf\">Portaria\u00a0 040\/2020<\/a><\/p>\n<p><strong>1-<\/strong> <a href=\"https:\/\/www.forp.usp.br\/wp-content\/uploads\/2021\/02\/Orientacoes-para-Retorno-Atividades.pdf\" target=\"_blank\" rel=\"noopener\">Orienta\u00e7\u00f5es para Retorno das Atividades Presenciais e para Pessoas com Sintomas Covid-19<\/a>;<br \/>\n<strong>2-<\/strong> <a href=\"https:\/\/www.forp.usp.br\/wp-content\/uploads\/2021\/02\/Conduta-Acidente-Perfurocortante.pdf\" target=\"_blank\" rel=\"noopener\">Conduta em Acidentes Perfurocortantes<\/a>;<\/p>\n<p><iframe loading=\"lazy\" src=\"https:\/\/www.youtube.com\/embed\/8n98gmQ6LdU\" width=\"704\" height=\"396\" frameborder=\"0\" allowfullscreen=\"allowfullscreen\"><\/iframe><\/p>\n<p><strong>3-<\/strong><a href=\"https:\/\/www.forp.usp.br\/wp-content\/uploads\/2021\/02\/Resumo-Protocolos-Operacionais-Padrao-FORP.pdf\" target=\"_blank\" rel=\"noopener\"> Protocolos Operacionais Padr\u00e3o FORP<\/a>;<\/p>\n<p><strong>Integrantes:<\/strong><\/p>\n<p>Profa. Dra. Andiara de Rossi Daldegan <strong>(Presidente)<\/strong><br \/>\nProf. Dr. Alan Grupioni Louren\u00e7o<br \/>\nProf. Dr. C\u00e1ssio Edvard Sverzut<br \/>\nProfa. Dra. Cl\u00e1udia Helena Lovato da Silva<br \/>\nProf. Dr. Evandro Watanabe<br \/>\nProf. Dr. Murilo Neuppmann Feres <strong>(Vice-Presidente)<\/strong><br \/>\nProfa. Dra. Soraya Fernandes Mestriner<br \/>\nSra. Carolina Paes Torres Mantovani<br \/>\nSra. F\u00e1tima Aparecida Rizoli<br \/>\nSra.Juliana Jendiroba Faraoni <strong>(Secret\u00e1ria)<\/strong><br \/>\nSra.Karina Dadalt Quaglio<br \/>\nSra. Mari\u00e2ngela de Oliveira<br \/>\nSra. Ros\u00e2ngela Aparecida Ferezin<br \/>\nSra. Silvia Helena Fabris F. Campos<br \/>\nSra. Vera do Nascimento Scandelai","protected":false},"excerpt":{"rendered":"<p>Comiss\u00e3o de Biosseguran\u00e7a para realizar a\u00e7\u00f5es de controle de infec\u00e7\u00e3o nos ambientes cl\u00ednicos da FORP\/USP Confira no documento abaixo a portaria que institui a comiss\u00e3o. Portaria\u00a0 040\/2020 1- Orienta\u00e7\u00f5es para Retorno das Atividades Presenciais e para Pessoas com Sintomas Covid-19; 2- Conduta em Acidentes Perfurocortantes; 3- Protocolos Operacionais Padr\u00e3o FORP; Integrantes: Profa. Dra. Andiara de [&hellip;]<\/p>\n","protected":false},"author":9,"featured_media":0,"parent":0,"menu_order":0,"comment_status":"closed","ping_status":"closed","template":"","meta":{"footnotes":""},"class_list":["post-7639","page","type-page","status-publish","hentry"],"publishpress_future_workflow_manual_trigger":{"enabledWorkflows":[]},"_links":{"self":[{"href":"https:\/\/www.forp.usp.br\/index.php?rest_route=\/wp\/v2\/pages\/7639","targetHints":{"allow":["GET"]}}],"collection":[{"href":"https:\/\/www.forp.usp.br\/index.php?rest_route=\/wp\/v2\/pages"}],"about":[{"href":"https:\/\/www.forp.usp.br\/index.php?rest_route=\/wp\/v2\/types\/page"}],"author":[{"embeddable":true,"href":"https:\/\/www.forp.usp.br\/index.php?rest_route=\/wp\/v2\/users\/9"}],"replies":[{"embeddable":true,"href":"https:\/\/www.forp.usp.br\/index.php?rest_route=%2Fwp%2Fv2%2Fcomments&post=7639"}],"version-history":[{"count":10,"href":"https:\/\/www.forp.usp.br\/index.php?rest_route=\/wp\/v2\/pages\/7639\/revisions"}],"predecessor-version":[{"id":7896,"href":"https:\/\/www.forp.usp.br\/index.php?rest_route=\/wp\/v2\/pages\/7639\/revisions\/7896"}],"wp:attachment":[{"href":"https:\/\/www.forp.usp.br\/index.php?rest_route=%2Fwp%2Fv2%2Fmedia&parent=7639"}],"curies":[{"name":"wp","href":"https:\/\/api.w.org\/{rel}","templated":true}]}}