{"id":613,"date":"2016-03-21T09:30:07","date_gmt":"2016-03-21T12:30:07","guid":{"rendered":"https:\/\/www.forp.usp.br\/?page_id=613"},"modified":"2018-05-08T18:27:56","modified_gmt":"2018-05-08T21:27:56","slug":"biblioteca-digital-de-teses-e-dissertacoes","status":"publish","type":"page","link":"https:\/\/www.forp.usp.br\/?page_id=613","title":{"rendered":"Biblioteca Digital de Teses e Disserta\u00e7\u00f5es"},"content":{"rendered":"A USP disponibiliza uma Biblioteca Digital de Teses e Disserta\u00e7\u00f5es.<\/p>\n<p><a href=\"http:\/\/www.teses.usp.br\/index.php?option=com_jumi&amp;fileid=30&amp;Itemid=162&amp;lang=pt-br&amp;id=58\" target=\"_blank\">Clique aqui<\/a> para acessar o conte\u00fado da FORP.","protected":false},"excerpt":{"rendered":"<p>A USP disponibiliza uma Biblioteca Digital de Teses e Disserta\u00e7\u00f5es. Clique aqui para acessar o conte\u00fado da FORP.<\/p>\n","protected":false},"author":1,"featured_media":0,"parent":27,"menu_order":0,"comment_status":"closed","ping_status":"closed","template":"","meta":{"footnotes":""},"class_list":["post-613","page","type-page","status-publish","hentry"],"publishpress_future_workflow_manual_trigger":{"enabledWorkflows":[]},"_links":{"self":[{"href":"https:\/\/www.forp.usp.br\/index.php?rest_route=\/wp\/v2\/pages\/613","targetHints":{"allow":["GET"]}}],"collection":[{"href":"https:\/\/www.forp.usp.br\/index.php?rest_route=\/wp\/v2\/pages"}],"about":[{"href":"https:\/\/www.forp.usp.br\/index.php?rest_route=\/wp\/v2\/types\/page"}],"author":[{"embeddable":true,"href":"https:\/\/www.forp.usp.br\/index.php?rest_route=\/wp\/v2\/users\/1"}],"replies":[{"embeddable":true,"href":"https:\/\/www.forp.usp.br\/index.php?rest_route=%2Fwp%2Fv2%2Fcomments&post=613"}],"version-history":[{"count":2,"href":"https:\/\/www.forp.usp.br\/index.php?rest_route=\/wp\/v2\/pages\/613\/revisions"}],"predecessor-version":[{"id":623,"href":"https:\/\/www.forp.usp.br\/index.php?rest_route=\/wp\/v2\/pages\/613\/revisions\/623"}],"up":[{"embeddable":true,"href":"https:\/\/www.forp.usp.br\/index.php?rest_route=\/wp\/v2\/pages\/27"}],"wp:attachment":[{"href":"https:\/\/www.forp.usp.br\/index.php?rest_route=%2Fwp%2Fv2%2Fmedia&parent=613"}],"curies":[{"name":"wp","href":"https:\/\/api.w.org\/{rel}","templated":true}]}}