{"id":60,"date":"2014-05-12T15:38:39","date_gmt":"2014-05-12T18:38:39","guid":{"rendered":"https:\/\/www.forp.usp.br\/?page_id=60"},"modified":"2019-07-29T14:32:03","modified_gmt":"2019-07-29T17:32:03","slug":"convenios-e-parcerias","status":"publish","type":"page","link":"https:\/\/www.forp.usp.br\/?page_id=60","title":{"rendered":"Conv\u00eanios e Parcerias"},"content":{"rendered":"<strong>Conv\u00eanio<\/strong><\/p>\n<p>Conv\u00eanio \u00e9 o acordo firmado entre duas entidades p\u00fablicas ou entre uma entidade p\u00fablica e outra particular, para a realiza\u00e7\u00e3o de um objetivo de interesse comum dos part\u00edcipes. O conv\u00eanio se rege pelo artigo 116 da <a href=\"http:\/\/www.usp.br\/cj\/externo\/planalto8666.html\">Lei n\u00ba 8666\/93<\/a> , &#8220;no que couber&#8221;, segundo sua pr\u00f3pria express\u00e3o.<br \/>\nReconhecendo a import\u00e2ncia da internacionaliza\u00e7\u00e3o da USP, a FORP vem celebrando, desde 2003, conv\u00eanios de coopera\u00e7\u00e3o acad\u00eamica com institui\u00e7\u00f5es de ensino superior no mundo inteiro. Esses conv\u00eanios permitem o interc\u00e2mbio de alunos e professores, a elabora\u00e7\u00e3o conjunta de projetos e pesquisas, a troca de material acad\u00eamico e de informa\u00e7\u00f5es, entre outras possibilidades, o que, sem d\u00favida, \u00e9 de import\u00e2ncia fundamental para o pleno desenvolvimento de uma institui\u00e7\u00e3o de ensino.<\/p>\n<p><strong>Parceria<\/strong><\/p>\n<p>Programa \u201cParceiros da FORP-USP\u201d, programa de apoio \u00e0 Faculdade de Odontologia de Ribeir\u00e3o Preto tem como objetivo receber doa\u00e7\u00f5es, pelas empresas participantes, de recursos financeiros ou execu\u00e7\u00e3o de servi\u00e7os de constru\u00e7\u00e3o, reforma, manuten\u00e7\u00e3o ou reequipamento de cl\u00ednicas, laborat\u00f3rios, anfiteatros, salas de aula, biot\u00e9rios ou outros espa\u00e7os f\u00edsicos localizados nas depend\u00eancias da FORP.<br \/>\nA Faculdade de Odontologia de Ribeir\u00e3o Preto tornar\u00e1 p\u00fablica a parceria, colocando em local adotado, ou interior da sala adotada, em ponto pr\u00e9-definido, uma placa de agradecimento, medindo at\u00e9 35cm de altura por 50cm de comprimento, pela doa\u00e7\u00e3o ou servi\u00e7os efetuados.<br \/>\nNa placa de agradecimento poder\u00e1 ser inserido o nome e a logomarca da empresa parceira.<br \/>\nPara maiores informa\u00e7\u00f5es <a href=\"https:\/\/www.forp.usp.br\/wp-content\/uploads\/2019\/07\/portaria2.pdf\">clique aqui<\/a>\u00a0.","protected":false},"excerpt":{"rendered":"<p>Conv\u00eanio Conv\u00eanio \u00e9 o acordo firmado entre duas entidades p\u00fablicas ou entre uma entidade p\u00fablica e outra particular, para a realiza\u00e7\u00e3o de um objetivo de interesse comum dos part\u00edcipes. O conv\u00eanio se rege pelo artigo 116 da Lei n\u00ba 8666\/93 , &#8220;no que couber&#8221;, segundo sua pr\u00f3pria express\u00e3o. Reconhecendo a import\u00e2ncia da internacionaliza\u00e7\u00e3o da USP, [&hellip;]<\/p>\n","protected":false},"author":1,"featured_media":0,"parent":20,"menu_order":0,"comment_status":"open","ping_status":"open","template":"","meta":{"footnotes":""},"class_list":["post-60","page","type-page","status-publish","hentry"],"publishpress_future_workflow_manual_trigger":{"enabledWorkflows":[]},"_links":{"self":[{"href":"https:\/\/www.forp.usp.br\/index.php?rest_route=\/wp\/v2\/pages\/60","targetHints":{"allow":["GET"]}}],"collection":[{"href":"https:\/\/www.forp.usp.br\/index.php?rest_route=\/wp\/v2\/pages"}],"about":[{"href":"https:\/\/www.forp.usp.br\/index.php?rest_route=\/wp\/v2\/types\/page"}],"author":[{"embeddable":true,"href":"https:\/\/www.forp.usp.br\/index.php?rest_route=\/wp\/v2\/users\/1"}],"replies":[{"embeddable":true,"href":"https:\/\/www.forp.usp.br\/index.php?rest_route=%2Fwp%2Fv2%2Fcomments&post=60"}],"version-history":[{"count":7,"href":"https:\/\/www.forp.usp.br\/index.php?rest_route=\/wp\/v2\/pages\/60\/revisions"}],"predecessor-version":[{"id":5334,"href":"https:\/\/www.forp.usp.br\/index.php?rest_route=\/wp\/v2\/pages\/60\/revisions\/5334"}],"up":[{"embeddable":true,"href":"https:\/\/www.forp.usp.br\/index.php?rest_route=\/wp\/v2\/pages\/20"}],"wp:attachment":[{"href":"https:\/\/www.forp.usp.br\/index.php?rest_route=%2Fwp%2Fv2%2Fmedia&parent=60"}],"curies":[{"name":"wp","href":"https:\/\/api.w.org\/{rel}","templated":true}]}}