{"id":58,"date":"2014-05-12T15:37:35","date_gmt":"2014-05-12T18:37:35","guid":{"rendered":"https:\/\/www.forp.usp.br\/?page_id=58"},"modified":"2019-01-14T11:17:26","modified_gmt":"2019-01-14T13:17:26","slug":"departamentos","status":"publish","type":"page","link":"https:\/\/www.forp.usp.br\/?page_id=58","title":{"rendered":"Departamentos"},"content":{"rendered":"<a title=\"Departamento de Biologia B\u00e1sica e Oral - DBBO\" href=\"https:\/\/www.forp.usp.br\/?page_id=298\">Departamento de Biologia B\u00e1sica e Oral &#8211; DBBO<\/a><\/p>\n<p><a title=\"Departamento de Cirurgia e Traumatologia Buco-Maxilo-Facial e Periodontia \u2013 DCTBMF\" href=\"https:\/\/www.forp.usp.br\/?page_id=289\">Departamento de Cirurgia e Traumatologia Buco-Maxilo-Facial e Periodontia &#8211; DCTBMF<\/a><\/p>\n<p><a title=\"Departamento de Cl\u00ednica Infantil \u2013 DCI\" href=\"https:\/\/www.forp.usp.br\/?page_id=284\">Departamento de Cl\u00ednica Infantil &#8211; DCI<\/a><\/p>\n<p><a title=\"Departamento de Estomatologia, Sa\u00fade Coletiva e Odontologia Legal \u2013 DESCOL\" href=\"https:\/\/www.forp.usp.br\/?page_id=280\">Departamento de Estomatologia, Sa\u00fade Coletiva e Odontologia Legal &#8211; DESCOL<\/a><\/p>\n<p><a title=\"Departamento de Materiais Dent\u00e1rios e Pr\u00f3tese \u2013 DMDP\" href=\"https:\/\/www.forp.usp.br\/?page_id=292\">Departamento de Materiais Dent\u00e1rios e Pr\u00f3tese &#8211; DMDP<\/a><\/p>\n<p><a title=\"Departamento de Odontologia Restauradora \u2013 DOR\" href=\"https:\/\/www.forp.usp.br\/?page_id=295\">Departamento de Odontologia Restauradora &#8211; DOR<\/a>","protected":false},"excerpt":{"rendered":"<p>Departamento de Biologia B\u00e1sica e Oral &#8211; DBBO Departamento de Cirurgia e Traumatologia Buco-Maxilo-Facial e Periodontia &#8211; DCTBMF Departamento de Cl\u00ednica Infantil &#8211; DCI Departamento de Estomatologia, Sa\u00fade Coletiva e Odontologia Legal &#8211; DESCOL Departamento de Materiais Dent\u00e1rios e Pr\u00f3tese &#8211; DMDP Departamento de Odontologia Restauradora &#8211; DOR<\/p>\n","protected":false},"author":1,"featured_media":0,"parent":20,"menu_order":0,"comment_status":"open","ping_status":"open","template":"","meta":{"footnotes":""},"class_list":["post-58","page","type-page","status-publish","hentry"],"publishpress_future_workflow_manual_trigger":{"enabledWorkflows":[]},"_links":{"self":[{"href":"https:\/\/www.forp.usp.br\/index.php?rest_route=\/wp\/v2\/pages\/58","targetHints":{"allow":["GET"]}}],"collection":[{"href":"https:\/\/www.forp.usp.br\/index.php?rest_route=\/wp\/v2\/pages"}],"about":[{"href":"https:\/\/www.forp.usp.br\/index.php?rest_route=\/wp\/v2\/types\/page"}],"author":[{"embeddable":true,"href":"https:\/\/www.forp.usp.br\/index.php?rest_route=\/wp\/v2\/users\/1"}],"replies":[{"embeddable":true,"href":"https:\/\/www.forp.usp.br\/index.php?rest_route=%2Fwp%2Fv2%2Fcomments&post=58"}],"version-history":[{"count":18,"href":"https:\/\/www.forp.usp.br\/index.php?rest_route=\/wp\/v2\/pages\/58\/revisions"}],"predecessor-version":[{"id":4659,"href":"https:\/\/www.forp.usp.br\/index.php?rest_route=\/wp\/v2\/pages\/58\/revisions\/4659"}],"up":[{"embeddable":true,"href":"https:\/\/www.forp.usp.br\/index.php?rest_route=\/wp\/v2\/pages\/20"}],"wp:attachment":[{"href":"https:\/\/www.forp.usp.br\/index.php?rest_route=%2Fwp%2Fv2%2Fmedia&parent=58"}],"curies":[{"name":"wp","href":"https:\/\/api.w.org\/{rel}","templated":true}]}}