{"id":56,"date":"2014-05-12T15:37:08","date_gmt":"2014-05-12T18:37:08","guid":{"rendered":"https:\/\/www.forp.usp.br\/?page_id=56"},"modified":"2025-07-02T10:45:35","modified_gmt":"2025-07-02T13:45:35","slug":"comissoes","status":"publish","type":"page","link":"https:\/\/www.forp.usp.br\/?page_id=56","title":{"rendered":"Comiss\u00f5es"},"content":{"rendered":"<a title=\"CIPA \u2013 Comiss\u00e3o Interna de Preven\u00e7\u00e3o de Acidentes\" href=\"\/?page_id=222\">CIPA &#8211; Comiss\u00e3o Interna de Preven\u00e7\u00e3o de Acidentes<\/a><\/p>\n<p><a title=\"Comiss\u00e3o de Cultura e Extens\u00e3o Universit\u00e1ria\" href=\"\/?page_id=224\">Comiss\u00e3o de Cultura e Extens\u00e3o Universit\u00e1ria<\/a><\/p>\n<p><a title=\"Comiss\u00e3o de \u00c9tica no Uso de Animais\" href=\"\/?page_id=232\">Comiss\u00e3o de \u00c9tica no Uso de Animais<\/a><\/p>\n<p><a href=\"https:\/\/www.forp.usp.br\/?page_id=6147\">Comiss\u00e3o de Gerenciamento do Centro de Pesquisa Cl\u00ednica<\/a><\/p>\n<p><a title=\"Comiss\u00e3o de Gradua\u00e7\u00e3o\" href=\"\/?page_id=235\">Comiss\u00e3o de Gradua\u00e7\u00e3o<\/a><\/p>\n<p><a href=\"https:\/\/www.forp.usp.br\/?page_id=10802\">Comiss\u00e3o de Inclus\u00e3o e Pertencimento<\/a><\/p>\n<p><a title=\"Comiss\u00e3o de Inform\u00e1tica\" href=\"\/?page_id=263\">Comiss\u00e3o de Inform\u00e1tica<\/a><\/p>\n<p><a title=\"Comiss\u00e3o de Pesquisa\" href=\"\/?page_id=238\">Comiss\u00e3o de Pesquisa e Inova\u00e7\u00e3o<\/a><\/p>\n<p><a title=\"Comiss\u00e3o de P\u00f3s-Gradua\u00e7\u00e3o\" href=\"\/?page_id=71\">Comiss\u00e3o de P\u00f3s-Gradua\u00e7\u00e3o<\/a><\/p>\n<p><a href=\"https:\/\/www.forp.usp.br\/?page_id=10085\">Comiss\u00e3o de Primeiros Socorros<\/a><\/p>\n<p><a title=\"Comiss\u00e3o de Coopera\u00e7\u00e3o Nacional e Internacional\" href=\"\/?page_id=245\">Comiss\u00e3o de Coopera\u00e7\u00e3o Nacional e Internacional<\/a><\/p>\n<p><a href=\"https:\/\/www.forp.usp.br\/?page_id=4951\">Comiss\u00e3o Interna de Biosseguran\u00e7a &#8211; CIBio<\/a><\/p>\n<p><a href=\"https:\/\/www.forp.usp.br\/?page_id=7639\">Comiss\u00e3o de Biosseguran\u00e7a para realizar a\u00e7\u00f5es de controle de infec\u00e7\u00e3o nos ambientes cl\u00ednicos da FORP\/USP<\/a><\/p>\n<p><a href=\"https:\/\/www.forp.usp.br\/?page_id=2598\">Comiss\u00e3o para Apurar Den\u00fancias de Discrimina\u00e7\u00e3o, Ass\u00e9dio e Viol\u00eancia contra Mulheres e G\u00eaneros na FORP\/USP<\/a><\/p>\n<p><a title=\"Comit\u00ea de \u00c9tica em Pesquisa\" href=\"\/?page_id=254\">Comit\u00ea de \u00c9tica em Pesquisa<\/a><\/p>\n<p><a title=\"GRTS \u2013 Grupo de Treinamento dos Servidores n\u00e3o Docentes da FORP\/USP\" href=\"\/?page_id=257\">GRTS &#8211; Grupo de Treinamento dos Servidores n\u00e3o Docentes da FORP\/USP<\/a><\/p>\n<p><a title=\"USP Recicla \u2013 FORP\" href=\"\/?page_id=260\">USP Recicla &#8211; FORP<\/a>","protected":false},"excerpt":{"rendered":"<p>CIPA &#8211; Comiss\u00e3o Interna de Preven\u00e7\u00e3o de Acidentes Comiss\u00e3o de Cultura e Extens\u00e3o Universit\u00e1ria Comiss\u00e3o de \u00c9tica no Uso de Animais Comiss\u00e3o de Gerenciamento do Centro de Pesquisa Cl\u00ednica Comiss\u00e3o de Gradua\u00e7\u00e3o Comiss\u00e3o de Inclus\u00e3o e Pertencimento Comiss\u00e3o de Inform\u00e1tica Comiss\u00e3o de Pesquisa e Inova\u00e7\u00e3o Comiss\u00e3o de P\u00f3s-Gradua\u00e7\u00e3o Comiss\u00e3o de Primeiros Socorros Comiss\u00e3o de Coopera\u00e7\u00e3o [&hellip;]<\/p>\n","protected":false},"author":1,"featured_media":0,"parent":20,"menu_order":0,"comment_status":"open","ping_status":"open","template":"","meta":{"footnotes":""},"class_list":["post-56","page","type-page","status-publish","hentry"],"publishpress_future_workflow_manual_trigger":{"enabledWorkflows":[]},"_links":{"self":[{"href":"https:\/\/www.forp.usp.br\/index.php?rest_route=\/wp\/v2\/pages\/56","targetHints":{"allow":["GET"]}}],"collection":[{"href":"https:\/\/www.forp.usp.br\/index.php?rest_route=\/wp\/v2\/pages"}],"about":[{"href":"https:\/\/www.forp.usp.br\/index.php?rest_route=\/wp\/v2\/types\/page"}],"author":[{"embeddable":true,"href":"https:\/\/www.forp.usp.br\/index.php?rest_route=\/wp\/v2\/users\/1"}],"replies":[{"embeddable":true,"href":"https:\/\/www.forp.usp.br\/index.php?rest_route=%2Fwp%2Fv2%2Fcomments&post=56"}],"version-history":[{"count":42,"href":"https:\/\/www.forp.usp.br\/index.php?rest_route=\/wp\/v2\/pages\/56\/revisions"}],"predecessor-version":[{"id":13048,"href":"https:\/\/www.forp.usp.br\/index.php?rest_route=\/wp\/v2\/pages\/56\/revisions\/13048"}],"up":[{"embeddable":true,"href":"https:\/\/www.forp.usp.br\/index.php?rest_route=\/wp\/v2\/pages\/20"}],"wp:attachment":[{"href":"https:\/\/www.forp.usp.br\/index.php?rest_route=%2Fwp%2Fv2%2Fmedia&parent=56"}],"curies":[{"name":"wp","href":"https:\/\/api.w.org\/{rel}","templated":true}]}}