{"id":51,"date":"2014-05-12T15:34:34","date_gmt":"2014-05-12T18:34:34","guid":{"rendered":"https:\/\/www.forp.usp.br\/?page_id=51"},"modified":"2025-05-28T16:43:07","modified_gmt":"2025-05-28T19:43:07","slug":"administracao","status":"publish","type":"page","link":"https:\/\/www.forp.usp.br\/?page_id=51","title":{"rendered":"Administra\u00e7\u00e3o"},"content":{"rendered":"A <a href=\"https:\/\/www.forp.usp.br\/?page_id=87\">Diretoria<\/a> da FORP conta com uma <a href=\"https:\/\/uspdigital.usp.br\/telefonia\/unidadeTelefoneListar?codigoLocal=48&amp;siglaUnidade=FORP&amp;nomeUnidade=Faculdade%20de%20Odontologia%20de%20Ribeir%E3o%20Preto\" target=\"_blank\" rel=\"noopener\">organiza\u00e7\u00e3o administrativa<\/a> para apoio de suas atividades:<\/p>\n<p><a title=\"Assist\u00eancia T\u00e9cnica Acad\u00eamica\" href=\"https:\/\/www.forp.usp.br\/?page_id=92\">Divis\u00e3o Acad\u00eamica<\/a><br \/>\n<a title=\"Assist\u00eancia T\u00e9cnica Administrativa\" href=\"https:\/\/www.forp.usp.br\/?page_id=97\">Assist\u00eancia T\u00e9cnica Administrativa<\/a><br \/>\n<a title=\"Assist\u00eancia T\u00e9cnica Financeira\" href=\"https:\/\/www.forp.usp.br\/?page_id=100\">Assist\u00eancia T\u00e9cnica Financeira<\/a><br \/>\n<a title=\"Se\u00e7\u00e3o de Apoio Acad\u00eamico\" href=\"https:\/\/www.forp.usp.br\/?page_id=106\">Se\u00e7\u00e3o de Apoio Acad\u00eamico<\/a><br \/>\n<a title=\"Se\u00e7\u00e3o de Expediente\" href=\"https:\/\/www.forp.usp.br\/?page_id=127\">Se\u00e7\u00e3o de Apoio Administrativo<\/a><br \/>\n<a title=\"Se\u00e7\u00e3o de Atividades Administrativas\" href=\"https:\/\/www.forp.usp.br\/?page_id=111\">Se\u00e7\u00e3o de Apoio \u00e0s Atividades das Cl\u00ednicas<\/a><br \/>\n<a title=\"Se\u00e7\u00e3o de Apoio Institucional\" href=\"https:\/\/www.forp.usp.br\/?page_id=109\">Se\u00e7\u00e3o de Apoio Institucional<\/a><br \/>\n<a title=\"Se\u00e7\u00e3o de Atividades Operacionais\" href=\"https:\/\/www.forp.usp.br\/?page_id=115\"> Se\u00e7\u00e3o de Atividades Operacionais<\/a><br \/>\n<a title=\"Supervis\u00e3o do Biobanco de Dentes\" href=\"https:\/\/www.forp.usp.br\/?page_id=168\">Se\u00e7\u00e3o de Banco de Dentes<\/a><br \/>\n<a title=\"Se\u00e7\u00e3o de Biosseguran\u00e7a\" href=\"https:\/\/www.forp.usp.br\/?page_id=118\">Se\u00e7\u00e3o de Biosseguran\u00e7a<\/a><br \/>\n<a title=\"Se\u00e7\u00e3o de Contabilidade\" href=\"https:\/\/www.forp.usp.br\/?page_id=121\">Se\u00e7\u00e3o de Contabilidade, Conv\u00eanios e Contratos<\/a><br \/>\n<a title=\"Se\u00e7\u00e3o de Manuten\u00e7\u00e3o e Conserva\u00e7\u00e3o\" href=\"https:\/\/www.forp.usp.br\/?page_id=129\"> Se\u00e7\u00e3o de Manuten\u00e7\u00e3o e Conserva\u00e7\u00e3o<\/a><br \/>\n<a title=\"Se\u00e7\u00e3o de Radiologia e Radioprote\u00e7\u00e3o\" href=\"https:\/\/www.forp.usp.br\/?page_id=139\"> Se\u00e7\u00e3o de Radiologia e Radioprote\u00e7\u00e3o<\/a><br \/>\n<a title=\"Se\u00e7\u00e3o de Servi\u00e7os Gerais\" href=\"https:\/\/www.forp.usp.br\/?page_id=142\">Se\u00e7\u00e3o de Servi\u00e7os Gerais e Vigil\u00e2ncia<\/a><br \/>\n<a title=\"Se\u00e7\u00e3o T\u00e9cnica de Inform\u00e1tica\" href=\"https:\/\/www.forp.usp.br\/?page_id=153\"> Se\u00e7\u00e3o T\u00e9cnica de Inform\u00e1tica<\/a><br \/>\n<a title=\"Servi\u00e7o de Apoio \u00e0s Cl\u00ednicas\" href=\"https:\/\/www.forp.usp.br\/?page_id=162\">Servi\u00e7o de Apoio \u00e0s Cl\u00ednicas<\/a><br \/>\n<a title=\"Servi\u00e7o de Gradua\u00e7\u00e3o\" href=\"https:\/\/www.forp.usp.br\/?page_id=155\"> Servi\u00e7o de Gradua\u00e7\u00e3o<\/a><br \/>\n<a title=\"Se\u00e7\u00e3o de Material\" href=\"https:\/\/www.forp.usp.br\/?page_id=133\">Servi\u00e7o de Material e Tesouraria<\/a><br \/>\n<a title=\"Servi\u00e7o de P\u00f3s-Gradua\u00e7\u00e3o\" href=\"https:\/\/www.forp.usp.br\/?page_id=158\">Servi\u00e7o de P\u00f3s-Gradua\u00e7\u00e3o<\/a><br \/>\n<a title=\"Se\u00e7\u00e3o de Ve\u00edculos\" href=\"https:\/\/www.forp.usp.br\/?page_id=150\">Setor de Transportes<\/a><br \/>\n<a title=\"Supervis\u00e3o de Cl\u00ednicas\" href=\"https:\/\/www.forp.usp.br\/?page_id=165\"> Supervis\u00e3o de Cl\u00ednicas Odontol\u00f3gicas<\/a>","protected":false},"excerpt":{"rendered":"<p>A Diretoria da FORP conta com uma organiza\u00e7\u00e3o administrativa para apoio de suas atividades: Divis\u00e3o Acad\u00eamica Assist\u00eancia T\u00e9cnica Administrativa Assist\u00eancia T\u00e9cnica Financeira Se\u00e7\u00e3o de Apoio Acad\u00eamico Se\u00e7\u00e3o de Apoio Administrativo Se\u00e7\u00e3o de Apoio \u00e0s Atividades das Cl\u00ednicas Se\u00e7\u00e3o de Apoio Institucional Se\u00e7\u00e3o de Atividades Operacionais Se\u00e7\u00e3o de Banco de Dentes Se\u00e7\u00e3o de Biosseguran\u00e7a Se\u00e7\u00e3o de [&hellip;]<\/p>\n","protected":false},"author":1,"featured_media":0,"parent":20,"menu_order":0,"comment_status":"open","ping_status":"open","template":"","meta":{"footnotes":""},"class_list":["post-51","page","type-page","status-publish","hentry"],"publishpress_future_workflow_manual_trigger":{"enabledWorkflows":[]},"_links":{"self":[{"href":"https:\/\/www.forp.usp.br\/index.php?rest_route=\/wp\/v2\/pages\/51","targetHints":{"allow":["GET"]}}],"collection":[{"href":"https:\/\/www.forp.usp.br\/index.php?rest_route=\/wp\/v2\/pages"}],"about":[{"href":"https:\/\/www.forp.usp.br\/index.php?rest_route=\/wp\/v2\/types\/page"}],"author":[{"embeddable":true,"href":"https:\/\/www.forp.usp.br\/index.php?rest_route=\/wp\/v2\/users\/1"}],"replies":[{"embeddable":true,"href":"https:\/\/www.forp.usp.br\/index.php?rest_route=%2Fwp%2Fv2%2Fcomments&post=51"}],"version-history":[{"count":59,"href":"https:\/\/www.forp.usp.br\/index.php?rest_route=\/wp\/v2\/pages\/51\/revisions"}],"predecessor-version":[{"id":12945,"href":"https:\/\/www.forp.usp.br\/index.php?rest_route=\/wp\/v2\/pages\/51\/revisions\/12945"}],"up":[{"embeddable":true,"href":"https:\/\/www.forp.usp.br\/index.php?rest_route=\/wp\/v2\/pages\/20"}],"wp:attachment":[{"href":"https:\/\/www.forp.usp.br\/index.php?rest_route=%2Fwp%2Fv2%2Fmedia&parent=51"}],"curies":[{"name":"wp","href":"https:\/\/api.w.org\/{rel}","templated":true}]}}