{"id":455,"date":"2014-05-29T15:04:00","date_gmt":"2014-05-29T18:04:00","guid":{"rendered":"https:\/\/www.forp.usp.br\/?page_id=455"},"modified":"2024-06-14T15:14:36","modified_gmt":"2024-06-14T18:14:36","slug":"historico","status":"publish","type":"page","link":"https:\/\/www.forp.usp.br\/?page_id=455","title":{"rendered":"Hist\u00f3rico"},"content":{"rendered":"Transcorria o ano de 1924. Ribeir\u00e3o Preto vivia ainda a d\u00e9cada de sua riqueza cafeeira. Estava no auge, como o mais importante centro de cafeicultura mundial. Era a terra dos reis e das rainhas, dos bar\u00f5es e baronesas do caf\u00e9. Vivia, por isso, a opul\u00eancia econ\u00f4mica, financeira e social.<\/p>\n<p>Nesse clima marcante, embora transit\u00f3rio, mais ligado \u00e0 terra que ao esp\u00edrito, um grupo de homens cultos, inteligentes e de grande vis\u00e3o, soube entender que as fortunas materiais e os est\u00e1gios de abastan\u00e7a econ\u00f4mica e financeira podem passar e s\u00e3o f\u00e1tuos, mas que a cultura \u00e9 eterna e a profiss\u00e3o um patrim\u00f4nio inalien\u00e1vel.<\/p>\n<p>Esse grupo de amigos reuniu-se em 1\u00ba de junho daquele ano e fundou a ESCOLA DE PHARM\u00c1CIA E ODONTOLOGIA DE RIBEIR\u00c3O PRETO, tornando-se precursores do ensino universit\u00e1rio na regi\u00e3o da Alta Mogiana &#8211; nordeste do Estado de S\u00e3o Paulo. Em 05 de mar\u00e7o de 1928, \u00e0s v\u00e9speras da formatura da primeira turma de Farmac\u00eauticos e Cirurgi\u00f5es-Dentistas, os dois cursos foram reconhecidos por ato do Ministro da Justi\u00e7a.<\/p>\n<p>At\u00e9 1958 &#8211; 34 anos ininterruptos &#8211; permaneceu em m\u00e3os da Associa\u00e7\u00e3o de Ensino de Ribeir\u00e3o Preto, sua mantenedora, formando profissionais de alto n\u00edvel para todo o Brasil.<\/p>\n<p>Em 06 de dezembro de 1958, pela Lei 5015, foi encapada pelo Governo do Estado de S\u00e3o Paulo e incorporada ao Sistema Estadual de Ensino Superior, na qualidade de Instituto Isolado. Foi seu primeiro Diretor o Prof. Dr. Francisco Degni, decano da Faculdade de Odontologia da USP.<\/p>\n<p>Em 30 de dezembro de 1974, pelo Decreto n\u00ba 5407, ela foi incorporada \u00e0 Universidade de S\u00e3o Paulo, integrando o Campus da USP de Ribeir\u00e3o Preto.<\/p>\n<p>Embora com dois cursos distintos, at\u00e9 1983 continuou sendo uma \u00fanica Faculdade. Em 10 de mar\u00e7o daquele ano, atrav\u00e9s do Decreto n\u00ba 20786, do Governador Jos\u00e9 Maria Marin, ocorreu o seu desmembramento em Faculdade de Ci\u00eancias Farmac\u00eauticas de Ribeir\u00e3o Preto &#8211; USP e Faculdade de Odontologia de Ribeir\u00e3o Preto &#8211; USP.","protected":false},"excerpt":{"rendered":"<p>Transcorria o ano de 1924. Ribeir\u00e3o Preto vivia ainda a d\u00e9cada de sua riqueza cafeeira. Estava no auge, como o mais importante centro de cafeicultura mundial. Era a terra dos reis e das rainhas, dos bar\u00f5es e baronesas do caf\u00e9. Vivia, por isso, a opul\u00eancia econ\u00f4mica, financeira e social. Nesse clima marcante, embora transit\u00f3rio, mais [&hellip;]<\/p>\n","protected":false},"author":1,"featured_media":0,"parent":20,"menu_order":0,"comment_status":"open","ping_status":"open","template":"","meta":{"footnotes":""},"class_list":["post-455","page","type-page","status-publish","hentry"],"publishpress_future_workflow_manual_trigger":{"enabledWorkflows":[]},"_links":{"self":[{"href":"https:\/\/www.forp.usp.br\/index.php?rest_route=\/wp\/v2\/pages\/455","targetHints":{"allow":["GET"]}}],"collection":[{"href":"https:\/\/www.forp.usp.br\/index.php?rest_route=\/wp\/v2\/pages"}],"about":[{"href":"https:\/\/www.forp.usp.br\/index.php?rest_route=\/wp\/v2\/types\/page"}],"author":[{"embeddable":true,"href":"https:\/\/www.forp.usp.br\/index.php?rest_route=\/wp\/v2\/users\/1"}],"replies":[{"embeddable":true,"href":"https:\/\/www.forp.usp.br\/index.php?rest_route=%2Fwp%2Fv2%2Fcomments&post=455"}],"version-history":[{"count":4,"href":"https:\/\/www.forp.usp.br\/index.php?rest_route=\/wp\/v2\/pages\/455\/revisions"}],"predecessor-version":[{"id":11517,"href":"https:\/\/www.forp.usp.br\/index.php?rest_route=\/wp\/v2\/pages\/455\/revisions\/11517"}],"up":[{"embeddable":true,"href":"https:\/\/www.forp.usp.br\/index.php?rest_route=\/wp\/v2\/pages\/20"}],"wp:attachment":[{"href":"https:\/\/www.forp.usp.br\/index.php?rest_route=%2Fwp%2Fv2%2Fmedia&parent=455"}],"curies":[{"name":"wp","href":"https:\/\/api.w.org\/{rel}","templated":true}]}}