{"id":3717,"date":"2018-05-08T18:20:19","date_gmt":"2018-05-08T21:20:19","guid":{"rendered":"https:\/\/www.forp.usp.br\/?page_id=3717"},"modified":"2018-05-17T10:41:41","modified_gmt":"2018-05-17T13:41:41","slug":"informacoes-academicas-e-gerais","status":"publish","type":"page","link":"https:\/\/www.forp.usp.br\/?page_id=3717","title":{"rendered":"Informa\u00e7\u00f5es Acad\u00eamicas e Gerais"},"content":{"rendered":"<h4 class=\"collapseomatic \" id=\"id69ddf1a470ba0\"  tabindex=\"0\" title=\"Abono de Faltas\"    >Abono de Faltas<\/h4><div id=\"target-id69ddf1a470ba0\" class=\"collapseomatic_content \">\n<p style=\"text-align: justify;line-height: 150%;margin: 0cm 0cm 6.0pt 0cm\"><span style=\"color: black\">De acordo com a documenta\u00e7\u00e3o existente na USP, n\u00e3o h\u00e1 amparo legal para o abono de faltas, conforme despacho da\u00a0Pr\u00f3-Reitoria de Gradua\u00e7\u00e3o de 27\/04\/1998, atendendo o decreto Lei Federal n\u00b0 1044, de\u00a021\/10\/1969 e Lei de 6202, de 17\/04\/1975.<\/span><\/p>\n<p style=\"text-align: start;line-height: 150%;margin: 0cm 0cm 6.0pt 0cm\"><span style=\"color: black\">Nos casos de gesta\u00e7\u00e3o, n\u00e3o cabe abono de faltas, mas eventual reposi\u00e7\u00e3o do\u00a0ensino-aprendizagem, dentro das caracter\u00edsticas das disciplinas. Neste caso, a reposi\u00e7\u00e3o das\u00a0atividades de ensino-aprendizagem pode ocorrer por meio de exerc\u00edcios domiciliares e\/ou atividades de recupera\u00e7\u00e3o do aprendizado.<\/span><\/p>\n<p style=\"text-align: start;line-height: 150%;margin: 0cm 0cm 6.0pt 0cm\"><span style=\"color: black\">Conforme portaria da USP GR3740 de 29\/03\/2007, no seu artigo 1\u00ba, o aluno que necessitar de\u00a0afastamento m\u00e9dico das atividades acad\u00eamicas dever\u00e3o ser avaliados por m\u00e9dicos da Unidade\u00a0B\u00e1sica de Sa\u00fade (Campi do Interior) \u2013 SISUSP.<\/span><\/p>\n<\/div>\n<h4 class=\"collapseomatic \" id=\"id69ddf1a470bd2\"  tabindex=\"0\" title=\"Atividades Acad\u00eamicas Complementares (AACs) para Discentes\"    >Atividades Acad\u00eamicas Complementares (AACs) para Discentes<\/h4><div id=\"target-id69ddf1a470bd2\" class=\"collapseomatic_content \">\n<p style=\"text-align: justify;line-height: 150%;margin: 0cm 0cm 6.0pt 0cm\">A Comiss\u00e3o de Gradua\u00e7\u00e3o da Faculdade de Odontologia de Ribeir\u00e3o, em sua 416\u00aa Reuni\u00e3o Ordin\u00e1ria, realizada em 02 de julho de 2015, aprovou rela\u00e7\u00e3o de atividades acad\u00eamicas complementares (AACs) que poder\u00e3o ser solicitadas, pelos alunos, para inclus\u00e3o no hist\u00f3rico escolar.<\/p>\n<p style=\"text-align: start;line-height: 150%;margin: 0cm 0cm 6.0pt 0cm\">As Atividades Acad\u00eamicas Complementares s\u00e3o aquelas atividades que n\u00e3o pertencem \u00e0 grade curricular do curso de Gradua\u00e7\u00e3o, mas que enriquecem o processo de ensino-aprendizagem, privilegiando a complementa\u00e7\u00e3o da forma\u00e7\u00e3o social e profissional, como, por exemplo, participa\u00e7\u00e3o em eventos cient\u00edficos, representa\u00e7\u00e3o em entidades estudantis, est\u00e1gios n\u00e3o-obrigat\u00f3rios, monitorias entre outras.<\/p>\n<p style=\"text-align: start;line-height: 150%;margin: 0cm 0cm 6.0pt 0cm\">Tendo em vista a especificidade de cada um dos cursos de Gradua\u00e7\u00e3o da USP, a Pr\u00f3-Reitoria de Gradua\u00e7\u00e3o estipulou que cada Unidade deveria definir, dentro de uma lista pr\u00e9-definida de AACs, aquelas que seriam aceitas para os alunos do curso. Desta forma, \u00e9 importante ressaltar que o Sistema J\u00fapiter j\u00e1 fornece uma lista de atividades pr\u00e9-definidas, mas os alunos da FORP podem solicitar somente a inclus\u00e3o de atividades relacionadas na Tabela de AACs (link abaixo). Os pedidos de registro que n\u00e3o se enquadrarem nas atividades aprovadas pela CG ser\u00e3o indeferidos pelo Servi\u00e7o de Gradua\u00e7\u00e3o.<\/p>\n<p>&nbsp;<\/p>\n<p style=\"text-align: start;line-height: 150%;margin: 0cm 0cm 6.0pt 0cm\"><a href=\"https:\/\/www.forp.usp.br\/wp-content\/uploads\/2018\/05\/AAC-Discente.pdf\" target=\"_blank\" rel=\"noopener\"><span style=\"color: windowtext\">Tabela ACCs \u2013 Discentes<\/span><\/a><\/p>\n<p>&nbsp;<\/p>\n<p style=\"text-align: start;line-height: 150%;margin: 0cm 0cm 6.0pt 0cm\">O registro das atividades pode ser solicitado em qualquer \u00e9poca do ano e ser\u00e3o analisados por ordem de prioridade, visando atender primeiramente os pedidos dos poss\u00edveis formandos do curso. Tendo em vista a operacionaliza\u00e7\u00e3o do Sistema, a Pr\u00f3-Reitoria de Gradua\u00e7\u00e3o determinou que somente poder\u00e3o ser cadastradas atividades que tenham sido realizadas a partir do ano de 2015.<\/p>\n<p>&nbsp;<\/p>\n<p style=\"text-align: justify;line-height: 150%;margin: 0cm 0cm 6.0pt 0cm\"><b>Como solicitar o registro das AACs<\/b><\/p>\n<p style=\"text-align: start;line-height: 150%;margin: 0cm 0cm 6.0pt 0cm\">A solicita\u00e7\u00e3o do registro da AAC \u00e9 realizada pelo Sistema J\u00fapiter, no item \u201cRequerimento\u201d, op\u00e7\u00e3o \u201cAtividades Acad\u00eamicas Complementares\u201d. Al\u00e9m de descrever a atividade desenvolvida, o aluno deve atribuir carga hor\u00e1ria compat\u00edvel com a determina\u00e7\u00e3o da CG (consultar tabela de AACs) e anexar um arquivo comprobat\u00f3rio da atividade realizada.<\/p>\n<p style=\"text-align: start;line-height: 150%;margin: 0cm 0cm 6.0pt 0cm\">O Servi\u00e7o de Gradua\u00e7\u00e3o da Unidade ir\u00e1 verificar se o requerimento corresponde a uma das AACs aceitas pela Comiss\u00e3o de Gradua\u00e7\u00e3o da FORP (conforme tabela de AACs) e, no caso deste cumprir os requisitos exigidos, encaminhar\u00e1 a solicita\u00e7\u00e3o para an\u00e1lise e delibera\u00e7\u00e3o da Comiss\u00e3o de Gradua\u00e7\u00e3o, que \u00e9 a respons\u00e1vel por definir a quantidade de horas e deferir o pedido. A partir do deferimento, a AAC passar\u00e1 a constar no hist\u00f3rico escolar e no resumo escolar do aluno.<\/p>\n<p style=\"text-align: start;line-height: 150%;margin: 0cm 0cm 6.0pt 0cm\">No link abaixo \u00e9 poss\u00edvel verificar o fluxo de procedimentos que ser\u00e3o utilizados para a an\u00e1lise das AACs.<\/p>\n<p>&nbsp;<\/p>\n<p style=\"text-align: start;line-height: 150%;margin: 0cm 0cm 6.0pt 0cm\"><a href=\"http:\/\/143.107.153.201\/images\/stories\/grad\/fluxoaacs.png\" target=\"_blank\" rel=\"noopener\"><span style=\"color: windowtext\">Fluxo de Procedimentos \u2013 An\u00e1lise AACs<\/span><\/a><\/p>\n<p>&nbsp;<\/p>\n<p style=\"text-align: start;line-height: 150%;margin: 0cm 0cm 6.0pt 0cm\">Para maiores informa\u00e7\u00f5es, entre em contato com a Secretaria da Comiss\u00e3o de Gradua\u00e7\u00e3o (<a href=\"&#x6d;a&#x69;&#108;&#x74;&#111;&#x3a;&#x67;r&#x61;&#100;&#x75;&#97;&#x63;&#97;o&#x40;&#102;&#x6f;&#114;&#x70;&#46;u&#x73;&#112;&#x2e;&#98;&#x72;\"><span style=\"color: windowtext\">gr&#97;&#100;&#117;&#x61;&#x63;&#x61;&#x6f;&#x40;fo&#114;&#112;&#46;&#x75;&#x73;&#x70;&#x2e;&#x62;r<\/span><\/a>).<\/p>\n<\/div>\n<h4 class=\"collapseomatic \" id=\"id69ddf1a470bf3\"  tabindex=\"0\" title=\"E-mail USP e Senha \u00danica\"    >E-mail USP e Senha \u00danica<\/h4><div id=\"target-id69ddf1a470bf3\" class=\"collapseomatic_content \">\n<p style=\"text-align: justify;line-height: 150%;margin: 0cm 0cm 6.0pt 0cm\"><span style=\"color: black\">S\u00e3o as portas de acesso para diversos servi\u00e7os da USP, como a rede sem fio Eduroam, VPN (Virtual Private Network), consulta as bases bibliogr\u00e1ficas e ao Sistema Acad\u00eamico J\u00fapiter. Note que todas as mensagens de interesse acad\u00eamico, tais como informativos, notas e frequ\u00eancias, per\u00edodos para inscri\u00e7\u00e3o de bolsas de estudo, ser\u00e3o enviadas apenas para o seu e-mail institucional @usp.br. Assim, seguem as instru\u00e7\u00f5es adicionais de como obter seu e-mail institucional, sua senha \u00fanica e o acesso ao Sistema J\u00fapiter.<\/span><\/p>\n<p><span style=\"color: black\">Os alunos ingressantes receber\u00e3o e-mail, no endere\u00e7o eletr\u00f4nico cadastrado no momento de inscri\u00e7\u00e3o no Vestibular, com as orienta\u00e7\u00f5es para cadastro da senha e cria\u00e7\u00e3o do e-mail USP. <\/span><\/p>\n<p style=\"text-align: start;margin: 0cm 0cm 6.0pt 0cm\"><span style=\"color: black\">\u00a0<\/span><\/p>\n<p style=\"text-align: start;line-height: 150%;margin: 0cm 0cm 6.0pt 0cm\"><strong><span style=\"color: black\">Cria\u00e7\u00e3o da Senha \u00danica<\/span><\/strong><\/p>\n<p style=\"text-align: start;line-height: 150%;margin: 0cm 0cm 6.0pt 0cm\"><span style=\"color: black\">Acesse o endere\u00e7o\u00a0<a href=\"http:\/\/id.usp.br\/\"><span style=\"color: #4e5869\">http:\/\/id.usp.br<\/span><\/a>, em \u201cPrimeiro Acesso\u201d, informe seu N\u00famero USP, o e-mail alternativo e siga os passos de valida\u00e7\u00e3o para criar sua senha \u00fanica. Se voc\u00ea mudou seu e-mail ap\u00f3s sua inscri\u00e7\u00e3o no vestibular ou no processo seletivo, dirija-se ao Servi\u00e7o de Gradua\u00e7\u00e3o da FORP para cadastrar um novo e-mail que dever\u00e1 ser utilizado na cria\u00e7\u00e3o de sua senha \u00fanica.<\/span><\/p>\n<p style=\"text-align: start;line-height: 150%;margin: 0cm 0cm 6.0pt 0cm\"><span style=\"color: black\">\u00a0<\/span><\/p>\n<p style=\"text-align: start;line-height: 150%;margin: 0cm 0cm 6.0pt 0cm\"><strong><span style=\"color: black\">Cria\u00e7\u00e3o do e-mail Institucional<\/span><\/strong><\/p>\n<p style=\"text-align: start;line-height: 150%;margin: 0cm 0cm 6.0pt 0cm\"><span style=\"color: black\">Entre novamente em\u00a0<a href=\"http:\/\/id.usp.br\/\"><span style=\"color: #4e5869\">http:\/\/id.usp.br<\/span><\/a>\u00a0utilize o bot\u00e3o \u201cAutenticar\u201d com sua senha \u00fanica para criar seu e-mail @usp.br. Ap\u00f3s a cria\u00e7\u00e3o do e-mail institucional, o acesso deve ser realizado por meio do endere\u00e7o\u00a0<a href=\"http:\/\/email.usp.br\/\"><span style=\"color: #4e5869\">http:\/\/email.usp.br<\/span><\/a>.<\/span><\/p>\n<p style=\"text-align: start;line-height: 150%;margin: 0cm 0cm 6.0pt 0cm\"><span style=\"color: black\">\u00a0<\/span><\/p>\n<p style=\"text-align: start;line-height: 150%;margin: 0cm 0cm 6.0pt 0cm\"><strong><span style=\"color: black\">Acesso ao Sistema J\u00fapiter<\/span><\/strong><\/p>\n<p style=\"text-align: start;line-height: 150%;margin: 0cm 0cm 6.0pt 0cm\"><span style=\"color: black\">Ap\u00f3s a cria\u00e7\u00e3o da senha \u00fanica, voc\u00ea poder\u00e1 acessar o sistema J\u00fapiter dispon\u00edvel em:\u00a0<a href=\"http:\/\/uspdigital.usp.br\/\"><span style=\"color: #4e5869\">http:\/\/uspdigital.usp.br<\/span><\/a>. Em caso de problemas entre em contato pelo e-mail:\u00a0<a href=\"&#109;&#x61;i&#108;&#x74;o&#58;&#x73;u&#x70;&#x6f;&#114;&#x74;e&#103;&#x72;a&#100;&#x40;u&#x73;&#x70;&#46;&#x62;&#x72;\"><span style=\"color: #4e5869\">&#115;&#x75;&#112;&#x6f;&#114;&#x74;&#101;&#x67;r&#x61;d&#x40;u&#x73;p&#46;&#x62;&#114;<\/span><\/a>.<\/span><\/p>\n<\/div>\n<h4 class=\"collapseomatic \" id=\"id69ddf1a470c0c\"  tabindex=\"0\" title=\"Manual de Informa\u00e7\u00f5es Acad\u00eamicas da USP\"    >Manual de Informa\u00e7\u00f5es Acad\u00eamicas da USP<\/h4><div id=\"target-id69ddf1a470c0c\" class=\"collapseomatic_content \">\n<p style=\"text-align: justify;line-height: 150%;margin: 0cm 0cm 6.0pt 0cm\">Para acessar o Manual de Informa\u00e7\u00f5es Acad\u00eamicas da USP, clique <a href=\"http:\/\/www.prg.usp.br\/wp-content\/uploads\/informacoes_academicas_graduacao.pdf\" target=\"_blank\" rel=\"noopener\">aqui<\/a>.<\/p>\n<\/div>\n<h4 class=\"collapseomatic \" id=\"id69ddf1a470c27\"  tabindex=\"0\" title=\"Sala Pr\u00f3-Aluno\"    >Sala Pr\u00f3-Aluno<\/h4><div id=\"target-id69ddf1a470c27\" class=\"collapseomatic_content \">\n<p style=\"text-align: justify;line-height: 150%;margin: 0cm 0cm 6.0pt 0cm\"><span style=\"color: black\">Criado pela Pr\u00f3-Reitoria de Gradua\u00e7\u00e3o, esse projeto tem como objetivo dar subs\u00eddios para ampliar o contato dos alunos de nossa Universidade com a inform\u00e1tica, de forma a melhor prepar\u00e1-los, nesse aspecto, para sua vida profissional futura.<\/span><\/p>\n<p style=\"text-align: start;line-height: 150%;margin: 0cm 0cm 6.0pt 0cm\"><span style=\"color: black\">A Sala Pr\u00f3-Aluno possibilita o uso gratuito de microcomputadores ligados em rede, equipados com softwares de edi\u00e7\u00e3o e impressoras para realiza\u00e7\u00e3o dos trabalhos acad\u00eamicos.\u00a0Atualmente, a Sala Pr\u00f3-Aluno da FORP conta com 13 (treze) computadores e \u00e9 destina exclusivamente aos alunos de gradua\u00e7\u00e3o da Unidade.<\/span><\/p>\n<p style=\"text-align: start;line-height: 150%;margin: 0cm 0cm 6.0pt 0cm\"><span style=\"color: black\">A sala disp\u00f5e, ainda, de\u00a0grupo de monitores, alunos do\u00a0<i>Campus\u00a0<\/i>de Ribeir\u00e3o Preto, selecionados anualmente, que se revezam durante o hor\u00e1rio de funcionamento da sala para esclarecimento de d\u00favidas e orienta\u00e7\u00e3o aos usu\u00e1rios. Os monitores s\u00e3o supervisionados pela Comiss\u00e3o de Gradua\u00e7\u00e3o (Encarregado &#8211; Servi\u00e7o de Gradua\u00e7\u00e3o).<\/span><\/p>\n<p style=\"margin-top: 0cm;text-align: start;line-height: 150%\"><span style=\"color: black\">\u00a0<\/span><\/p>\n<p style=\"text-align: justify;line-height: 150%;margin: 0cm 0cm 6.0pt 0cm\"><b><span style=\"color: black\">Localiza\u00e7\u00e3o:<\/span><\/b><\/p>\n<p style=\"text-align: start;line-height: 150%;margin: 0cm 0cm 6.0pt 0cm\"><span style=\"color: black\">Bloco L \u2013 Prof. Dr. Ruy B. Roselino<\/span><\/p>\n<p style=\"text-align: justify;line-height: 150%;margin: 0cm 0cm 6.0pt 0cm\"><span style=\"color: black\">\u00a0<\/span><\/p>\n<p style=\"text-align: start;line-height: 150%;margin: 0cm 0cm 6.0pt 0cm\"><b><span style=\"color: black\">Hor\u00e1rio de funcionamento:\u00a0<\/span><\/b><\/p>\n<p style=\"text-align: start;line-height: 150%;margin: 0cm 0cm 6.0pt 0cm\"><span style=\"color: black\">De segunda \u00e0 sexta-feira, das 8h \u00e0s 18h.<\/span><\/p>\n<p style=\"text-align: justify;line-height: 150%;margin: 0cm 0cm 6.0pt 0cm\"><span style=\"color: black\">\u00a0<\/span><\/p>\n<p style=\"text-align: start;line-height: 150%;margin: 0cm 0cm 6.0pt 0cm\"><b><span style=\"color: black\">Processo Seletivo de Monitores<\/span><\/b><\/p>\n<p style=\"text-align: start;line-height: 150%;margin: 0cm 0cm 6.0pt 0cm\"><span style=\"color: black\"><a href=\"https:\/\/www.forp.usp.br\/wp-content\/uploads\/2017\/07\/Pr%C3%B3-Aluno-Edital-CG-2017.pdf\" target=\"_blank\" rel=\"noopener\"><span style=\"color: windowtext;text-decoration: none\">Edital CG 01\/2017<\/span><\/a><\/span><\/p>\n<p style=\"text-align: start;line-height: 150%;margin: 0cm 0cm 6.0pt 0cm\"><span style=\"color: black\"><a href=\"https:\/\/www.forp.usp.br\/wp-content\/uploads\/2017\/07\/Ficha-de-Inscri%C3%A7%C3%A3o-Pr%C3%B3-Aluno-FORP-2017.doc\"><span style=\"color: windowtext;text-decoration: none\">Formul\u00e1rio de Inscri\u00e7\u00e3o \u2013 2017<\/span><\/a><\/span><\/p>\n<p style=\"text-align: start;line-height: 150%;margin: 0cm 0cm 6.0pt 0cm\"><span style=\"color: black\"><a href=\"https:\/\/www.forp.usp.br\/wp-content\/uploads\/2017\/07\/Resultado-Pr%C3%B3-Aluno-2017.pdf\" target=\"_blank\" rel=\"noopener\"><span style=\"color: windowtext;text-decoration: none\">Resultado Pr\u00f3-Aluno \u2013 2017<\/span><\/a><\/span><\/p>\n<p style=\"margin-top: 0cm;text-align: start;line-height: 150%\"><span style=\"color: black\">\u00a0<\/span><\/p>\n<p style=\"text-align: start;line-height: 150%;margin: 0cm 0cm 6.0pt 0cm\"><span style=\"color: black\">Em caso de d\u00favidas ou para maiores esclarecimentos, favor entrar em contato com &#x67;&#x72;&#97;&#100;u&#x61;&#x63;&#x61;&#111;&#64;f&#x6f;&#x72;&#x70;&#46;&#117;s&#x70;&#x2e;&#x62;&#114;.<\/span><\/p>\n<\/div>\n<h4 class=\"collapseomatic \" id=\"id69ddf1a470c43\"  tabindex=\"0\" title=\"Trancamento de Matr\u00edcula\"    >Trancamento de Matr\u00edcula<\/h4><div id=\"target-id69ddf1a470c43\" class=\"collapseomatic_content \">\n<p>Trancamento de matr\u00edcula \u00e9 a interrup\u00e7\u00e3o parcial ou total das atividades escolares, a pedido do aluno (Art. 74 do Regimento Geral da USP).<\/p>\n<p>&nbsp;<\/p>\n<p><strong>Trancamento Parcial<\/strong><\/p>\n<p>Entende-se por trancamento parcial de matr\u00edcula a interrup\u00e7\u00e3o das atividades escolares em uma ou mais disciplinas. A solicita\u00e7\u00e3o de trancamento parcial de matr\u00edcula dever\u00e1 ser feita pelo aluno, junto ao Servi\u00e7o de Gradua\u00e7\u00e3o, obedecendo-se as datas fixadas no Calend\u00e1rio de Atividades da FORP.<\/p>\n<p>Ser\u00e1 concedido o trancamento parcial em uma ou mais disciplinas desde que o n\u00famero de cr\u00e9ditos-aula restante na matr\u00edcula do aluno n\u00e3o seja inferior a 12 (doze), conforme estabelecido nas Resolu\u00e7\u00f5es CoG n\u00b0 3761\/90 e 4744\/00.<\/p>\n<p>&nbsp;<\/p>\n<p><strong>Trancamento Total<\/strong><\/p>\n<p>Entende-se por trancamento total de matr\u00edcula a interrup\u00e7\u00e3o das atividades escolares em todas as disciplinas em que o aluno estiver matriculado. Mediante requerimento indicando e comprovando os motivos que o impedem de prosseguir suas atividades escolares, o aluno poder\u00e1 solicitar o trancamento total de matr\u00edcula em qualquer \u00e9poca do ano. Se a solicita\u00e7\u00e3o for feita durante o transcurso do per\u00edodo letivo, o trancamento total n\u00e3o poder\u00e1 ser autorizado se o aluno n\u00e3o estiver regularmente matriculado ou se j\u00e1 se encontrar reprovado por faltas em disciplinas cuja soma de cr\u00e9ditos ultrapasse 25% (vinte e cinco por cento) do total de cr\u00e9ditos de sua matr\u00edcula no correspondente per\u00edodo letivo.<\/p>\n<p>A soma dos per\u00edodos de trancamento total de matr\u00edcula do aluno n\u00e3o poder\u00e1 exceder a tr\u00eas anos, nas seguintes condi\u00e7\u00f5es: A)\u00a0At\u00e9 dois anos, sem necessidade de justificativa; B) Ap\u00f3s esse per\u00edodo, at\u00e9 mais um ano, quando a solicita\u00e7\u00e3o for devidamente justificada, a crit\u00e9rio da Comiss\u00e3o de Gradua\u00e7\u00e3o.<\/p>\n<p>N\u00e3o ultrapassado este prazo, o aluno ter\u00e1 o direito de retornar em sua pr\u00f3pria vaga, devendo submeter-se \u00e0s adapta\u00e7\u00f5es curriculares julgadas necess\u00e1rias pela CG. N\u00e3o \u00e9 permitido o trancamento total de matr\u00edcula ao aluno que n\u00e3o tenha obtido pelo menos vinte e quatro cr\u00e9ditos em seu curr\u00edculo, ressalvados os casos excepcionais, que ser\u00e3o julgados pela CG.<\/p>\n<p>O per\u00edodo em que o aluno estiver legalmente afastado, em virtude de trancamento total de matr\u00edcula, n\u00e3o ser\u00e1 computado nos c\u00e1lculos relativos ao cancelamento de matr\u00edcula (Resolu\u00e7\u00f5es CoG 3761\/90 e 4811\/00).<\/p>\n<\/div>\n<h4 class=\"collapseomatic \" id=\"id69ddf1a470c5a\"  tabindex=\"0\" title=\"Perguntas Frequentes\"    >Perguntas Frequentes<\/h4><div id=\"target-id69ddf1a470c5a\" class=\"collapseomatic_content \">\n<\/div>","protected":false},"excerpt":{"rendered":"","protected":false},"author":15,"featured_media":0,"parent":69,"menu_order":0,"comment_status":"closed","ping_status":"closed","template":"","meta":{"footnotes":""},"class_list":["post-3717","page","type-page","status-publish","hentry"],"publishpress_future_workflow_manual_trigger":{"enabledWorkflows":[]},"_links":{"self":[{"href":"https:\/\/www.forp.usp.br\/index.php?rest_route=\/wp\/v2\/pages\/3717","targetHints":{"allow":["GET"]}}],"collection":[{"href":"https:\/\/www.forp.usp.br\/index.php?rest_route=\/wp\/v2\/pages"}],"about":[{"href":"https:\/\/www.forp.usp.br\/index.php?rest_route=\/wp\/v2\/types\/page"}],"author":[{"embeddable":true,"href":"https:\/\/www.forp.usp.br\/index.php?rest_route=\/wp\/v2\/users\/15"}],"replies":[{"embeddable":true,"href":"https:\/\/www.forp.usp.br\/index.php?rest_route=%2Fwp%2Fv2%2Fcomments&post=3717"}],"version-history":[{"count":29,"href":"https:\/\/www.forp.usp.br\/index.php?rest_route=\/wp\/v2\/pages\/3717\/revisions"}],"predecessor-version":[{"id":3912,"href":"https:\/\/www.forp.usp.br\/index.php?rest_route=\/wp\/v2\/pages\/3717\/revisions\/3912"}],"up":[{"embeddable":true,"href":"https:\/\/www.forp.usp.br\/index.php?rest_route=\/wp\/v2\/pages\/69"}],"wp:attachment":[{"href":"https:\/\/www.forp.usp.br\/index.php?rest_route=%2Fwp%2Fv2%2Fmedia&parent=3717"}],"curies":[{"name":"wp","href":"https:\/\/api.w.org\/{rel}","templated":true}]}}