{"id":367,"date":"2014-05-23T12:04:25","date_gmt":"2014-05-23T15:04:25","guid":{"rendered":"https:\/\/www.forp.usp.br\/?page_id=367"},"modified":"2023-06-28T15:13:28","modified_gmt":"2023-06-28T18:13:28","slug":"ouvidoria","status":"publish","type":"page","link":"https:\/\/www.forp.usp.br\/?page_id=367","title":{"rendered":"Ouvidoria"},"content":{"rendered":"A Ouvidoria \u00e9 um servi\u00e7o de atendimento a quest\u00f5es envolvendo informa\u00e7\u00f5es, reclama\u00e7\u00f5es, cr\u00edticas e sugest\u00f5es de natureza administrativa a respeito da Faculdade de Odontologia de Ribeir\u00e3o Preto da Universidade de S\u00e3o Paulo.<\/p>\n<p>Na FORP\/USP, a Profa. Dra. Alexandra Mussolino de Queiroz est\u00e1 designada ouvidora, para promover a interliga\u00e7\u00e3o desta Unidade com a Ouvidoria de Servi\u00e7os P\u00fablicos junto \u00e0 Universidade de S\u00e3o Paulo, conforme Portaria 052\/2020 datado de 14 de dezembro 2020.<\/p>\n<p>Ouvidoria na Universidade de S\u00e3o Paulo<br \/>\nConhe\u00e7a a Resolu\u00e7\u00e3o USP-4.827 datada de 29 de mar\u00e7o de 2001 que instituiu a Ouvidoria de Servi\u00e7os P\u00fablicos da Universidade de S\u00e3o Paulo.<\/p>\n<p>A Ouvidoria Geral da USP de S\u00e3o Paulo e de suas unidades determina que o\u00a0registro de uma manifesta\u00e7\u00e3o (reclama\u00e7\u00e3o, den\u00fancia, sugest\u00e3o e\/ou elogio) deve vir sempre por escrito, com identifica\u00e7\u00e3o do remetente,\u00a0cujo sigilo ser\u00e1 garantido se assim for solicitado.<\/p>\n<p>Desta forma, as manifesta\u00e7\u00f5es referentes a FORP\u00a0 devem ser preenchidos EXCLUSIVAMENTE pelo formul\u00e1rio no site da Ouvidoria Geral da USP. O seu acesso \u00e9 feito atrav\u00e9s do link <a href=\"https:\/\/www5.usp.br\/ouvidoria\/\">https:\/\/www5.usp.br\/ouvidoria\/<\/a>, em REGISTRE SUA MANIFESTA\u00c7\u00c3O.<\/p>","protected":false},"excerpt":{"rendered":"<p>A Ouvidoria \u00e9 um servi\u00e7o de atendimento a quest\u00f5es envolvendo informa\u00e7\u00f5es, reclama\u00e7\u00f5es, cr\u00edticas e sugest\u00f5es de natureza administrativa a respeito da Faculdade de Odontologia de Ribeir\u00e3o Preto da Universidade de S\u00e3o Paulo. Na FORP\/USP, a Profa. Dra. Alexandra Mussolino de Queiroz est\u00e1 designada ouvidora, para promover a interliga\u00e7\u00e3o desta Unidade com a Ouvidoria de Servi\u00e7os [&hellip;]<\/p>\n","protected":false},"author":1,"featured_media":0,"parent":33,"menu_order":0,"comment_status":"open","ping_status":"open","template":"","meta":{"footnotes":""},"class_list":["post-367","page","type-page","status-publish","hentry"],"publishpress_future_workflow_manual_trigger":{"enabledWorkflows":[]},"_links":{"self":[{"href":"https:\/\/www.forp.usp.br\/index.php?rest_route=\/wp\/v2\/pages\/367","targetHints":{"allow":["GET"]}}],"collection":[{"href":"https:\/\/www.forp.usp.br\/index.php?rest_route=\/wp\/v2\/pages"}],"about":[{"href":"https:\/\/www.forp.usp.br\/index.php?rest_route=\/wp\/v2\/types\/page"}],"author":[{"embeddable":true,"href":"https:\/\/www.forp.usp.br\/index.php?rest_route=\/wp\/v2\/users\/1"}],"replies":[{"embeddable":true,"href":"https:\/\/www.forp.usp.br\/index.php?rest_route=%2Fwp%2Fv2%2Fcomments&post=367"}],"version-history":[{"count":12,"href":"https:\/\/www.forp.usp.br\/index.php?rest_route=\/wp\/v2\/pages\/367\/revisions"}],"predecessor-version":[{"id":10492,"href":"https:\/\/www.forp.usp.br\/index.php?rest_route=\/wp\/v2\/pages\/367\/revisions\/10492"}],"up":[{"embeddable":true,"href":"https:\/\/www.forp.usp.br\/index.php?rest_route=\/wp\/v2\/pages\/33"}],"wp:attachment":[{"href":"https:\/\/www.forp.usp.br\/index.php?rest_route=%2Fwp%2Fv2%2Fmedia&parent=367"}],"curies":[{"name":"wp","href":"https:\/\/api.w.org\/{rel}","templated":true}]}}