{"id":3615,"date":"2018-03-27T17:23:10","date_gmt":"2018-03-27T20:23:10","guid":{"rendered":"https:\/\/www.forp.usp.br\/?page_id=3615"},"modified":"2018-05-16T09:16:06","modified_gmt":"2018-05-16T12:16:06","slug":"curso-de-odontologia","status":"publish","type":"page","link":"https:\/\/www.forp.usp.br\/?page_id=3615","title":{"rendered":"Curso de Odontologia"},"content":{"rendered":"<p style=\"text-align: justify;line-height: 150%;margin: 0cm 0cm 6.0pt 0cm\">A Faculdade de Odontologia de Ribeir\u00e3o Preto tem por miss\u00e3o <em>\u201cformar cirurgi\u00f5es-dentistas de excel\u00eancia, produzir conhecimentos decorrentes de investiga\u00e7\u00e3o cient\u00edfica, qualificar recursos humanos em Odontologia e prestar servi\u00e7os \u00e0 comunidade visando atender os desafios apresentados pela sociedade\u201d<\/em>. Sendo assim, busca-se uma forma\u00e7\u00e3o com s\u00f3lida capacita\u00e7\u00e3o generalista, humanista, cr\u00edtica e reflexiva, pautada em princ\u00edpios \u00e9ticos, human\u00edsticos, legais e sociais na compreens\u00e3o da realidade socioecon\u00f4mica e cultural do seu meio, de tal forma a transformar a realidade em benef\u00edcio da sociedade. Para viabilizar o perfil apresentado, a forma\u00e7\u00e3o de excel\u00eancia \u00e9 feita articulando-se o ensino baseado em evid\u00eancias com o atendimento da comunidade e ado\u00e7\u00e3o de metodologias ativas, em um ambiente \u00e9tico e integrado com a realidade social visando a sa\u00fade geral da popula\u00e7\u00e3o.<\/p>\n<p>&nbsp;<\/p>\n<p style=\"text-align: justify;line-height: 150%;margin: 0cm 0cm 6.0pt 0cm\"><strong>S\u00edntese do Curso:<\/strong><\/p>\n<p style=\"text-align: justify;line-height: 150%;margin: 0cm 0cm 6.0pt 0cm\">N\u00famero de Vagas: 80 vagas<\/p>\n<p style=\"text-align: justify;line-height: 150%;margin: 0cm 0cm 6.0pt 0cm\">Per\u00edodo: Integral<\/p>\n<p style=\"text-align: justify;line-height: 150%;margin: 0cm 0cm 6.0pt 0cm\">Dura\u00e7\u00e3o: 5 anos (10 semestres)<\/p>\n<p style=\"text-align: justify;line-height: 150%;margin: 0cm 0cm 6.0pt 0cm\">Reconhecimento do Curso: Portaria CEE\/GP n\u00b0 289, de 01\/07\/2014.<\/p>\n<p>&nbsp;<\/p>\n<p>&nbsp;<\/p>\n<div>\n<p><a href=\"https:\/\/uspdigital.usp.br\/jupiterweb\/listarGradeCurricular?codcg=58&amp;codcur=58012&amp;codhab=0&amp;tipo=N\" target=\"_blank\" rel=\"noopener\">Estrutura Curricular<\/a><\/p>\n<p>&nbsp;<\/p>\n<p><a href=\"https:\/\/www.forp.usp.br\/wp-content\/uploads\/2018\/03\/PPP2017.pdf\" target=\"_blank\" rel=\"noopener\">Projeto Pol\u00edtico Pedag\u00f3gico<\/a><\/p>\n<\/div>\n<p>&nbsp;<\/p>\n<p>&nbsp;<\/p>\n<p>&nbsp;","protected":false},"excerpt":{"rendered":"<p>A Faculdade de Odontologia de Ribeir\u00e3o Preto tem por miss\u00e3o \u201cformar cirurgi\u00f5es-dentistas de excel\u00eancia, produzir conhecimentos decorrentes de investiga\u00e7\u00e3o cient\u00edfica, qualificar recursos humanos em Odontologia e prestar servi\u00e7os \u00e0 comunidade visando atender os desafios apresentados pela sociedade\u201d. Sendo assim, busca-se uma forma\u00e7\u00e3o com s\u00f3lida capacita\u00e7\u00e3o generalista, humanista, cr\u00edtica e reflexiva, pautada em princ\u00edpios \u00e9ticos, human\u00edsticos, [&hellip;]<\/p>\n","protected":false},"author":15,"featured_media":0,"parent":69,"menu_order":0,"comment_status":"closed","ping_status":"closed","template":"","meta":{"footnotes":""},"class_list":["post-3615","page","type-page","status-publish","hentry"],"publishpress_future_workflow_manual_trigger":{"enabledWorkflows":[]},"_links":{"self":[{"href":"https:\/\/www.forp.usp.br\/index.php?rest_route=\/wp\/v2\/pages\/3615","targetHints":{"allow":["GET"]}}],"collection":[{"href":"https:\/\/www.forp.usp.br\/index.php?rest_route=\/wp\/v2\/pages"}],"about":[{"href":"https:\/\/www.forp.usp.br\/index.php?rest_route=\/wp\/v2\/types\/page"}],"author":[{"embeddable":true,"href":"https:\/\/www.forp.usp.br\/index.php?rest_route=\/wp\/v2\/users\/15"}],"replies":[{"embeddable":true,"href":"https:\/\/www.forp.usp.br\/index.php?rest_route=%2Fwp%2Fv2%2Fcomments&post=3615"}],"version-history":[{"count":16,"href":"https:\/\/www.forp.usp.br\/index.php?rest_route=\/wp\/v2\/pages\/3615\/revisions"}],"predecessor-version":[{"id":3767,"href":"https:\/\/www.forp.usp.br\/index.php?rest_route=\/wp\/v2\/pages\/3615\/revisions\/3767"}],"up":[{"embeddable":true,"href":"https:\/\/www.forp.usp.br\/index.php?rest_route=\/wp\/v2\/pages\/69"}],"wp:attachment":[{"href":"https:\/\/www.forp.usp.br\/index.php?rest_route=%2Fwp%2Fv2%2Fmedia&parent=3615"}],"curies":[{"name":"wp","href":"https:\/\/api.w.org\/{rel}","templated":true}]}}