{"id":328,"date":"2014-05-16T14:38:17","date_gmt":"2014-05-16T17:38:17","guid":{"rendered":"https:\/\/www.forp.usp.br\/?page_id=328"},"modified":"2021-01-15T11:10:02","modified_gmt":"2021-01-15T14:10:02","slug":"publicacoes","status":"publish","type":"page","link":"https:\/\/www.forp.usp.br\/?page_id=328","title":{"rendered":"Publica\u00e7\u00f5es"},"content":{"rendered":"<strong>Revista Brasileira de Teleodontologia<\/strong><br \/>\nA Revista Brasileira de Teleodotologia (RBT) visa contribuir com a Educa\u00e7\u00e3o em Odontologia. O principal objetivo \u00e9 incrementar a divulga\u00e7\u00e3o dos conhecimentos t\u00e9cnicos e cient\u00edficos embasadores da melhoria da qualidade do Ensino a Dist\u00e2ncia (EaD) fomentando F\u00f3rum de Discuss\u00e3o sobre o Diagn\u00f3stico, o Planejamento, o Progn\u00f3stico e o Tratamento, na \u00e1rea da Sa\u00fade Bucal.<\/p>\n<p><strong>Brazilian Dental Journal<\/strong><br \/>\nA <a href=\"http:\/\/www.scielo.br\/scielo.php?script=sci_serial&amp;pid=0103-6440&amp;lng=pt&amp;nrm=iso\" target=\"_blank\" rel=\"noopener noreferrer\">Brazilian Dental Journal <\/a>publica (em Ingl\u00eas) artigos completos, comunica\u00e7\u00f5es r\u00e1pidas e relatos de casos, relacionados a assuntos de Odontologia ou disciplinas correlatas.<\/p>\n<p><a href=\"https:\/\/www.forp.usp.br\/?page_id=7732\"><strong>Anais da Faculdade de Odontologia de Ribeir\u00e3o Preto<\/strong><\/a><br \/>\nOs Anais da Faculdade de Odontologia de Ribeir\u00e3o Preto s\u00e3o uma publica\u00e7\u00e3o semestral, contendo os artigos apresentados no Congresso Interno de Pesquisa e na Jornada Odontol\u00f3gica de Ribeir\u00e3o Preto.<\/p>\n<p><strong>Livro &#8220;FORP: 90 Anos de Hist\u00f3ria&#8221;<\/strong><br \/>\n<a href=\"https:\/\/www.forp.usp.br\/wp-content\/uploads\/2016\/06\/livro90anos.pdf\" target=\"_blank\" rel=\"noopener noreferrer\">Cique aqui<\/a> para visualizar este livro, que retrata a hist\u00f3ria de luta, perseveran\u00e7a e dinamismo de in\u00fameras pessoas que nestes 90 anos dedicaram parte de suas vidas ao ensino e \u00e0 administra\u00e7\u00e3o, inicialmente da Escola de Farm\u00e1cia e Odontologia (FOF) e, posteriormente da Faculdade de Odontologia de Ribeir\u00e3o Preto (FORP).","protected":false},"excerpt":{"rendered":"<p>Revista Brasileira de Teleodontologia A Revista Brasileira de Teleodotologia (RBT) visa contribuir com a Educa\u00e7\u00e3o em Odontologia. O principal objetivo \u00e9 incrementar a divulga\u00e7\u00e3o dos conhecimentos t\u00e9cnicos e cient\u00edficos embasadores da melhoria da qualidade do Ensino a Dist\u00e2ncia (EaD) fomentando F\u00f3rum de Discuss\u00e3o sobre o Diagn\u00f3stico, o Planejamento, o Progn\u00f3stico e o Tratamento, na \u00e1rea [&hellip;]<\/p>\n","protected":false},"author":1,"featured_media":0,"parent":27,"menu_order":0,"comment_status":"open","ping_status":"open","template":"","meta":{"footnotes":""},"class_list":["post-328","page","type-page","status-publish","hentry"],"publishpress_future_workflow_manual_trigger":{"enabledWorkflows":[]},"_links":{"self":[{"href":"https:\/\/www.forp.usp.br\/index.php?rest_route=\/wp\/v2\/pages\/328","targetHints":{"allow":["GET"]}}],"collection":[{"href":"https:\/\/www.forp.usp.br\/index.php?rest_route=\/wp\/v2\/pages"}],"about":[{"href":"https:\/\/www.forp.usp.br\/index.php?rest_route=\/wp\/v2\/types\/page"}],"author":[{"embeddable":true,"href":"https:\/\/www.forp.usp.br\/index.php?rest_route=\/wp\/v2\/users\/1"}],"replies":[{"embeddable":true,"href":"https:\/\/www.forp.usp.br\/index.php?rest_route=%2Fwp%2Fv2%2Fcomments&post=328"}],"version-history":[{"count":7,"href":"https:\/\/www.forp.usp.br\/index.php?rest_route=\/wp\/v2\/pages\/328\/revisions"}],"predecessor-version":[{"id":7734,"href":"https:\/\/www.forp.usp.br\/index.php?rest_route=\/wp\/v2\/pages\/328\/revisions\/7734"}],"up":[{"embeddable":true,"href":"https:\/\/www.forp.usp.br\/index.php?rest_route=\/wp\/v2\/pages\/27"}],"wp:attachment":[{"href":"https:\/\/www.forp.usp.br\/index.php?rest_route=%2Fwp%2Fv2%2Fmedia&parent=328"}],"curies":[{"name":"wp","href":"https:\/\/api.w.org\/{rel}","templated":true}]}}