{"id":295,"date":"2014-05-15T15:07:30","date_gmt":"2014-05-15T18:07:30","guid":{"rendered":"https:\/\/www.forp.usp.br\/?page_id=295"},"modified":"2025-12-15T10:42:21","modified_gmt":"2025-12-15T13:42:21","slug":"departamento-de-odontologia-restauradora-dor","status":"publish","type":"page","link":"https:\/\/www.forp.usp.br\/?page_id=295","title":{"rendered":"Departamento de Odontologia Restauradora &#8211; DOR"},"content":{"rendered":"<h3>Gradua\u00e7\u00e3o<\/h3>\n<p>Est\u00e3o vinculadas ao Departamento as seguintes disciplinas:<\/p>\n<ul>\n<li>Biosseguran\u00e7a<\/li>\n<li>Dent\u00edstica Pr\u00e9 &#8211; Cl\u00ednica<\/li>\n<li>Dent\u00edstica I, II e III<\/li>\n<li>Dent\u00edstica Avan\u00e7ada<\/li>\n<li>Oclus\u00e3o<\/li>\n<li>Disfun\u00e7\u00e3o Temporomandibular e Dor Orofacial<\/li>\n<li>No\u00e7\u00f5es de Harmoniza\u00e7\u00e3o Orofacial, Odontologia do Trabalho e do Esporte<\/li>\n<li>Endodontia I, II e III<\/li>\n<li>Orienta\u00e7\u00e3o Profissional e Empreendedorismo na Odontologia<\/li>\n<li>Urg\u00eancias em Odontologia<\/li>\n<li>Est\u00e1gio em Urg\u00eancias em Odontologia<\/li>\n<p>&nbsp;\n<\/ul>\n<h3>P\u00f3s-Gradua\u00e7\u00e3o em Odontologia Restauradora<\/h3>\n<p>O Departamento oferece P\u00f3s-Gradua\u00e7\u00e3o em n\u00edvel de Mestrado e Doutorado em Odontologia Restauradora (nota 6 na Capes) com op\u00e7\u00e3o em Dent\u00edstica, Endodontia e diagn\u00f3stico por imagem das Disfun\u00e7\u00f5es Temporomandibulares e Altera\u00e7\u00f5es Bucomaxilofaciais. O Mestrado e o Doutorado ser\u00e3o oferecidos em per\u00edodo integral, com disciplinas comuns para as tr\u00eas op\u00e7\u00f5es, bem como disciplinas espec\u00edficas.<\/p>\n<h3>Estrutura Administrativa<\/h3>\n<p><strong>Chefe do Departamento<\/strong>: Prof. Dr. Manoel Dami\u00e3o de Sousa Neto \u2013 &#115;&#x6f;&#117;&#x73;&#97;&#x6e;&#101;&#x74;&#64;&#x66;&#111;&#x72;p&#x2e;u&#x73;p&#x2e;b&#x72; \u2013 3315.3982<br \/>\n<strong>Vice-Chefe do Departamento<\/strong>: Profa. Dra. Aline Evangelista de Souza Gabriel \u2013 &#x61;l&#x69;&#110;&#x65;&#46;&#x67;&#x61;b&#x72;&#105;&#x65;&#108;&#x40;&#102;o&#x72;&#112;&#x2e;&#117;&#x73;&#112;&#46;&#x62;&#114;\u00a0\u2013 3315.4075<br \/>\n<strong>Secret\u00e1ria<\/strong>: Maria Am\u00e1lia Viesti de Oliveira \u2013 &#x61;m&#x61;&#108;&#x69;&#97;&#x40;&#x66;o&#x72;&#112;&#x2e;&#117;&#x73;&#112;&#46;&#x62;&#114; \u2013 3315.4087<br \/>\n<strong>Auxiliar Acad\u00eamico<\/strong>: Maria Isabel Ces\u00e1rio Francisco Miguel \u2013 &#x6d;&#x69;&#115;a&#x62;&#x65;&#x6c;&#64;f&#x6f;&#x72;&#x70;&#46;u&#x73;&#x70;&#x2e;&#98;r \u2013 3315.4087<\/p>\n<p><strong>Coordenador da P\u00f3s-Gradua\u00e7\u00e3o<\/strong>: Prof. Dr. Antonio Miranda da Cruz Filho \u2013 &#x63;&#114;&#x75;&#x7a;&#64;&#x66;&#x6f;&#114;&#x70;&#x2e;&#117;&#x73;&#x70;&#46;&#x62;&#x72; \u2013 3315.4023<br \/>\n<strong>Suplente do Coordenador da P\u00f3s-Gradua\u00e7\u00e3o<\/strong>: Profa. Dra. Aline Evangelista de Souza Gabriel \u2013 &#x61;&#108;&#105;n&#x65;&#x2e;&#103;a&#x62;&#x72;&#105;e&#x6c;&#x40;&#102;o&#x72;&#x70;&#46;u&#x73;&#x70;&#46;b&#x72; \u2013 3315.4075<br \/>\n<strong>Secret\u00e1rio de P\u00f3s-Gradua\u00e7\u00e3o<\/strong>: Carlos Feitosa dos Santos \u2013 carl&#111;&#115;&#64;&#102;&#111;&#114;&#112;&#x2e;&#x75;&#x73;&#x70;&#x2e;&#x62;&#x72; \u2013 3315.0318<\/p>\n<h3>Docentes<\/h3>\n<p><strong>Endodontia<\/strong><\/p>\n<ul>\n<li>Dr. Manoel Dami\u00e3o de Sousa Neto (3315.3982)<\/li>\n<li>Dr. Jesus Djalma P\u00e9cora (Professor S\u00eanior) (3315.3982)<\/li>\n<li>Dr. Ricardo Gariba Silva (3315.4023)<\/li>\n<li>Dr. Ricardo Novak Savioli (3315.4055)<\/li>\n<li>Dr. Ant\u00f4nio Miranda da Cruz Filho (3315.4023)<\/li>\n<li>Fabiane Carneiro Lopes Olh\u00ea (3315.4020 \/ 3315.4017)<\/li>\n<li>Profa Dra. Alice Corr\u00eaa Silva Sousa (3315.3982)<\/li>\n<li>Dr. Igor Bassi Ferreira Petean (3315.4055)<\/li>\n<\/ul>\n<p>&nbsp;<br \/>\n<strong>Oclus\u00e3o, Disfun\u00e7\u00e3o Temporomandibular e Dor Orofacial<\/strong><\/p>\n<ul>\n<li>Dr. Jardel Francisco Mazzi Chaves (3315.4020 \/ 3315.4017)<\/li>\n<li>La\u00eds Valencise Magri (3315.4020 \/ 3315.4017)<\/li>\n<\/ul>\n<p>&nbsp;<br \/>\n<strong>Orienta\u00e7\u00e3o Profissional e Empreendedorismo na Odontologia<\/strong><\/p>\n<ul>\n<li>Dra. Fabiane Carneiro Lopes Olh\u00ea (3315.4020 \/ 3315.4017)<\/li>\n<li>Dr. Ricardo Gariba Silva (3315.4023)<\/li>\n<\/ul>\n<p>&nbsp;<br \/>\n<strong>No\u00e7\u00f5es de Harmoniza\u00e7\u00e3o Orofacial, Odontologia do Trabalho e do Esporte<\/strong><\/p>\n<ul>\n<li>Dra. Fabiane Carneiro Lopes Olh\u00ea (3315.4020 \/ 3315.4017)<\/li>\n<li>Dra. Alice Corr\u00eaa silva Sousa (3315.3982)<\/li>\n<\/ul>\n<p>&nbsp;<br \/>\n<strong>Dent\u00edstica<\/strong><\/p>\n<ul>\n<li>Dra. Aline Evangelista de Souza Gabriel (3315.4075)<\/li>\n<li>Dra. Regina Guenka Palma Dibb (3315.4792)<\/li>\n<li>Dra. Silmara Aparecida Milori Corona (3315.4075)<\/li>\n<li>Dr. Walter Raucci Neto (3315.4792)<\/li>\n<li>Dra. Joissi Ferrari Zaniboni (3315.4075)<\/li>\n<\/ul>\n<p>&nbsp;<br \/>\n<strong>Biosseguran\u00e7a<\/strong><\/p>\n<ul>\n<li>Dr. Evandro Watanabe (Professor Associado do Depto. de Biologia B\u00e1sica e Oral)<\/li>\n<\/ul>\n<p>&nbsp;<br \/>\n<strong>Urg\u00eancias em Odontologia<\/strong><\/p>\n<ul>\n<li>Dr. Antonio Miranda da Cruz Filho (3315.4023)<\/li>\n<\/ul>\n<p>&nbsp;<br \/>\n<strong>Est\u00e1gio em Urg\u00eancias em Odontologia<\/strong><\/p>\n<ul>\n<li>Dr. Antonio Miranda da Cruz Filho (3315.4023)<\/li>\n<\/ul>\n<p>&nbsp;<\/p>\n<h3>Funcion\u00e1rios<\/h3>\n<ul>\n<li>Carlos Feitosa dos Santos: &#x63;&#x61;&#x72;&#108;&#111;&#115;&#64;f&#x6f;&#x72;&#x70;&#x2e;&#117;&#115;p&#46;&#x62;&#x72; (3315.0318)<\/li>\n<li>D\u00e9bora Fernandes Costa Guedes: &#x64;&#101;f&#x63;&#103;&#64;&#x75;&#x73;&#112;&#x2e;&#x62;&#114; (3315.0273)<\/li>\n<li>Fred Augusto Batista Farias: &#x66;r&#x65;&#100;&#x2e;&#99;&#x69;&#x63;a&#x40;&#104;&#x6f;&#116;&#x6d;&#97;i&#x6c;&#46;&#x63;&#111;&#x6d; (3315.4149)<\/li>\n<li>Maria Am\u00e1lia Viesti de Oliveira: &#97;&#x6d;a&#x6c;&#x69;&#97;&#x40;f&#111;&#x72;&#112;&#x2e;u&#115;&#x70;&#46;&#x62;r (3315.4087)<\/li>\n<li>Maria Isabel C. F. Miguel: m&#105;&#115;&#x61;&#x62;e&#108;&#64;&#x66;&#x6f;&#x72;p&#46;&#117;&#x73;&#x70;&#46;b&#114; (3315.4087)<\/li>\n<li>Melissa de Oliveira Melchior: mmelch&#105;&#111;&#114;&#64;&#102;&#111;&#114;&#x70;&#x2e;&#x75;&#x73;&#x70;&#x2e;&#x62;&#x72; (3315.4020)<\/li>\n<li>Patr\u00edcia Marchi: &#112;&#x61;t&#x72;i&#99;&#x69;&#97;&#x40;f&#111;&#x72;&#112;&#x2e;u&#x73;&#x70;&#46;&#x62;r (3315.4068)<\/li>\n<li>Reginaldo Santana da Silva: &#115;&#x61;&#x6e;t&#97;&#x6e;a&#64;&#x66;&#x6f;r&#112;&#x2e;u&#115;&#x70;&#x2e;b&#114; (3315.3982)<\/li>\n<li>Rosangela Angelini: &#97;n&#x67;e&#x6c;i&#x6e;i&#x40;&#102;&#x6f;&#114;&#x70;&#46;&#x75;&#115;p&#46;b&#x72; (3315.4148)<\/li>\n<\/ul>\n<p>&nbsp;<\/p>\n<h3>Infraestrutura<\/h3>\n<p>O Departamento possui os seguintes Laborat\u00f3rios \/ Equipamentos:<\/p>\n<ul>\n<li><strong><a href=\"https:\/\/www.forp.usp.br\/?page_id=12138\">LAGRO \u2013 Laborat\u00f3rio de Gerenciamento de Res\u00edduos Odontol\u00f3gicos<\/a><\/strong><br \/>\nTem como objetivo proteger o meio ambiente pela recupera\u00e7\u00e3o de merc\u00fario contido nos res\u00edduos de am\u00e1lgama dental lan\u00e7ados no ambiente, minimizando os riscos \u00e0 sa\u00fade dos seres humanos.<br \/>\nRespons\u00e1vel: Prof. Dr. Manoel Dami\u00e3o de Sousa Neto (&#115;&#x6f;u&#115;&#x61;n&#101;&#x74;&#64;&#x66;&#x6f;&#114;&#x70;&#46;&#117;&#x73;p&#46;&#x62;r)<br \/>\nT\u00e9cnica: D\u00e9bora Fernandes Costa Guedes (def&#99;&#103;&#64;&#117;&#x73;&#x70;&#x2e;&#x62;&#x72;)<\/li>\n<\/ul>\n<p>&nbsp;<\/p>\n<ul>\n<li><strong>LABORAT\u00d3RIO DE PESQUISA EM ENDODONTIA<\/strong><br \/>\nTem como objetivo proteger o meio ambiente pela recupera\u00e7\u00e3o de merc\u00fario contido nos res\u00edduos de am\u00e1lgama dental lan\u00e7ados no ambiente, minimizando os riscos \u00e0 sa\u00fade dos seres humanos.<br \/>\nRespons\u00e1vel: Prof. Dr. Manoel Dami\u00e3o de Sousa Neto (&#115;&#x6f;&#x75;&#115;&#x61;&#x6e;e&#x74;&#x40;f&#111;&#x72;p&#46;&#x75;s&#112;&#x2e;b&#114;)<br \/>\nT\u00e9cnico: Reginaldo Santana da Silva (sa&#110;&#116;&#97;&#x6e;&#x61;&#x40;&#x66;&#x6f;rp&#46;&#117;&#115;&#x70;&#x2e;&#x62;&#x72;)<\/li>\n<\/ul>\n<p>&nbsp;<\/p>\n<ul>\n<li><strong>LABORAT\u00d3RIO DE PESQUISA EM DENT\u00cdSTICA<\/strong><br \/>\nOs equipamentos poder\u00e3o ser utilizados por pesquisadores de qualquer Institui\u00e7\u00e3o para atividades de interesse acad\u00eamico, em especial aquelas destinadas ao desenvolvimento de projetos de pesquisa. Todos os usu\u00e1rios se comprometer\u00e3o a fazer refer\u00eancia \u00e0 FAPESP e\/ou ao CNPq em todas as formas de divulga\u00e7\u00e3o das pesquisas (teses, disserta\u00e7\u00f5es, artigos, livros, resumos de trabalhos apresentados em reuni\u00f5es, p\u00e1ginas na Web e qualquer outra forma de divulga\u00e7\u00e3o dos resultados) que utilizarem os equipamentos do Laborat\u00f3rio.<br \/>\nRespons\u00e1vel: Prof. Dr. Regina Guenka Palma Dibb (&#114;&#x67;&#x70;&#97;&#x6c;&#x6d;a&#x40;&#x66;o&#114;&#x70;&#46;&#117;&#x73;p&#46;&#x62;r)<br \/>\nT\u00e9cnica: Patr\u00edcia Marchi (&#x70;&#x61;&#116;&#114;i&#x63;&#x69;&#x61;&#64;&#102;o&#x72;&#x70;&#x2e;&#117;&#115;p&#x2e;&#x62;&#x72;)<br \/>\nEquipamentos dispon\u00edveis:<\/p>\n<ul>\n<li>Microsc\u00f3pio Confocal a Laser (Respons\u00e1vel Profa. Dra. Regina G Palma-Dibb).<\/li>\n<li>Microdurometros (Respons\u00e1vel Profa. Dra. Regina G Palma-Dibb \/ Respons\u00e1vel: Profa. Dra. M\u00f4nica Campos Serra).<\/li>\n<li>M\u00e1quina de escova\u00e7\u00e3o (Respons\u00e1vel Profa. Dra. Monica Campos Serra).M\u00e1quina de ciclagem t\u00e9rmica<\/li>\n<li>Duas Embutidoras (Respons\u00e1vel Profa. Dra. Aline E Souza-Gabriel \/ Respons\u00e1vel: Profa. Dra. M\u00f4nica Campos Serra).<\/li>\n<li>M\u00e1quinas de corte (Respons\u00e1vel Profas. Dras. Silmara A Milori Corona \/ Monica Campos Serra).<\/li>\n<li>Microsc\u00f3pio \u00f3ptico com sistema de digitaliza\u00e7\u00e3o e an\u00e1lise de imagem (Respons\u00e1vel Profa. Dra. Silmara A Milori Corona).<\/li>\n<li>Esteromicrosc\u00f3pio com sistema de digitaliza\u00e7\u00e3o e an\u00e1lise de imagem (Respons\u00e1vel Profa. Dra. Silmara A Milori Corona).<\/li>\n<li>Perfilometro (Respons\u00e1vel Profa. Dra. Monica Campos Serra).<\/li>\n<li>Politrizes (Respons\u00e1vel Profas. Dras. Monica Campos Serra \/ Regina Guenka Palma-Dibb).<\/li>\n<li>Simulador de Movimentos (Respons\u00e1vel Profa. Dra. Monica Campos Serra)<\/li>\n<\/ul>\n<\/li>\n<p>&nbsp;<\/p>\n<li><strong>LABORAT\u00d3RIO DE PESQUISA EM LASER<\/strong><br \/>\nO laborat\u00f3rio possui diversos equipamentos de laser \u00e0 disposi\u00e7\u00e3o dos usu\u00e1rios internos e externos, sendo necess\u00e1rio o agendamento e autoriza\u00e7\u00e3o para sua utiliza\u00e7\u00e3o, al\u00e9m de dois consult\u00f3rios para atendimento de pacientes.<br \/>\nRespons\u00e1vel: Prof. Dr. Manoel Dami\u00e3o de Sousa Neto (&#115;o&#117;s&#97;n&#x65;t&#x40;f&#x6f;r&#x70;&#46;&#x75;s&#x70;&#46;&#x62;r)<br \/>\nT\u00e9cnico: Reginaldo Santana da Silva (s&#97;&#110;&#x74;&#x61;&#x6e;&#x61;&#64;&#102;&#111;&#114;&#x70;&#x2e;&#x75;sp&#46;&#98;&#x72;)<br \/>\nEquipamentos dispon\u00edveis:<\/li>\n<li>Kavo Key Laser \u2013 Laser Er:YAG<\/li>\n<li>Biolase \u2013 Er,Cr:YSGG<\/li>\n<li>Sirona \u2013 Laser de Diodo<\/li>\n<li>Smartfile \u2013 Deka \u2013 Nd:YAG<\/li>\n<li>Fotona \u2013 Er:YAG<\/li>\n<li>Einstein Dl \u2013 Laser de Diodo<\/li>\n<li>Laser de CO2<\/li>\n<\/ul>\n<p>&nbsp;<\/p>\n<ul>\n<li><strong>LAPESE \u2013 Laborat\u00f3rio de Pesquisa em Eletromiografia do Sistema Estomatogn\u00e1tico<\/strong><br \/>\nO laborat\u00f3rio se destina \u00e0 execu\u00e7\u00e3o de pesquisas relacionadas ao exame de eletromiografia e estereofotogrametria tridimensional da face, em especial relacionadas ao campo de conhecimento das disfun\u00e7\u00f5es temporomandibulares e dores orofaciais.<br \/>\nRespons\u00e1vel: Prof. Dr. Jardel Francisco Mazzi Chaves (&#x6a;&#x61;&#x72;&#x64;&#x65;&#x6c;&#x2e;&#x63;&#x68;&#x61;&#x76;&#x65;&#x73;&#x40;&#117;&#115;&#112;&#46;&#98;&#114;)<\/li>\n<\/ul>\n<p>&nbsp;<\/p>\n<ul>\n<li><strong>S.O.D.A.T. \u2013 Servi\u00e7o de Oclus\u00e3o e Disfun\u00e7\u00e3o da Articula\u00e7\u00e3o Temporomandibular<\/strong><br \/>\nDesenvolvimento de pesquisas cl\u00ednicas relacionadas \u00e0 oclus\u00e3o, disfun\u00e7\u00e3o temporomandibular e dor orofacial.<br \/>\nRespons\u00e1vel: Prof. Dr. Jardel Francisco Mazzi Chaves (ja&#114;&#100;&#101;&#x6c;&#x2e;&#x63;&#x68;&#x61;ve&#115;&#64;&#117;&#x73;&#x70;&#x2e;&#x62;&#x72;)<\/li>\n<\/ul>\n<p>&nbsp;<\/p>\n<ul>\n<li><strong>Microsc\u00f3pio confocal a laser (Processo Fapesp 2011\/12901-7)<\/strong><strong><br \/>\n<\/strong>Professor Respons\u00e1vel: Profa. Dra. Regina Guenka Palma-Dibb<br \/>\nO Microsc\u00f3pio Confocal a Laser est\u00e1 instalado nas depend\u00eancias do Departamento de Odontologia Restauradora \u2013 Sala D-15 do Bloco D. O equipamento \u00e9 o LEXT OLS4000 3D Microsc\u00f3pio de mensura\u00e7\u00e3o a laser desenvolvido para an\u00e1lise de imagem a n\u00edvel manom\u00e9trico, mensura\u00e7\u00e3o em 3D e mensura\u00e7\u00e3o da rugosidade. O equipamento permite aumentos de 107x a 17280x em 3D com microsc\u00f3pio \u00f3ptico e a laser. O Software permite diversas avalia\u00e7\u00f5es topogr\u00e1ficas dos esp\u00e9cimes.<br \/>\nTodos os usu\u00e1rios se comprometer\u00e3o a fazer refer\u00eancia \u00e0 FAPESP em todas as formas de divulga\u00e7\u00e3o das pesquisas (teses, disserta\u00e7\u00f5es, artigos, livros, resumos de trabalhos apresentados em reuni\u00f5es, p\u00e1ginas na Web e qualquer outra forma de divulga\u00e7\u00e3o dos resultados) que utilizarem esse equipamento.<br \/>\nComit\u00ea gestor do Microsc\u00f3pio Confocal a Laser:<br \/>\nO equipamento apresenta o comit\u00ea gestor constitu\u00eddo pelos seguintes membros:<br \/>\nDra. Silmara Aparecida Milori Corona<br \/>\nProfa. Dra. Aline Evangelista de Souza Gabriel<\/li>\n<\/ul>\n<p>&nbsp;<\/p>\n<h3>Outras informa\u00e7\u00f5es<\/h3>\n<p>ANFITEATRO<br \/>\nO Departamento de Odontologia Restauradora conta com um Anfiteatro com capacidade para 30 pessoas, microcomputador ligado \u00e0 Internet e equipamento Multim\u00eddia.<br \/>\nAgendamento com Carlos: &#x63;&#x61;&#x72;&#x6c;&#x6f;&#x73;&#x40;&#x66;&#x6f;&#x72;&#x70;&#x2e;&#x75;&#x73;&#112;&#46;&#98;&#114; (3315.0318)<\/p>\n<p>SERVI\u00c7OS OFERECIDOS<\/p>\n<ul>\n<li>O Departamento de Odontologia Restauradora tem trabalhado com a reciclagem de res\u00edduos de am\u00e1lgama dental em Laborat\u00f3rio apropriado, (Laborat\u00f3rio de Gerenciamento de Res\u00edduos Odontol\u00f3gicos), atrav\u00e9s de um projeto pioneiro entre as Faculdades de Odontologia da USP, com o apoio da FAPESP, que tem como objetivo o reaproveitamento e\/ou neutraliza\u00e7\u00e3o dos res\u00edduos odontol\u00f3gicos, na busca da preserva\u00e7\u00e3o da natureza em conjunto, com o Programa USP Recicla.<\/li>\n<li>H\u00e1 v\u00e1rios temas, inclusive a aplica\u00e7\u00e3o de Laser, um dos grandes avan\u00e7os cient\u00edficos neste s\u00e9culo, al\u00e9m do Clareamento Dental, que \u00e9 outra pr\u00e1tica atuante nos pacientes, em que as ind\u00fastrias se beneficiam de todos os lados. Mas o melhor benef\u00edcio quem recebe \u00e9 sempre o paciente, com o atendimento cl\u00ednico oferecido pelos profissionais deste Departamento e da Unidade.<\/li>\n<\/ul>","protected":false},"excerpt":{"rendered":"<p>Gradua\u00e7\u00e3o Est\u00e3o vinculadas ao Departamento as seguintes disciplinas: Biosseguran\u00e7a Dent\u00edstica Pr\u00e9 &#8211; Cl\u00ednica Dent\u00edstica I, II e III Dent\u00edstica Avan\u00e7ada Oclus\u00e3o Disfun\u00e7\u00e3o Temporomandibular e Dor Orofacial No\u00e7\u00f5es de Harmoniza\u00e7\u00e3o Orofacial, Odontologia do Trabalho e do Esporte Endodontia I, II e III Orienta\u00e7\u00e3o Profissional e Empreendedorismo na Odontologia Urg\u00eancias em Odontologia Est\u00e1gio em Urg\u00eancias em Odontologia [&hellip;]<\/p>\n","protected":false},"author":1,"featured_media":0,"parent":58,"menu_order":0,"comment_status":"open","ping_status":"open","template":"","meta":{"footnotes":""},"class_list":["post-295","page","type-page","status-publish","hentry"],"publishpress_future_workflow_manual_trigger":{"enabledWorkflows":[]},"_links":{"self":[{"href":"https:\/\/www.forp.usp.br\/index.php?rest_route=\/wp\/v2\/pages\/295","targetHints":{"allow":["GET"]}}],"collection":[{"href":"https:\/\/www.forp.usp.br\/index.php?rest_route=\/wp\/v2\/pages"}],"about":[{"href":"https:\/\/www.forp.usp.br\/index.php?rest_route=\/wp\/v2\/types\/page"}],"author":[{"embeddable":true,"href":"https:\/\/www.forp.usp.br\/index.php?rest_route=\/wp\/v2\/users\/1"}],"replies":[{"embeddable":true,"href":"https:\/\/www.forp.usp.br\/index.php?rest_route=%2Fwp%2Fv2%2Fcomments&post=295"}],"version-history":[{"count":41,"href":"https:\/\/www.forp.usp.br\/index.php?rest_route=\/wp\/v2\/pages\/295\/revisions"}],"predecessor-version":[{"id":13463,"href":"https:\/\/www.forp.usp.br\/index.php?rest_route=\/wp\/v2\/pages\/295\/revisions\/13463"}],"up":[{"embeddable":true,"href":"https:\/\/www.forp.usp.br\/index.php?rest_route=\/wp\/v2\/pages\/58"}],"wp:attachment":[{"href":"https:\/\/www.forp.usp.br\/index.php?rest_route=%2Fwp%2Fv2%2Fmedia&parent=295"}],"curies":[{"name":"wp","href":"https:\/\/api.w.org\/{rel}","templated":true}]}}