{"id":263,"date":"2014-05-15T11:46:51","date_gmt":"2014-05-15T14:46:51","guid":{"rendered":"https:\/\/www.forp.usp.br\/?page_id=263"},"modified":"2014-05-20T14:10:38","modified_gmt":"2014-05-20T17:10:38","slug":"comissao-de-informatica","status":"publish","type":"page","link":"https:\/\/www.forp.usp.br\/?page_id=263","title":{"rendered":"Comiss\u00e3o de Inform\u00e1tica"},"content":{"rendered":"<p>Em constru\u00e7\u00e3o.<\/p>","protected":false},"excerpt":{"rendered":"<p>Em constru\u00e7\u00e3o.<\/p>\n","protected":false},"author":1,"featured_media":0,"parent":56,"menu_order":0,"comment_status":"open","ping_status":"open","template":"page-no-childs.php","meta":{"footnotes":""},"class_list":["post-263","page","type-page","status-publish","hentry"],"publishpress_future_workflow_manual_trigger":{"enabledWorkflows":[]},"_links":{"self":[{"href":"https:\/\/www.forp.usp.br\/index.php?rest_route=\/wp\/v2\/pages\/263","targetHints":{"allow":["GET"]}}],"collection":[{"href":"https:\/\/www.forp.usp.br\/index.php?rest_route=\/wp\/v2\/pages"}],"about":[{"href":"https:\/\/www.forp.usp.br\/index.php?rest_route=\/wp\/v2\/types\/page"}],"author":[{"embeddable":true,"href":"https:\/\/www.forp.usp.br\/index.php?rest_route=\/wp\/v2\/users\/1"}],"replies":[{"embeddable":true,"href":"https:\/\/www.forp.usp.br\/index.php?rest_route=%2Fwp%2Fv2%2Fcomments&post=263"}],"version-history":[{"count":1,"href":"https:\/\/www.forp.usp.br\/index.php?rest_route=\/wp\/v2\/pages\/263\/revisions"}],"predecessor-version":[{"id":264,"href":"https:\/\/www.forp.usp.br\/index.php?rest_route=\/wp\/v2\/pages\/263\/revisions\/264"}],"up":[{"embeddable":true,"href":"https:\/\/www.forp.usp.br\/index.php?rest_route=\/wp\/v2\/pages\/56"}],"wp:attachment":[{"href":"https:\/\/www.forp.usp.br\/index.php?rest_route=%2Fwp%2Fv2%2Fmedia&parent=263"}],"curies":[{"name":"wp","href":"https:\/\/api.w.org\/{rel}","templated":true}]}}