{"id":260,"date":"2014-05-15T11:43:59","date_gmt":"2014-05-15T14:43:59","guid":{"rendered":"https:\/\/www.forp.usp.br\/?page_id=260"},"modified":"2025-06-13T16:42:57","modified_gmt":"2025-06-13T19:42:57","slug":"usp-recicla-forp","status":"publish","type":"page","link":"https:\/\/www.forp.usp.br\/?page_id=260","title":{"rendered":"USP Recicla &#8211; FORP"},"content":{"rendered":"Constitui o Programa Permanente para assuntos relativos \u00e0 Educa\u00e7\u00e3o Ambiental e Gest\u00e3o Compartilhada de Res\u00edduos, denominada Programa USP Recicla, na Universidade de S\u00e3o Paulo.<\/p>\n<p>Comp\u00f5em a Comiss\u00e3o Interna da Faculdade de Odontologia de Ribeir\u00e3o Preto da Universidade de S\u00e3o Paulo, junto ao Programa USP Recicla:<\/p>\n<p>&nbsp;<\/p>\n<p><strong>Representantes Indicados:<\/strong><\/p>\n<p>Membros Titulares:<\/p>\n<p>I \u2013 Profa. Dra. Alma Bl\u00e1sida Concepcion Elizaur Benitez Catirse (Coordenador)<\/p>\n<p>II \u2013 Sra. Karynne Martins Almeida (Vice-Coordenador)<\/p>\n<p>III \u2013 Sra. D\u00e9bora Fernandes Costa Guedes<\/p>\n<p>IV \u2013 Ac Mayara Cristina Vieira Machado<\/p>\n<p>Membros Suplentes:<\/p>\n<p>V \u2013 Prof. Dr. Jorge Esquiche Le\u00f3n<\/p>\n<p>VI \u2013 Sra. Cleria Donizete de Souza<\/p>\n<p>VII \u2013 Sr. Julio Cesar Souza da Matta<\/p>\n<p>VIII \u2013 Ac. Nath\u00e1lia Araujo da Silva<\/p>\n<p>&nbsp;<\/p>\n<p><strong>Representantes Eleitos:<\/strong><\/p>\n<p>Membro Titular:<\/p>\n<p>IX \u2013 Sra. Melissa de Oliveira Melchior<\/p>\n<p>Membro Suplente:<\/p>\n<p>X \u2013 Sra. Maria Am\u00e1lia Viesti de Oliveira<\/p>\n<p>&nbsp;<\/p>\n<p><strong>Secret\u00e1ria:<\/strong> Sra. Viviane de C\u00e1ssia Oliveira.","protected":false},"excerpt":{"rendered":"<p>Constitui o Programa Permanente para assuntos relativos \u00e0 Educa\u00e7\u00e3o Ambiental e Gest\u00e3o Compartilhada de Res\u00edduos, denominada Programa USP Recicla, na Universidade de S\u00e3o Paulo. Comp\u00f5em a Comiss\u00e3o Interna da Faculdade de Odontologia de Ribeir\u00e3o Preto da Universidade de S\u00e3o Paulo, junto ao Programa USP Recicla: &nbsp; Representantes Indicados: Membros Titulares: I \u2013 Profa. Dra. Alma [&hellip;]<\/p>\n","protected":false},"author":1,"featured_media":0,"parent":56,"menu_order":0,"comment_status":"open","ping_status":"open","template":"","meta":{"footnotes":""},"class_list":["post-260","page","type-page","status-publish","hentry"],"publishpress_future_workflow_manual_trigger":{"enabledWorkflows":[]},"_links":{"self":[{"href":"https:\/\/www.forp.usp.br\/index.php?rest_route=\/wp\/v2\/pages\/260","targetHints":{"allow":["GET"]}}],"collection":[{"href":"https:\/\/www.forp.usp.br\/index.php?rest_route=\/wp\/v2\/pages"}],"about":[{"href":"https:\/\/www.forp.usp.br\/index.php?rest_route=\/wp\/v2\/types\/page"}],"author":[{"embeddable":true,"href":"https:\/\/www.forp.usp.br\/index.php?rest_route=\/wp\/v2\/users\/1"}],"replies":[{"embeddable":true,"href":"https:\/\/www.forp.usp.br\/index.php?rest_route=%2Fwp%2Fv2%2Fcomments&post=260"}],"version-history":[{"count":10,"href":"https:\/\/www.forp.usp.br\/index.php?rest_route=\/wp\/v2\/pages\/260\/revisions"}],"predecessor-version":[{"id":12994,"href":"https:\/\/www.forp.usp.br\/index.php?rest_route=\/wp\/v2\/pages\/260\/revisions\/12994"}],"up":[{"embeddable":true,"href":"https:\/\/www.forp.usp.br\/index.php?rest_route=\/wp\/v2\/pages\/56"}],"wp:attachment":[{"href":"https:\/\/www.forp.usp.br\/index.php?rest_route=%2Fwp%2Fv2%2Fmedia&parent=260"}],"curies":[{"name":"wp","href":"https:\/\/api.w.org\/{rel}","templated":true}]}}