{"id":2598,"date":"2017-06-02T16:55:06","date_gmt":"2017-06-02T19:55:06","guid":{"rendered":"https:\/\/www.forp.usp.br\/?page_id=2598"},"modified":"2020-12-11T13:52:43","modified_gmt":"2020-12-11T16:52:43","slug":"comissao-para-apurar-denuncias-de-discriminacao-assedio-e-violencia-contra-mulheres-e-generos-na-forpusp","status":"publish","type":"page","link":"https:\/\/www.forp.usp.br\/?page_id=2598","title":{"rendered":"Comiss\u00e3o para Apurar Den\u00fancias de Discrimina\u00e7\u00e3o, Ass\u00e9dio e Viol\u00eancia contra Mulheres e G\u00eaneros na FORP\/USP"},"content":{"rendered":"<strong>Membros:<\/strong><\/p>\n<p><strong>Presidente:<\/strong> Profa. Dra. Fernanda de Carvalho Panzeri Pires de Souza<\/p>\n<p>Prof. Dr. Antonio Miranda da Cruz Filho;<br \/>\nProfa. Dra. Daniela Bazan Palioto Bulle;<br \/>\nProf. Dr. Jorge Esquiche Le\u00f3n;<br \/>\nProfa. Dra. Raquel Assed Bezerra Segato;<br \/>\nProfa. Dra. Simone Cecilio Hallak Regalo;<br \/>\nAcad\u00eamica Olivia Santana Jorge;<br \/>\nSra. Isabel Cristina Galino Sola (Membro e Secret\u00e1ria).<\/p>\n<p>&nbsp;<\/p>\n<p><strong>Objetivos:<\/strong><\/p>\n<ol>\n<li>Prevenir a\u00e7\u00f5es de discrimina\u00e7\u00e3o, ass\u00e9dio e viol\u00eancia contra mulheres e g\u00eaneros na FORP\/USP.<\/li>\n<li>Receber den\u00fancias e encaminh\u00e1-las aos \u00f3rg\u00e3os competentes.<\/li>\n<li>Orientar as v\u00edtimas sobre os diversos tipos de atendimentos que poder\u00e3o procurar para viabilizar a defesa de seus direitos.<\/li>\n<\/ol>\n<p>&nbsp;<\/p>\n<p><strong>Contato para recebimento de den\u00fancias:<\/strong><\/p>\n<p>&#8211; Na FORP<\/p>\n<p>Profa. Dra. Fernanda de Carvalho Panzeri Pires de Souza<\/p>\n<p>e-mail: &#x63;&#x61;&#118;&#64;f&#x6f;&#x72;&#x70;&#46;&#117;s&#x70;&#x2e;&#x62;&#114;<\/p>\n<p>&#8211; No CAMPUS no momento da ocorr\u00eancia &#8211; Aplicativo de seguran\u00e7a do Campus: bot\u00e3o viol\u00eancia contra mulher<\/p>\n<p>&#8211; Liga\u00e7\u00e3o direta para a Guarda Universit\u00e1ria para registrar a ocorr\u00eancia e pedir a presen\u00e7a da mesma no local: 3315 3600.","protected":false},"excerpt":{"rendered":"<p>Membros: Presidente: Profa. Dra. Fernanda de Carvalho Panzeri Pires de Souza Prof. Dr. Antonio Miranda da Cruz Filho; Profa. Dra. Daniela Bazan Palioto Bulle; Prof. Dr. Jorge Esquiche Le\u00f3n; Profa. Dra. Raquel Assed Bezerra Segato; Profa. Dra. Simone Cecilio Hallak Regalo; Acad\u00eamica Olivia Santana Jorge; Sra. Isabel Cristina Galino Sola (Membro e Secret\u00e1ria). &nbsp; Objetivos: [&hellip;]<\/p>\n","protected":false},"author":3,"featured_media":0,"parent":56,"menu_order":0,"comment_status":"closed","ping_status":"closed","template":"","meta":{"footnotes":""},"class_list":["post-2598","page","type-page","status-publish","hentry"],"publishpress_future_workflow_manual_trigger":{"enabledWorkflows":[]},"_links":{"self":[{"href":"https:\/\/www.forp.usp.br\/index.php?rest_route=\/wp\/v2\/pages\/2598","targetHints":{"allow":["GET"]}}],"collection":[{"href":"https:\/\/www.forp.usp.br\/index.php?rest_route=\/wp\/v2\/pages"}],"about":[{"href":"https:\/\/www.forp.usp.br\/index.php?rest_route=\/wp\/v2\/types\/page"}],"author":[{"embeddable":true,"href":"https:\/\/www.forp.usp.br\/index.php?rest_route=\/wp\/v2\/users\/3"}],"replies":[{"embeddable":true,"href":"https:\/\/www.forp.usp.br\/index.php?rest_route=%2Fwp%2Fv2%2Fcomments&post=2598"}],"version-history":[{"count":5,"href":"https:\/\/www.forp.usp.br\/index.php?rest_route=\/wp\/v2\/pages\/2598\/revisions"}],"predecessor-version":[{"id":7629,"href":"https:\/\/www.forp.usp.br\/index.php?rest_route=\/wp\/v2\/pages\/2598\/revisions\/7629"}],"up":[{"embeddable":true,"href":"https:\/\/www.forp.usp.br\/index.php?rest_route=\/wp\/v2\/pages\/56"}],"wp:attachment":[{"href":"https:\/\/www.forp.usp.br\/index.php?rest_route=%2Fwp%2Fv2%2Fmedia&parent=2598"}],"curies":[{"name":"wp","href":"https:\/\/api.w.org\/{rel}","templated":true}]}}