{"id":257,"date":"2014-05-15T11:41:36","date_gmt":"2014-05-15T14:41:36","guid":{"rendered":"https:\/\/www.forp.usp.br\/?page_id=257"},"modified":"2019-07-29T14:48:19","modified_gmt":"2019-07-29T17:48:19","slug":"grts-grupo-de-treinamento-dos-servidores-nao-docentes-da-forpusp","status":"publish","type":"page","link":"https:\/\/www.forp.usp.br\/?page_id=257","title":{"rendered":"GRTS &#8211; Grupo de Treinamento dos Servidores n\u00e3o Docentes da FORP\/USP"},"content":{"rendered":"<strong>Grupo de Treinamento dos Servidores n\u00e3o Docentes da FORP\/USP<\/strong><\/p>\n<p>O GRTS tem como objetivo gerenciar verba de treinamento liberada pela CODAGE \u00e0 FORP, procedendo a an\u00e1lise das solicita\u00e7\u00f5es de cursos\/treinamentos, apresentados pelos servidores n\u00e3o-docentes, utilizando-se de crit\u00e9rios estabelecidos pela pr\u00f3pria Comiss\u00e3o, verificando a necessidade do curso, se tem v\u00ednculo com as atividades que o servidor desenvolve e se est\u00e1 relacionado com o enquadramento na carreira.<\/p>\n<p>&nbsp;","protected":false},"excerpt":{"rendered":"<p>Grupo de Treinamento dos Servidores n\u00e3o Docentes da FORP\/USP O GRTS tem como objetivo gerenciar verba de treinamento liberada pela CODAGE \u00e0 FORP, procedendo a an\u00e1lise das solicita\u00e7\u00f5es de cursos\/treinamentos, apresentados pelos servidores n\u00e3o-docentes, utilizando-se de crit\u00e9rios estabelecidos pela pr\u00f3pria Comiss\u00e3o, verificando a necessidade do curso, se tem v\u00ednculo com as atividades que o servidor [&hellip;]<\/p>\n","protected":false},"author":1,"featured_media":0,"parent":56,"menu_order":0,"comment_status":"open","ping_status":"open","template":"","meta":{"footnotes":""},"class_list":["post-257","page","type-page","status-publish","hentry"],"publishpress_future_workflow_manual_trigger":{"enabledWorkflows":[]},"_links":{"self":[{"href":"https:\/\/www.forp.usp.br\/index.php?rest_route=\/wp\/v2\/pages\/257","targetHints":{"allow":["GET"]}}],"collection":[{"href":"https:\/\/www.forp.usp.br\/index.php?rest_route=\/wp\/v2\/pages"}],"about":[{"href":"https:\/\/www.forp.usp.br\/index.php?rest_route=\/wp\/v2\/types\/page"}],"author":[{"embeddable":true,"href":"https:\/\/www.forp.usp.br\/index.php?rest_route=\/wp\/v2\/users\/1"}],"replies":[{"embeddable":true,"href":"https:\/\/www.forp.usp.br\/index.php?rest_route=%2Fwp%2Fv2%2Fcomments&post=257"}],"version-history":[{"count":3,"href":"https:\/\/www.forp.usp.br\/index.php?rest_route=\/wp\/v2\/pages\/257\/revisions"}],"predecessor-version":[{"id":5341,"href":"https:\/\/www.forp.usp.br\/index.php?rest_route=\/wp\/v2\/pages\/257\/revisions\/5341"}],"up":[{"embeddable":true,"href":"https:\/\/www.forp.usp.br\/index.php?rest_route=\/wp\/v2\/pages\/56"}],"wp:attachment":[{"href":"https:\/\/www.forp.usp.br\/index.php?rest_route=%2Fwp%2Fv2%2Fmedia&parent=257"}],"curies":[{"name":"wp","href":"https:\/\/api.w.org\/{rel}","templated":true}]}}