{"id":238,"date":"2014-05-15T11:20:38","date_gmt":"2014-05-15T14:20:38","guid":{"rendered":"https:\/\/www.forp.usp.br\/?page_id=238"},"modified":"2026-04-10T14:12:04","modified_gmt":"2026-04-10T17:12:04","slug":"comissao-de-pesquisa","status":"publish","type":"page","link":"https:\/\/www.forp.usp.br\/?page_id=238","title":{"rendered":"Comiss\u00e3o de Pesquisa e Inova\u00e7\u00e3o"},"content":{"rendered":"A Comiss\u00e3o de Pesquisa e Inova\u00e7\u00e3o tra\u00e7a diretrizes e zela pela execu\u00e7\u00e3o dos projetos de pesquisa de Pr\u00e9-Inicia\u00e7\u00e3o Cient\u00edfica, Inicia\u00e7\u00e3o Cient\u00edfica e Tecnol\u00f3gica,\u00a0 P\u00f3s-Doutorado e Pesquisador Colaborador, obedecida a orienta\u00e7\u00e3o geral estabelecida pelos Colegiados superiores da Unidade e pela Universidade. Esta Comiss\u00e3o encontra-se vinculada \u00e0 Se\u00e7\u00e3o de Apoio Institucional da FORP\/USP.<\/p>\n<p>&nbsp;<\/p>\n<p><strong>Membros:<\/strong><\/p>\n<p>Presidente: Profa. Dra. Elaine Aparecida Del Bel Belluz Guimaraes<br \/>\nMandato: 15\/01\/2024 a 14\/01\/2026<\/p>\n<p>Suplente: Profa. Dra. Daniela Bazan Palioto Bulle<br \/>\nMandato: 15\/01\/2024 a 14\/01\/2026<\/p>\n<p>&nbsp;<\/p>\n<p><strong>Titulares<\/strong><\/p>\n<p>Profa. Dra. Daniela Bazan Palioto Bulle<br \/>\nMandato: 26\/06\/2024 a 25\/06\/2027<\/p>\n<p>Profa. Dra. Maria Cristina Borsato<br \/>\nMandato: 15\/10\/2025 a 14\/10\/2028<\/p>\n<p>Prof. Dr. Plauto Christopher Aranha Watanabe<br \/>\nMandato: 15\/10\/2023 a 14\/10\/2026<\/p>\n<p>Prof. Dr. C\u00e1ssio do Nascimento<br \/>\nMandato: 17\/04\/2024 a 16\/04\/2027<\/p>\n<p>Profa. Dra. Elaine Aparecida Del Bel Belluz Guimar\u00e3es<br \/>\nMandato: 15\/10\/2023 a 14\/10\/2026<\/p>\n<p>Profa. Dra. Silmara Aparecida Milori Corona<br \/>\nMandato: 05\/07\/2025 a 04\/07\/2028<\/p>\n<p>PG. Beatriz de Camargo Poker<br \/>\nMandato: 14\/11\/2025 a 13\/11\/2026<\/p>\n<p>&nbsp;<\/p>\n<p><strong>Suplentes<\/strong><\/p>\n<p>Profa. Dra. Emanuela Prado Ferraz<br \/>\nMandato: 26\/06\/2024 a 25\/06\/2027<\/p>\n<p>Profa. Dra. Maria da Concei\u00e7\u00e3o Pereira Saraiva<br \/>\nMandato: 15\/10\/2025 a 14\/10\/2028<\/p>\n<p>Prof. Dr. Hugo Ga\u00eata Araujo<br \/>\nMandato: 15\/10\/2023 a 14\/10\/2026<\/p>\n<p>Profa. Dra. Renata Cristina Silveira Rodrigues Ferracioli<br \/>\nMandato: 17\/04\/2024 a 16\/04\/2027<\/p>\n<p>Prof. Dr. Geraldo Aleixo da Silva Passos J\u00fanior<br \/>\nMandato: 15\/10\/2023 a 14\/10\/2026<\/p>\n<p>Profa. Dra. Fabiane Carneiro Lopes Olh\u00ea<br \/>\nMandato: 05\/07\/2025 a 04\/07\/2028<\/p>\n<p>&nbsp;<\/p>\n<p><strong>Secretaria: <\/strong>Telefone (16) 3315-4123<\/p>\n<p>E-mail: cpq&#64;forp&#46;usp&#46;&#98;&#114;<\/p>\n<p>&nbsp;<\/p>\n<p><strong>Normas<\/strong><\/p>\n<p>&#8211; <a href=\"https:\/\/www.forp.usp.br\/wp-content\/uploads\/2025\/01\/Regimento-da-Comissao-de-Pesquisa-FORP-USP-02-09-2022.pdf\">Regimento da Comiss\u00e3o de Pesquisa &#8211; FORP\/USP<\/a><\/p>\n<p>&nbsp;<\/p>\n<p><strong>PROGRAMAS:<\/strong><\/p>\n<p>&nbsp;<\/p>\n<p><strong>Pr\u00e9-Inicia\u00e7\u00e3o Cient\u00edfica<br \/>\n<\/strong><\/p>\n<ul>\n<li><a href=\"https:\/\/prpi.usp.br\/programas\/pre-iniciacao-cientifica\/\">Pr\u00e9- Inicia\u00e7\u00e3o Cient\u00edfica <\/a><\/li>\n<\/ul>\n<p>&nbsp;<\/p>\n<p><strong>Inicia\u00e7\u00e3o Cient\u00edfica e Tecnol\u00f3gica<br \/>\n<\/strong><\/p>\n<ul>\n<li><a href=\"https:\/\/prpi.usp.br\/programas\/iniciacao-cientifica-e-tecnologica\/\">Inicia\u00e7\u00e3o Cient\u00edfica e Tecnol\u00f3gica<\/a><\/li>\n<\/ul>\n<p>&nbsp;<\/p>\n<p><strong>P\u00f3s-Doutorado<\/strong><\/p>\n<ul>\n<li><a href=\"https:\/\/www.forp.usp.br\/wp-content\/uploads\/2019\/05\/Guia-para-Programa-de-P\u00f3s-Doutorado-da-USP.pdf\" target=\"_blank\" rel=\"noopener noreferrer\">Guia para o Programa de P\u00f3s-Doutorado da USP<\/a><\/li>\n<li><a href=\"https:\/\/leginf.usp.br\/?resolucao=resolucao-copi-no-8689-de-03-de-setembro-de-2024-copy\">Resolu\u00e7\u00e3o CoPI n\u00ba 8.689\/2024<\/a><\/li>\n<li><a href=\"https:\/\/www.forp.usp.br\/wp-content\/uploads\/2023\/04\/Normas-Internas-Pos-Doc-FORP-Aprovada-em-14-04-2023.pdf\">Normas Internas para o Programa de P\u00f3s-Doutorado da FORP\/USP<\/a><\/li>\n<li><a href=\"https:\/\/www.forp.usp.br\/wp-content\/uploads\/2024\/09\/DECLARACAO-PI-POS_DOC.docx\">Declara\u00e7\u00e3o de Reconhecimento de Direitos de Propriedade Intelectual<\/a><\/li>\n<li><a href=\"https:\/\/www.forp.usp.br\/wp-content\/uploads\/2024\/09\/TERMO-DE-COMPROMISSO-POSDOC-SEM-BOLSA.doc\">Termo de Compromisso &#8211; Modalidade Sem Bolsa<\/a><\/li>\n<li><a href=\"https:\/\/www.forp.usp.br\/wp-content\/uploads\/2024\/09\/TERMO-CIENCIA-POSDOC.docx\">Termo de Ci\u00eancia &#8211; Modalidade Afastamento <\/a><\/li>\n<li><a href=\"https:\/\/www.forp.usp.br\/wp-content\/uploads\/2023\/02\/FAQ-Programa-de-Pos-Doutorado2022.pdf\">Perguntas Frequentes \u2013 P\u00f3s-Doutorado\u00a0<\/a><\/li>\n<\/ul>\n<p>&nbsp;<\/p>\n<p><strong>As orienta\u00e7\u00f5es para uso do Sistema est\u00e3o dispon\u00edveis no item \u201cAjuda\u201d (Programas -&gt;P\u00f3s-doutorado -&gt;Ajuda).<\/strong><\/p>\n<p>&nbsp;<\/p>\n<p><strong>Pesquisador Colaborador<br \/>\n<\/strong><\/p>\n<ul>\n<li><a href=\"https:\/\/leginf.usp.br\/?resolucao=resolucao-copi-no-8629-de-15-de-maio-de-2024\">Resolu\u00e7\u00e3o CoPI n\u00ba 8.629\/2024<\/a><\/li>\n<li><a href=\"https:\/\/prp.usp.br\/pesquisador-colaborador\/\">Termo de Ci\u00eancia &#8211; Modalidade Afastamento<\/a><\/li>\n<li><a href=\"https:\/\/prp.usp.br\/pesquisador-colaborador\/\">Termo de Compromisso &#8211; Modalidade Sem Bolsa<\/a><\/li>\n<li><a href=\"https:\/\/prp.usp.br\/pesquisador-colaborador\/\">Declara\u00e7\u00e3o de Reconhecimento de Direitos de Propriedade Intelectual<\/a><\/li>\n<\/ul>\n<p>&nbsp;<\/p>\n<p><strong>As orienta\u00e7\u00f5es para uso do Sistema est\u00e3o dispon\u00edveis no item \u201cAjuda\u201d (Programas -&gt;Pesquisador Colaborador -&gt;Ajuda).<\/strong><\/p>\n<p>&nbsp;<\/p>\n<p>&nbsp;<\/p>\n<p><strong>GRUPOS DE PESQUISA<\/strong><\/p>\n<p><a href=\"https:\/\/www.forp.usp.br\/wp-content\/uploads\/2021\/11\/Website_Guia_Criacao-Grupos-de-Pesquisa-CNPq_19fev201.pdf\">Guia para Cria\u00e7\u00e3o de Grupos de Pesquisa no Diret\u00f3rio do CNPq<\/a><\/p>\n<p><a href=\"https:\/\/www.forp.usp.br\/wp-content\/uploads\/2020\/07\/DOE_Portaria_PRP_648_20182.pdf\">Portaria 648\/2018\/PRP<\/a><\/p>\n<p><a href=\"https:\/\/www.forp.usp.br\/wp-content\/uploads\/2020\/07\/Oficio-Circular_006_2018_Grupos_de_Pesquisa-2.pdf\">Of\u00edcio Circular n\u00ba 006\/2018\/PRP<\/a><\/p>\n<p><a href=\"http:\/\/lattes.cnpq.br\/web\/dgp\">Site do DGP\/Lattes\/CNPq<\/a><\/p>\n<p>&nbsp;<\/p>\n<p><strong>AG\u00caNCIAS DE FORMENTO<br \/>\n<\/strong><\/p>\n<ul>\n<li><a href=\"http:\/\/www.fapesp.br\/\">FAPESP<\/a><\/li>\n<li><a href=\"http:\/\/www.capes.gov.br\/capes\/portal\/\">CAPES<\/a><\/li>\n<li><a href=\"http:\/\/www.cnpq.br\/\">CNPq<\/a><\/li>\n<li><a href=\"http:\/\/www.finep.gov.br\/\">FINEP<\/a><\/li>\n<\/ul>\n<p>&nbsp;<\/p>\n<p><strong>CALEND\u00c1RIO DE REUNI\u00d5ES \u2013 2026<\/strong><\/p>\n<p>As reuni\u00f5es ser\u00e3o realizadas nas datas abaixo, \u00e0s 11h:<\/p>\n<p>06 de fevereiro de 2026<\/p>\n<p>06 de mar\u00e7o de 2026<\/p>\n<p>10 de abril de 2026<\/p>\n<p>08 de maio de 2026<\/p>\n<p>12 de junho de 2026<\/p>\n<p>07 de agosto de 2026<\/p>\n<p>04 de setembro de 2026<\/p>\n<p>02 de outubro de 2026<\/p>\n<p>06 de novembro de 2026<\/p>\n<p>11 de dezembro de 2026<\/p>\n<p>&nbsp;<\/p>\n<p><strong>Boas Pr\u00e1ticas em Pesquisa &#8211; Webinar realizado no dia 26\/03\/2021<\/strong><\/p>\n<p>https:\/\/youtu.be\/slGeBpTmzOA","protected":false},"excerpt":{"rendered":"<p>A Comiss\u00e3o de Pesquisa e Inova\u00e7\u00e3o tra\u00e7a diretrizes e zela pela execu\u00e7\u00e3o dos projetos de pesquisa de Pr\u00e9-Inicia\u00e7\u00e3o Cient\u00edfica, Inicia\u00e7\u00e3o Cient\u00edfica e Tecnol\u00f3gica,\u00a0 P\u00f3s-Doutorado e Pesquisador Colaborador, obedecida a orienta\u00e7\u00e3o geral estabelecida pelos Colegiados superiores da Unidade e pela Universidade. Esta Comiss\u00e3o encontra-se vinculada \u00e0 Se\u00e7\u00e3o de Apoio Institucional da FORP\/USP. &nbsp; Membros: Presidente: Profa. [&hellip;]<\/p>\n","protected":false},"author":16,"featured_media":0,"parent":56,"menu_order":0,"comment_status":"open","ping_status":"open","template":"","meta":{"footnotes":""},"class_list":["post-238","page","type-page","status-publish","hentry"],"publishpress_future_workflow_manual_trigger":{"enabledWorkflows":[]},"_links":{"self":[{"href":"https:\/\/www.forp.usp.br\/index.php?rest_route=\/wp\/v2\/pages\/238","targetHints":{"allow":["GET"]}}],"collection":[{"href":"https:\/\/www.forp.usp.br\/index.php?rest_route=\/wp\/v2\/pages"}],"about":[{"href":"https:\/\/www.forp.usp.br\/index.php?rest_route=\/wp\/v2\/types\/page"}],"author":[{"embeddable":true,"href":"https:\/\/www.forp.usp.br\/index.php?rest_route=\/wp\/v2\/users\/16"}],"replies":[{"embeddable":true,"href":"https:\/\/www.forp.usp.br\/index.php?rest_route=%2Fwp%2Fv2%2Fcomments&post=238"}],"version-history":[{"count":136,"href":"https:\/\/www.forp.usp.br\/index.php?rest_route=\/wp\/v2\/pages\/238\/revisions"}],"predecessor-version":[{"id":11062,"href":"https:\/\/www.forp.usp.br\/index.php?rest_route=\/wp\/v2\/pages\/238\/revisions\/11062"}],"up":[{"embeddable":true,"href":"https:\/\/www.forp.usp.br\/index.php?rest_route=\/wp\/v2\/pages\/56"}],"wp:attachment":[{"href":"https:\/\/www.forp.usp.br\/index.php?rest_route=%2Fwp%2Fv2%2Fmedia&parent=238"}],"curies":[{"name":"wp","href":"https:\/\/api.w.org\/{rel}","templated":true}]}}