{"id":232,"date":"2014-05-15T11:14:06","date_gmt":"2014-05-15T14:14:06","guid":{"rendered":"https:\/\/www.forp.usp.br\/?page_id=232"},"modified":"2026-01-06T13:59:10","modified_gmt":"2026-01-06T16:59:10","slug":"comissao-de-etica-no-uso-de-animais","status":"publish","type":"page","link":"https:\/\/www.forp.usp.br\/?page_id=232","title":{"rendered":"Comiss\u00e3o de \u00c9tica no Uso de Animais"},"content":{"rendered":"Respons\u00e1vel pela aprova\u00e7\u00e3o, controle e vigil\u00e2ncia das atividades de cria\u00e7\u00e3o, ensino e pesquisa cient\u00edfica com animais, bem como da garantia do cumprimento das normas de controle da experimenta\u00e7\u00e3o animal editadas pelo Conselho Nacional de Controle de Experimenta\u00e7\u00e3o Animal &#8211; CONCEA.<\/p>\n<p>&nbsp;<\/p>\n<p>Criada por meio da Portaria da Diretoria n\u00ba 080\/2012, de 13\/12\/2012, a CEUA\/FORP \u00e9 composta por 7 membros titulares e respectivos suplentes, integrada por docentes e pesquisadores que utilizam animais no ensino ou pesquisa cient\u00edfica &#8211; representantes dos Departamentos, veterin\u00e1rio,\u00a0 bi\u00f3logos e representantes de sociedade protetora de animais.<\/p>\n<p>&nbsp;<\/p>\n<p><strong>COMPOSI\u00c7\u00c3O:<\/strong><\/p>\n<p>&nbsp;<\/p>\n<p><strong>INDICADOS PELA DIRE\u00c7\u00c3O:<\/strong><\/p>\n<p><strong>Coordenadora<\/strong>: Prof. Dr. Francisco Wanderley Garcia de Paula e Silva<\/p>\n<p><strong>Vice-Coordenador<\/strong>: Prof. Dr. Alan Grupioni Louren\u00e7o<\/p>\n<p>&nbsp;<\/p>\n<p><strong>Docentes\/Pesquisadores:<\/strong><\/p>\n<p>Profa. Dra. Karina Fittipaldi Bombonato Prado\u00a0 (Titular)<\/p>\n<p>Prof. Dr. S\u00e9rgio Lu\u00eds Scombatti de Souza (Suplente)<\/p>\n<p>&nbsp;<\/p>\n<p>Profa. Dra. Glauce Crivelaro do Nascimento Marangoni (Titular)<\/p>\n<p>Profa. Dra. Fl\u00e1via Aparecida Chaves Furlaneto Messora (Suplente)<\/p>\n<p>&nbsp;<\/p>\n<p>Profa. Dra. Selma Si\u00e9ssere (Titular)<\/p>\n<p>Prof. Dr. Jo\u00e3o Paulo Mardegan Issa (Suplente)<\/p>\n<p>&nbsp;<\/p>\n<p>Profa. Dra. Andiara De Rossi Daldegan (Titular)<\/p>\n<p>Prof. Dr. Fabr\u00edcio Kitazono de Carvalho (Suplente)<\/p>\n<p>&nbsp;<\/p>\n<p><strong>Bi\u00f3logo:<\/strong><\/p>\n<p>Sr. Rinaldo Bueno Ferreira (Titular)<\/p>\n<p>Sr. Paulo Batista de Vasconcelos (Suplente)<\/p>\n<p>&nbsp;<\/p>\n<p><strong>M\u00e9dico Veterin\u00e1rio:<\/strong><\/p>\n<p>Sr. Raphael Martini Vicente\u00a0 (Titular)<\/p>\n<p>Sr.\u00a0 Alexandre Agreli de Melo (Suplente)<\/p>\n<p>&nbsp;<\/p>\n<p><strong>REPRESENTANTE DA SOCIEDADE PROTETORA DE ANIMAIS:<\/strong><\/p>\n<p><strong>Consultor <em>Ad Hoc:<\/em><\/strong><\/p>\n<p>Sr. Thiago Bernardo Pedro (Titular)<\/p>\n<p>Sr. Ot\u00e1vio Guilherme Gon\u00e7alves de Almeida (Suplente)<\/p>\n<p>&nbsp;<\/p>\n<p><strong>Secret\u00e1ria: <\/strong>Sra. Ana Aparecida Ferreira do Nascimento<\/p>\n<p>Telefone: (16) 3315-0251<\/p>\n<p>e-mail: <a href=\"&#x6d;&#97;&#x69;&#x6c;t&#x6f;&#58;c&#x65;&#117;a&#x40;&#102;&#x6f;&#x72;p&#x2e;&#117;s&#x70;&#46;b&#x72;\">c&#101;&#117;&#x61;&#x40;f&#111;&#114;&#x70;&#x2e;&#x75;s&#112;&#46;&#x62;&#x72;<\/a><\/p>\n<p>&nbsp;<\/p>\n<p><strong>SUBMISS\u00c3O DE PROJETOS:<\/strong><\/p>\n<p><strong>A partir de 04\/01\/2021, as submiss\u00f5es de projetos para aprecia\u00e7\u00e3o da CEUA\/FORP dever\u00e3o ser feitas pelo Pesquisador Respons\u00e1vel (Docente FORP) exclusivamente pelo <\/strong><a href=\"http:\/\/ceua-dev.imt.usp.br\"><strong>Sistema online para Gest\u00e3o da CEUA<\/strong><\/a><strong>, oferecido pela Pr\u00f3-Reitoria de Pesquisa.<\/strong><\/p>\n<p><strong>IMPORTANTE:<\/strong> Projetos multic\u00eantricos devem ser apreciados nas diferentes CEUAs das Institui\u00e7\u00f5es dos pesquisadores envolvidos. Para pesquisadores da FORP\/USP, o projeto completo dever\u00e1 ser apresentado \u00e0 CEUA e deve ser detalhado qual etapa da experimenta\u00e7\u00e3o animal ser\u00e1 feita na Unidade.<\/p>\n<p>&nbsp;<\/p>\n<p><strong>CADASTRO DE DOCENTES PARA UTILIZA\u00c7\u00c3O DO SISTEMA CEUA:<\/strong><\/p>\n<p>Para solicitar o cadastro de docentes da FORP para utiliza\u00e7\u00e3o do Sistema, dever\u00e1 encaminhado e-mail para: &#x63;e&#x75;&#97;&#x40;&#102;o&#x72;p&#x2e;&#117;&#x73;&#112;&#46;&#x62;&#114;, informando os dados abaixo.<\/p>\n<ul>\n<li>Nome Completo<\/li>\n<li>CPF<\/li>\n<li>E-mail<\/li>\n<li>Endere\u00e7o do CV Lattes<\/li>\n<li>Telefone<\/li>\n<\/ul>\n<p>&nbsp;<\/p>\n<p><strong><a href=\"https:\/\/www.forp.usp.br\/wp-content\/uploads\/2021\/01\/Manual-Pesquisador.pdf\">Manual \u2013 Pesquisador\u00a0<\/a><\/strong><\/p>\n<p>&nbsp;<\/p>\n<p><a href=\"https:\/\/www.forp.usp.br\/wp-content\/uploads\/2025\/08\/Check-list-para-submissao-de-projetos-CEUA-12-08-2025.pdf\"><strong>Check-list para submiss\u00e3o de projetos CEUA<\/strong><\/a><\/p>\n<p>&nbsp;<\/p>\n<p><strong>RELAT\u00d3RIOS<\/strong><\/p>\n<p><strong>Para todos os projetos cadastrados no Sistema CEUA, dever\u00e3o ser apresentados Relat\u00f3rios Parciais a cada 12 meses de execu\u00e7\u00e3o<\/strong>, assim como o <strong>Relat\u00f3rio Final\u00a0 ap\u00f3s a conclus\u00e3o, conforme cobran\u00e7as autom\u00e1ticas do Sistema.<\/strong><\/p>\n<p>Ao submeter o Relat\u00f3rio Final no sistema, o pesquisador dever\u00e1 anexar o arquivo do documento <strong>elaborado de acordo com o \u201c<a href=\"https:\/\/www.forp.usp.br\/wp-content\/uploads\/2025\/03\/Formulario-Realtorio-Final-Pesquisador.doc\">Formul\u00e1rio para Relat\u00f3rio Final &#8211; Pesquisador<\/a>\u201d\u00a0<\/strong><\/p>\n<p><strong>Para os projetos submetidos anteriormente \u00e0 utiliza\u00e7\u00e3o do Sistema\u00a0 continuar\u00e1 sendo solicitado apenas o Relat\u00f3rio Final<\/strong>, <strong>elaborado de acordo com o documento \u201c<a href=\"https:\/\/www.forp.usp.br\/wp-content\/uploads\/2025\/03\/Formulario-Realtorio-Final-Pesquisador.doc\">Formul\u00e1rio para Relat\u00f3rio Final &#8211; Pesquisador<\/a>\u201d<\/strong> <strong>e enviado para o e-mail &#x63;&#x65;&#x75;&#97;&#64;fo&#x72;&#x70;&#x2e;&#117;&#115;p&#46;&#x62;&#x72; <\/strong><\/p>\n<div><\/div>\n<div><\/div>\n<p>&nbsp;<\/p>\n<p>&nbsp;<\/p>\n<p style=\"line-height: 150%\"><strong>**NOVO PROCEDIMENTO PARA REQUISI\u00c7\u00c3O DE ANIMAIS A PARTIR DO DIA 29\/10\/2024**<\/strong><\/p>\n<p style=\"line-height: 150%\"><strong>Os pedidos dever\u00e3o realizados, obrigatoriamente, pelo link: <\/strong><\/p>\n<p style=\"line-height: 150%\"><a href=\"https:\/\/sistemas.prefeiturarp.usp.br\/bioterio\/frm_req_animais1.php\">https:\/\/sistemas.prefeiturarp.usp.br\/bioterio\/frm_req_animais1.php<\/a><\/p>\n<p style=\"line-height: 150%\"><strong>Obs<\/strong>.: O acesso ao formul\u00e1rio eletr\u00f4nico \u00e9 atrav\u00e9s da senha \u00fanica dos Sistemas USP.<\/p>\n<p style=\"line-height: 150%\"><strong>IMPORTANTE:<\/strong> O \u00a0Usu\u00e1rio que cadastrar a Requisi\u00e7\u00e3o, ao receber o e-mail autom\u00e1tico do Sistema dever\u00e1, imediatamente reenvi\u00e1-lo para o e-mail do Pesquisador Respons\u00e1vel pelo Projeto (e do Pesquisador Pagante, quando forem diferentes) e para o e-mail <a href=\"&#x6d;a&#x69;&#108;&#x74;&#111;:&#x62;i&#x6f;&#116;&#x65;&#114;i&#x6f;&#115;&#x40;&#102;o&#x72;p&#x2e;&#117;&#x73;&#112;&#46;&#x62;r\"><span style=\"text-decoration: none\">&#98;&#x69;&#111;&#x74;e&#x72;i&#111;&#x73;&#64;&#x66;&#111;&#x72;p&#x2e;u&#115;&#x70;&#46;&#x62;r<\/span><\/a>.<\/p>\n<p style=\"line-height: 150%\"><strong>**<\/strong> O e-mail <a href=\"&#109;a&#x69;l&#x74;o&#x3a;b&#x69;o&#x74;e&#x72;&#105;&#x6f;&#115;&#x40;&#102;&#x6f;&#114;&#x70;&#46;&#x75;&#115;&#x70;&#46;b&#x72;\"><span style=\"text-decoration: none\">&#x62;&#x69;&#x6f;&#x74;&#101;&#114;ios&#x40;&#x66;&#x6f;&#x72;&#112;&#46;usp&#x2e;&#x62;&#x72;<\/span><\/a> destina-se exclusivamente para este fim e n\u00e3o deve ser utilizado para envio de quaisquer outras mensagens.<\/p>\n<p>&nbsp;<\/p>\n<p><strong>LEGISLA\u00c7\u00c3O:<\/strong><\/p>\n<p>Regimento da <a href=\"https:\/\/www.forp.usp.br\/wp-content\/uploads\/2024\/01\/Regimento-CEUA-29-08-2023.pdf\">CEUA\/FORP<\/a><\/p>\n<p><a href=\"https:\/\/www.forp.usp.br\/wp-content\/uploads\/2019\/07\/normaseticasceua2013.pdf\">Normas \u00c9ticas &#8211; CEUA\/FORP<\/a><\/p>\n<p><a href=\"http:\/\/www.mctic.gov.br\/mctic\/opencms\/institucional\/concea\/index.html\">Conselho Nacional de Controle de Experimenta\u00e7\u00e3o Animal &#8211; CONCEA<\/a><\/p>\n<p><a href=\"https:\/\/www.forp.usp.br\/wp-content\/uploads\/2019\/07\/leiarouca.pdf\">Lei n\u00ba 11.794, de 08 de outubro de 2008<\/a><\/p>\n<p>Recomenda\u00e7\u00e3o Anestesia &#8211; <a href=\"https:\/\/www.forp.usp.br\/wp-content\/uploads\/2019\/07\/anestesicos_NIH_por_especies.pdf\">Tabela NIH (National Institutes of Health)<\/a><\/p>\n<p><a href=\"https:\/\/www.forp.usp.br\/wp-content\/uploads\/2025\/08\/DBCA-2024.pdf\">Diretriz Brasileira para o Cuidado e a Utiliza\u00e7\u00e3o de Animais para Fins Cient\u00edficos e Did\u00e1ticos &#8211; CONCEA &#8211; DBCA<\/a><\/p>\n<div>\n<div title=\"Page 1\">\n<div>\n<div>\n<p><a href=\"https:\/\/www.forp.usp.br\/wp-content\/uploads\/2021\/06\/RESOLUCAO-NORMATIVA-No-53.pdf\">RESOLUC\u0327A\u0303O NORMATIVA CONCEA\/MCTI No 53, DE 19 DE MAIO DE 2021, em complemento \u00e0 DBCA<\/a><\/p>\n<\/div>\n<\/div>\n<\/div>\n<\/div>\n<p><a href=\"https:\/\/www.forp.usp.br\/wp-content\/uploads\/2019\/07\/eutanasiaconcea.pdf\">Diretrizes da Pr\u00e1tica de Eutan\u00e1sia &#8211; CONCEA<\/a><\/p>\n<p><a href=\"https:\/\/www.forp.usp.br\/wp-content\/uploads\/2019\/07\/guiamv.pdf\">Guia Brasileiro de Boas Pr\u00e1ticas para a Eutan\u00e1sia em Animais &#8211; CFMV<\/a><\/p>\n<p><a href=\"http:\/\/www.nc3rs.org.uk\/sites\/default\/files\/documents\/Guidelines\/ARRIVE%20in%20portuguese%20%28Brazilian%29.pdf\">Diretrizes ARRIVE &#8211; Animal Research: Reporting of In Vivo Experiments<\/a><\/p>\n<p><a href=\"https:\/\/www.forp.usp.br\/wp-content\/uploads\/2019\/07\/overview_exp_design.pdf\">Delineamento Experimental e An\u00e1lise Estat\u00edstica &#8211; Overview of Several Experimental Designs and Analyses (Barcelona)<\/a><\/p>\n<p><a href=\"https:\/\/www.forp.usp.br\/wp-content\/uploads\/2023\/09\/RESOLUCAO-CONCEA_MCTI-No-49-DE-7-DE-Maio-DE-2021.pdf\">Resolu\u00e7\u00e3o Normativa CONCEA no. 49, de 7 maio de 2021\u00a0<\/a><\/p>\n<p>&nbsp;<\/p>\n<p><strong><a href=\"https:\/\/ww3.icb.usp.br\/principios-eticos-e-manejo-em-pesquisa\/\">CURSO DE CAPACITA\u00c7\u00c3O NO USO DE ANIMAIS<\/a><br \/>\n<\/strong><\/p>\n<p>&nbsp;<\/p>\n<p><strong>CALEND\u00c1RIO DE REUNI\u00d5ES \u2013 2026<\/strong><\/p>\n<p>As reuni\u00f5es ser\u00e3o realizadas nas datas abaixo, \u00e0s 9h:<\/p>\n<p>11 de fevereiro de 2026<\/p>\n<p>11 de mar\u00e7o de 2026<\/p>\n<p>08 de abril de 2026<\/p>\n<p>06 de maio de 2026<\/p>\n<p>10 de junho de 2026<\/p>\n<p>12 de agosto de 2026<\/p>\n<p>09 de setembro de 2026<\/p>\n<p>07 de outubro de 2026<\/p>\n<p>11 de novembro de 2026<\/p>\n<p>09 de dezembro de 2026<\/p>","protected":false},"excerpt":{"rendered":"<p>Respons\u00e1vel pela aprova\u00e7\u00e3o, controle e vigil\u00e2ncia das atividades de cria\u00e7\u00e3o, ensino e pesquisa cient\u00edfica com animais, bem como da garantia do cumprimento das normas de controle da experimenta\u00e7\u00e3o animal editadas pelo Conselho Nacional de Controle de Experimenta\u00e7\u00e3o Animal &#8211; CONCEA. &nbsp; Criada por meio da Portaria da Diretoria n\u00ba 080\/2012, de 13\/12\/2012, a CEUA\/FORP \u00e9 [&hellip;]<\/p>\n","protected":false},"author":16,"featured_media":0,"parent":56,"menu_order":0,"comment_status":"open","ping_status":"open","template":"","meta":{"footnotes":""},"class_list":["post-232","page","type-page","status-publish","hentry"],"publishpress_future_workflow_manual_trigger":{"enabledWorkflows":[]},"_links":{"self":[{"href":"https:\/\/www.forp.usp.br\/index.php?rest_route=\/wp\/v2\/pages\/232","targetHints":{"allow":["GET"]}}],"collection":[{"href":"https:\/\/www.forp.usp.br\/index.php?rest_route=\/wp\/v2\/pages"}],"about":[{"href":"https:\/\/www.forp.usp.br\/index.php?rest_route=\/wp\/v2\/types\/page"}],"author":[{"embeddable":true,"href":"https:\/\/www.forp.usp.br\/index.php?rest_route=\/wp\/v2\/users\/16"}],"replies":[{"embeddable":true,"href":"https:\/\/www.forp.usp.br\/index.php?rest_route=%2Fwp%2Fv2%2Fcomments&post=232"}],"version-history":[{"count":109,"href":"https:\/\/www.forp.usp.br\/index.php?rest_route=\/wp\/v2\/pages\/232\/revisions"}],"predecessor-version":[{"id":12514,"href":"https:\/\/www.forp.usp.br\/index.php?rest_route=\/wp\/v2\/pages\/232\/revisions\/12514"}],"up":[{"embeddable":true,"href":"https:\/\/www.forp.usp.br\/index.php?rest_route=\/wp\/v2\/pages\/56"}],"wp:attachment":[{"href":"https:\/\/www.forp.usp.br\/index.php?rest_route=%2Fwp%2Fv2%2Fmedia&parent=232"}],"curies":[{"name":"wp","href":"https:\/\/api.w.org\/{rel}","templated":true}]}}