{"id":178,"date":"2014-05-13T18:26:12","date_gmt":"2014-05-13T21:26:12","guid":{"rendered":"https:\/\/www.forp.usp.br\/?page_id=178"},"modified":"2026-03-10T11:43:25","modified_gmt":"2026-03-10T14:43:25","slug":"conselho-tecnico-administrativo-cta","status":"publish","type":"page","link":"https:\/\/www.forp.usp.br\/?page_id=178","title":{"rendered":"Conselho T\u00e9cnico-Administrativo &#8211; CTA"},"content":{"rendered":"O CTA &#8211; Conselho T\u00e9cnico-Administrativo \u00e9 o respons\u00e1vel pelas fun\u00e7\u00f5es decis\u00f3rias, de cunho administrativo. O CTA \u00e9 composto pelo Diretor, Vice-Diretor, os Chefes de Departamentos, representantes dos docentes, discente e dos funcion\u00e1rios.<\/p>\n<p><strong>Membros:<\/strong><\/p>\n<p>Diretor: Prof. Dr. Ricardo Gariba Silva<br \/>\nMandato: 12\/01\/2024 a 11\/01\/2028<br \/>\nVice-Diretor: Prof. Dr. Paulo Nelson Filho<br \/>\nMandato: 12\/01\/2024 a 11\/01\/2028<\/p>\n<p>Departamento de Cirurgia e Traumatologia Buco-Maxilo-Facial e Periodontia<br \/>\nChefe: Prof. Dr. Sergio Luis Scombatti de Souza<br \/>\nMandato: 30\/03\/2025 a 29\/03\/2027<br \/>\nSuplente: Prof. Dr. Michel Reis Messora<br \/>\nMandato: 30\/03\/2025 a 29\/03\/2027<\/p>\n<p>Departamento de Cl\u00ednica Infantil<br \/>\nChefe: Profa. Dra. Alexandra Mussolino de Queiroz<br \/>\nMandato: 13\/10\/2024 a 12\/10\/2026<br \/>\nSuplente: Profa. Dra. L\u00e9a Assed Bezerra da Silva<br \/>\nMandato: 13\/10\/2024 a 12\/10\/2026<\/p>\n<p>Departamento de Estomatologia, Sa\u00fade Coletiva e Odontologia Social<br \/>\nChefe: Prof. Dr. Wilson Mestriner J\u00fanior<br \/>\nMandato: 06\/10\/2024 a 05\/10\/2026<br \/>\nSuplente: Prof. Dr. Ricardo Henrique Alves da Silva<br \/>\nMandato: 06\/10\/2024 a 05\/10\/2026<\/p>\n<p>Departamento de Materiais Dent\u00e1rios e Pr\u00f3tese<br \/>\nChefe: Profa. Dra. Camila Tirapelli<br \/>\nMandato: 27\/09\/2024 a 26\/09\/2026<br \/>\nSuplente: Prof. Dr. Vin\u00edcius Pedrazzi<br \/>\nMandato: 27\/09\/2024 a 26\/09\/2026<\/p>\n<p>Departamento de Biologia B\u00e1sica e Oral<br \/>\nChefe: Profa. Dra. Simone Cecilio Hallak Regalo<br \/>\nMandato:06\/10\/2024 a 05\/10\/2026<br \/>\nSuplente: Profa. Dra. Elaine Aparecida Del Bel Belluz Guimar\u00e3es<br \/>\nMandato: 06\/10\/2024 a 05\/10\/2026<\/p>\n<p>Departamento de Odontologia Restauradora<br \/>\nChefe: Prof. Dr. Manoel Dami\u00e3o de Sousa Neto<br \/>\nMandato: 08\/09\/2024 a 07\/09\/2026<br \/>\nSuplente: Profa. Dra. Aline Evangelista de Souza Gabriel<br \/>\nMandato: 08\/09\/2024 a 07\/09\/2026<\/p>\n<p>Supervis\u00e3o de Cl\u00ednicas<br \/>\nSupervisor: Prof. Dr. F\u00e1bio Louren\u00e7o Romano<br \/>\nMandato: In\u00edcio em 15\/01\/2024<br \/>\nSuplente: Prof. Dr. Antonio Miranda da Cruz Filho<br \/>\nMandato: In\u00edcio em 30\/11\/2016<\/p>\n<p>Representante dos Docentes<br \/>\nTitular: Profa. Dra. Selma Si\u00e9ssere<br \/>\nSuplente: Prof. Dr. Fabr\u00edcio Kitazono de Carvalho<br \/>\nMandato: 07\/11\/2024 a 06\/11\/2026<\/p>\n<p>Representante dos Servidores T\u00e9cnicos e Administrativos<br \/>\nTitular: Sra. Clelia Aparecida Celino<br \/>\nSuplente: Sr. Carlos Feitosa dos Santos<br \/>\nMandato: 09\/02\/2026 a 08\/02\/2028<\/p>\n<p>Representantes Discentes<br \/>\nTitular: PG. Marcela Amanda Vieira<br \/>\nSuplente: PG. Ana Paula Gomes e Moura<br \/>\nMandato: 14\/11\/2025 a 13\/11\/2026<\/p>\n<p><strong>Calend\u00e1rio de reuni\u00f5es:<\/strong><\/p>\n<p><strong>Data\u00a0 \u00a0 \u00a0 \u00a0 \u00a0 \u00a0 \u00a0 \u00a0 \u00a0 Hor\u00e1rio\u00a0 \u00a0 \u00a0 \u00a0 \u00a0 \u00a0 \u00a0 \u00a0 \u00a0 \u00a0 \u00a0 \u00a0 \u00a0 \u00a0 \u00a0 Local<\/strong><\/p>\n<p>09\/02\/2026\u00a0 \u00a0 \u00a0 \u00a0 \u00a09 horas\u00a0 \u00a0 \u00a0 \u00a0 \u00a0 \u00a0 \u00a0 \u00a0 \u00a0 \u00a0 \u00a0 \u00a0 \u00a0 \u00a0 \u00a0Sal\u00e3o Nobre<\/p>\n<p>09\/03\/2026\u00a0 \u00a0 \u00a0 \u00a0 \u00a09 horas\u00a0 \u00a0 \u00a0 \u00a0 \u00a0 \u00a0 \u00a0 \u00a0 \u00a0 \u00a0 \u00a0 \u00a0 \u00a0 \u00a0 \u00a0Sal\u00e3o Nobre<\/p>\n<p>06\/04\/2026\u00a0 \u00a0 \u00a0 \u00a0 9 horas\u00a0 \u00a0 \u00a0 \u00a0 \u00a0 \u00a0 \u00a0 \u00a0 \u00a0 \u00a0 \u00a0 \u00a0 \u00a0 \u00a0 \u00a0 Sal\u00e3o Nobre<\/p>\n<p>11\/05\/2026\u00a0 \u00a0 \u00a0 \u00a0 \u00a09 horas\u00a0 \u00a0 \u00a0 \u00a0 \u00a0 \u00a0 \u00a0 \u00a0 \u00a0 \u00a0 \u00a0 \u00a0 \u00a0 \u00a0 \u00a0 Sal\u00e3o Nobre<\/p>\n<p>08\/06\/2026\u00a0 \u00a0 \u00a0 \u00a0 \u00a09 horas\u00a0 \u00a0 \u00a0 \u00a0 \u00a0 \u00a0 \u00a0 \u00a0 \u00a0 \u00a0 \u00a0 \u00a0 \u00a0 \u00a0 \u00a0Sal\u00e3o Nobre<\/p>\n<p>10\/08\/2026\u00a0 \u00a0 \u00a0 \u00a0 \u00a0 9 horas\u00a0 \u00a0 \u00a0 \u00a0 \u00a0 \u00a0 \u00a0 \u00a0 \u00a0 \u00a0 \u00a0 \u00a0 \u00a0 \u00a0 \u00a0Sal\u00e3o Nobre<\/p>\n<p>14\/09\/2026\u00a0 \u00a0 \u00a0 \u00a0 \u00a09 horas\u00a0 \u00a0 \u00a0 \u00a0 \u00a0 \u00a0 \u00a0 \u00a0 \u00a0 \u00a0 \u00a0 \u00a0 \u00a0 \u00a0 \u00a0Sal\u00e3o Nobre<\/p>\n<p>05\/10\/2026\u00a0 \u00a0 \u00a0 \u00a0 \u00a0 9 horas\u00a0 \u00a0 \u00a0 \u00a0 \u00a0 \u00a0 \u00a0 \u00a0 \u00a0 \u00a0 \u00a0 \u00a0 \u00a0 \u00a0 \u00a0Sal\u00e3o Nobre<\/p>\n<p>09\/11\/2026\u00a0 \u00a0 \u00a0 \u00a0 \u00a0 9 horas\u00a0 \u00a0 \u00a0 \u00a0 \u00a0 \u00a0 \u00a0 \u00a0 \u00a0 \u00a0 \u00a0 \u00a0 \u00a0 \u00a0 \u00a0Sal\u00e3o Nobre<\/p>\n<p>07\/12\/2026\u00a0 \u00a0 \u00a0 \u00a0 \u00a09 horas\u00a0 \u00a0 \u00a0 \u00a0 \u00a0 \u00a0 \u00a0 \u00a0 \u00a0 \u00a0 \u00a0 \u00a0 \u00a0 \u00a0 \u00a0 Sal\u00e3o Nobre","protected":false},"excerpt":{"rendered":"<p>O CTA &#8211; Conselho T\u00e9cnico-Administrativo \u00e9 o respons\u00e1vel pelas fun\u00e7\u00f5es decis\u00f3rias, de cunho administrativo. O CTA \u00e9 composto pelo Diretor, Vice-Diretor, os Chefes de Departamentos, representantes dos docentes, discente e dos funcion\u00e1rios. Membros: Diretor: Prof. Dr. Ricardo Gariba Silva Mandato: 12\/01\/2024 a 11\/01\/2028 Vice-Diretor: Prof. Dr. Paulo Nelson Filho Mandato: 12\/01\/2024 a 11\/01\/2028 Departamento de [&hellip;]<\/p>\n","protected":false},"author":6,"featured_media":0,"parent":54,"menu_order":0,"comment_status":"open","ping_status":"closed","template":"","meta":{"footnotes":""},"class_list":["post-178","page","type-page","status-publish","hentry"],"publishpress_future_workflow_manual_trigger":{"enabledWorkflows":[]},"_links":{"self":[{"href":"https:\/\/www.forp.usp.br\/index.php?rest_route=\/wp\/v2\/pages\/178","targetHints":{"allow":["GET"]}}],"collection":[{"href":"https:\/\/www.forp.usp.br\/index.php?rest_route=\/wp\/v2\/pages"}],"about":[{"href":"https:\/\/www.forp.usp.br\/index.php?rest_route=\/wp\/v2\/types\/page"}],"author":[{"embeddable":true,"href":"https:\/\/www.forp.usp.br\/index.php?rest_route=\/wp\/v2\/users\/6"}],"replies":[{"embeddable":true,"href":"https:\/\/www.forp.usp.br\/index.php?rest_route=%2Fwp%2Fv2%2Fcomments&post=178"}],"version-history":[{"count":72,"href":"https:\/\/www.forp.usp.br\/index.php?rest_route=\/wp\/v2\/pages\/178\/revisions"}],"predecessor-version":[{"id":13669,"href":"https:\/\/www.forp.usp.br\/index.php?rest_route=\/wp\/v2\/pages\/178\/revisions\/13669"}],"up":[{"embeddable":true,"href":"https:\/\/www.forp.usp.br\/index.php?rest_route=\/wp\/v2\/pages\/54"}],"wp:attachment":[{"href":"https:\/\/www.forp.usp.br\/index.php?rest_route=%2Fwp%2Fv2%2Fmedia&parent=178"}],"curies":[{"name":"wp","href":"https:\/\/api.w.org\/{rel}","templated":true}]}}