{"id":175,"date":"2014-05-13T18:24:33","date_gmt":"2014-05-13T21:24:33","guid":{"rendered":"https:\/\/www.forp.usp.br\/?page_id=175"},"modified":"2026-02-23T11:46:38","modified_gmt":"2026-02-23T14:46:38","slug":"congregacao","status":"publish","type":"page","link":"https:\/\/www.forp.usp.br\/?page_id=175","title":{"rendered":"Congrega\u00e7\u00e3o"},"content":{"rendered":"<p style=\"text-align: justify\">A Congrega\u00e7\u00e3o \u00e9 o \u00f3rg\u00e3o consultivo e deliberativo superior da FORP. Dela fazem parte o Diretor da Escola (que \u00e9 seu Presidente), o Vice-Diretor,\u00a0 os Presidentes de Comiss\u00f5es, Chefes de Departamento, representantes das categorias docentes, representantes dos servidores t\u00e9cnico-administrativos, representantes discentes e representante dos antigos alunos.<\/p>\n<p><strong>COMPOSI\u00c7\u00c3O<\/strong><\/p>\n<p><strong>Membros:<\/strong><\/p>\n<p><strong>Diretor<\/strong>: Prof. Dr. Ricardo Gariba Silva<\/p>\n<p>Mandato: 12\/01\/2024 a 11\/01\/2028<\/p>\n<p><strong>Vice-Diretor<\/strong>: Prof. Dr. Paulo Nelson Filho<\/p>\n<p>Mandato: 12\/01\/2024 a 11\/01\/2028<\/p>\n<p><strong><em>PRESIDENTES DE COMISS\u00d5ES<\/em><\/strong><\/p>\n<p>GRADUA\u00c7\u00c3O:<\/p>\n<p>Presidente: Prof. Dr. Michel Reis Messora<br \/>\nMandato: <span id=\"OBJ_PREFIX_DWT1284_com_zimbra_date\" class=\"Object\"><span id=\"OBJ_PREFIX_DWT1288_com_zimbra_date\" class=\"Object\">15\/01\/2026 a 11\/01\/2028<\/span><\/span><br \/>\nSuplente: Profa. Dra. Karina Fittipaldi Bombonato Prado<br \/>\nMandato: <span id=\"OBJ_PREFIX_DWT1284_com_zimbra_date\" class=\"Object\"><span id=\"OBJ_PREFIX_DWT1288_com_zimbra_date\" class=\"Object\">15\/01\/2026 a 11\/01\/2028<\/span><\/span><\/p>\n<p>P\u00d3S-GRADUA\u00c7\u00c3O:<\/p>\n<p>Presidente: Profa. Dra. Raquel Assed Bezerra da Silva<br \/>\nMandato: <span id=\"OBJ_PREFIX_DWT1284_com_zimbra_date\" class=\"Object\"><span id=\"OBJ_PREFIX_DWT1288_com_zimbra_date\" class=\"Object\">15\/01\/2026 a 11\/01\/2028<\/span><\/span><br \/>\nSuplente: Prof. Dr. Antonio Miranda da Cruz Filho<br \/>\nMandato: <span id=\"OBJ_PREFIX_DWT1284_com_zimbra_date\" class=\"Object\"><span id=\"OBJ_PREFIX_DWT1288_com_zimbra_date\" class=\"Object\">15\/01\/2026 a 11\/01\/2028<\/span><\/span><\/p>\n<p>PESQUISA E INOVA\u00c7\u00c2O:<\/p>\n<p>Presidente: Profa. Dra. Elaine Aparecida Del Bel Belluz Guimar\u00e3es<br \/>\nMandato: <span id=\"OBJ_PREFIX_DWT1284_com_zimbra_date\" class=\"Object\"><span id=\"OBJ_PREFIX_DWT1288_com_zimbra_date\" class=\"Object\">15\/01\/2026 a 11\/01\/2028<\/span><\/span><br \/>\nSuplente: Profa. Dra. Daniela Bazan Palioto Bulle<br \/>\nMandato: <span id=\"OBJ_PREFIX_DWT1284_com_zimbra_date\" class=\"Object\"><span id=\"OBJ_PREFIX_DWT1288_com_zimbra_date\" class=\"Object\">15\/01\/2026 a 11\/01\/2028<\/span><\/span><\/p>\n<p>CULTURA E EXTENS\u00c3O UNIVERSIT\u00c1RIA:<\/p>\n<p>Presidente: Profa. Dra. Fernanda de Carvalho Panzeri<br \/>\nMandato: <span id=\"OBJ_PREFIX_DWT1284_com_zimbra_date\" class=\"Object\"><span id=\"OBJ_PREFIX_DWT1288_com_zimbra_date\" class=\"Object\">15\/01\/2026 a 11\/01\/2028<\/span><\/span><br \/>\nSuplente: Profa. Dra. Soraya Fernandes Mestriner<br \/>\nMandato: <span id=\"OBJ_PREFIX_DWT1284_com_zimbra_date\" class=\"Object\"><span id=\"OBJ_PREFIX_DWT1288_com_zimbra_date\" class=\"Object\">15\/01\/2026 a 11\/01\/2028<\/span><\/span><\/p>\n<p>INCLUS\u00c3O E PERTENCIIMENTO:<\/p>\n<p>Presidente: Profa. Dra. Simone Cec\u00edlio Hallak Regalo<br \/>\nMandato: <span id=\"OBJ_PREFIX_DWT1284_com_zimbra_date\" class=\"Object\"><span id=\"OBJ_PREFIX_DWT1288_com_zimbra_date\" class=\"Object\">15\/01\/2026 a 11\/01\/2028<\/span><\/span><br \/>\nSuplente: Profa. Dra. Alma Bl\u00e1sida Concepci\u00f3n Elizaur Benitez Catirse<br \/>\nMandato: <span id=\"OBJ_PREFIX_DWT1284_com_zimbra_date\" class=\"Object\"><span id=\"OBJ_PREFIX_DWT1288_com_zimbra_date\" class=\"Object\">15\/01\/2026 a 11\/01\/2028<\/span><\/span><\/p>\n<p><strong><em>CHEFES DE DEPARTAMENTOS<\/em><\/strong><\/p>\n<p>Departamento de Cirurgia e Traumatologia Buco-Maxilo-Facial e Periodontia<br \/>\nChefe: Prof. Dr. Sergio Luis Scombatti de Souza<br \/>\nMandato: 30\/03\/2025 a 29\/03\/2027<br \/>\nSuplente: Prof. Dr. Michel Reis Messora<br \/>\nMandato: 30\/03\/2025 a 29\/03\/2027<\/p>\n<p>Departamento de Cl\u00ednica Infantil<br \/>\nChefe: Profa. Dra. Alexandra Mussolino de Queiroz<br \/>\nMandato: 13\/10\/2024 a 12\/10\/2026<br \/>\nSuplente: Profa. Dra. L\u00e9a Assed Bezerra da Silva<br \/>\nMandato: 13\/10\/2024 a 12\/10\/2026<\/p>\n<p>Departamento de Estomatologia, Sa\u00fade Coletiva e Odontologia Social<br \/>\nChefe: Prof. Dr. Wilson Mestriner J\u00fanior<br \/>\nMandato: 06\/10\/2024 a 05\/10\/2026<br \/>\nSuplente: Prof. Dr. Ricardo Henrique Alves da Silva<br \/>\nMandato: 06\/10\/2024 a 05\/10\/2026<\/p>\n<p>Departamento de Materiais Dent\u00e1rios e Pr\u00f3tese<br \/>\nChefe: Profa. Dra. Camila Tirapelli<br \/>\nMandato: 27\/09\/2024 a 26\/09\/2026<br \/>\nSuplente: Prof. Dr. Vin\u00edcius Pedrazzi<br \/>\nMandato: 27\/09\/2024 a 26\/09\/2026<\/p>\n<p>Departamento de Biologia B\u00e1sica e Oral<br \/>\nChefe: Profa. Dra. Simone Cecilio Hallak Regalo<br \/>\nMandato:06\/10\/2024 a 05\/10\/2026<br \/>\nSuplente: Profa. Dra. Elaine Aparecida Del Bel Belluz Guimar\u00e3es<br \/>\nMandato: 06\/10\/2024 a 05\/10\/2026<\/p>\n<p>Departamento de Odontologia Restauradora<br \/>\nChefe: Prof. Dr. Manoel Dami\u00e3o de Sousa Neto<br \/>\nMandato: 08\/09\/2024 a 07\/09\/2026<br \/>\nSuplente: Profa. Dra. Aline Evangelista de Souza Gabriel<br \/>\nMandato: 08\/09\/2024 a 07\/09\/2026<\/p>\n<p><strong><em>PROFESSORES TITULARES<\/em><\/strong><\/p>\n<p>Prof. Dr. Adalberto Luiz Rosa<br \/>\nProfa. Dra. Alexandra Mussolino de Queiroz<br \/>\nProf. Dr. Antonio Miranda da Cruz Filho<br \/>\nProf. Dr. Arthur Bel\u00e9m Novaes J\u00fanior<br \/>\nProfa. Dra. Cl\u00e1udia Helena Lovato da Silva<br \/>\nProfa. Dra. Elaine Aparecida Del Bel Belluz Guimar\u00e3es<br \/>\nProfa. Dra. Fernanda de Carvalho Panzeri<br \/>\nProf. Dr. Luiz Guilherme de Siqueira Branco<br \/>\nProf. Dr. Manoel Dami\u00e3o de Sousa Neto<br \/>\nProf. Dr. M\u00e1rcio Mateus Beloti<br \/>\nProfa. Dra. Maria Cristina Borsato<br \/>\nProf. Dr. Paulo Nelson Filho<br \/>\nProf. Dr. Plauto Christopher Aranha Watanabe<br \/>\nProfa. Dra. Raquel Assed Bezerra da Silva<br \/>\nProfa. Dra. Regina Guenka Palma Dibb<br \/>\nProf. Dr. Ricardo Faria Ribeiro<br \/>\nProf. Dr. Ricardo Gariba Silva<br \/>\nProf. Dr. Sergio Luis Scombatti de Souza<br \/>\nProfa. Dra. Simone Cec\u00edlio Hallak Regalo<br \/>\nProf. Dr. Vin\u00edcius Pedrazzi<br \/>\nProf. Dr. Wilson Mestriner J\u00fanior<\/p>\n<p><strong><em>REPRESENTANTES DOS PROFESSORES ASSOCIADOS<\/em><\/strong><\/p>\n<p>Mandato: 20\/10\/2025 a 19\/10\/2027<\/p>\n<p>Titular: Profa. Dra. Aline Evangelista de Souza Gabriel<br \/>\nSuplente: Prof. Dr. Jardel Francisco Mazzi Chaves<\/p>\n<p>Titular: Profa. Dra. Andiara De Rossi Daldegan<br \/>\nSuplente: Prof. Dr. Fabr\u00edcio Kitazono de Carvalho<\/p>\n<p>Titular: Profa. Dra. Daniela Bazan Palioto Bulle<br \/>\nSuplente: Prof. Dr. Mario Taba Junior<\/p>\n<p>Titular: Profa. Dra. Fabiane Carneiro Lopes Olh\u00ea<br \/>\nSuplente: Prof. Dr. Evandro Watanabe<\/p>\n<p>Titular: Prof. Dr. Francisco Wanderley Garcia de Paula e Silva<br \/>\nSuplente: Profa. Dra. Kranya Victoria D\u00edaz Serrano<\/p>\n<p>Titular: Prof. Dr. Geraldo Aleixo da Silva Passos Junior<br \/>\nSuplente: Prof. Dr. Jo\u00e3o Paulo Mardegan Issa<\/p>\n<p>Titular: Prof. Dr. Rodrigo Galo<br \/>\nSuplente: Profa. Dra. Andrea C\u00e2ndido dos Reis<\/p>\n<p>Titular: Profa. Dra. Selma Si\u00e9ssere<br \/>\nSuplente: Profa. Dra. Karina Fittipaldi Bombonato Prado<\/p>\n<p>Titular: Profa. Dra. Soraya Fernandes Mestriner<br \/>\nSuplente: Prof. Dr. Jorge Esquiche Le\u00f3n<\/p>\n<p>Titular: Prof. Dr. Valdir Antonio Muglia<br \/>\nSuplente: Profa. Dra. Renata Cristina Silveira Rodrigues Ferracioli<\/p>\n<p>Titular: Profa. Dra. Val\u00e9ria Oliveira Pagnano de Souza<br \/>\nSuplente: Profa. Dra. Alma Bl\u00e1sida Concepci\u00f3n Elizaur Benitez Catirse<\/p>\n<p><strong><em>REPRESENTANTES DOS PROFESSORES DOUTORES<\/em><\/strong><\/p>\n<p>Mandato: 20\/10\/2025 a 19\/10\/2027<\/p>\n<p>Titular: Profa. Dra. Fl\u00e1via Aparecida Chaves Furlaneto Messora<br \/>\nSuplente: Profa. Dra. Ana Elisa Rodrigues Alves Ribeiro<\/p>\n<p>Titular: Profa. Dra. Glauce Crivelaro do Nascimento Marangoni<br \/>\nSuplente: Prof. Dr. Alan Grupioni Louren\u00e7o<\/p>\n<p>Titular: Prof. Dr. Igor Henrique Teixeira Fumagalli<br \/>\nSuplente: Profa. Dra. Janaina Paiva Curi Beaini<\/p>\n<p>Titular: Profa. Dra. Lais Valencise Magri<br \/>\nSuplente: Prof. Dr. Walter Raucci Neto<\/p>\n<p>Titular: Profa. Dra. Lara Maria Alencar Ramos Innocentini<br \/>\nSuplente: Prof. Dr. Rocharles Cavalcante Fontenele<\/p>\n<p>Titular: Profa. Dra. Regina Maura Fernandes<br \/>\nSuplente: Profa. Dra. Mar\u00edlia Pac\u00edfico Lucisano Politi<\/p>\n<p>Titular: Prof. Dr. Ricardo Novak Savioli<br \/>\nSuplente: Profa. Dra. Alice Corr\u00eaa Silva Sousa<\/p>\n<p><strong><em>REPRESENTANTES DOS SERVIDORES T\u00c9CNICOS E ADMINISTRATIVOS<\/em><\/strong><\/p>\n<p>Mandato: 15\/09\/2025 a 14\/09\/2026<\/p>\n<p>Titular: Sr. Gledson Antunes da Silva<\/p>\n<p>Titular: Sra. Carolina Paes Torres Mantovani<\/p>\n<p>Suplente: Sra. Cleria Donizete de Souza<\/p>\n<p><strong><em>REPRESENTANTES DOS DISCENTES<\/em><\/strong><\/p>\n<p>Gradua\u00e7\u00e3o:<\/p>\n<p>Mandato: 14\/11\/2025 a 13\/11\/2026<\/p>\n<p>Titular: Ac. Paula Yhorrana Viana Telles<\/p>\n<p>Suplente: Ac. Maria Eduarda Dagostim Brincas<\/p>\n<p>Titular: Ac. Julia Cabral Mariano<\/p>\n<p>Suplente: Ac. Lara Ravanelli<\/p>\n<p>P\u00f3s-Gradua\u00e7\u00e3o:<\/p>\n<p>Mandato: 14\/11\/2025 a 13\/11\/2026<\/p>\n<p>Titular: PG. Ang\u00e9lica Aparecida de Oliveira Denadai<\/p>\n<p>Titular: PG. Carolina Cardoso de Araujo<\/p>\n<p>Suplente: PG. Beatriz Soares Leit\u00e3o Barbosa<\/p>\n<p><strong><em>REPRESENTANTE DOS ANTIGOS ALUNOS<\/em><\/strong><\/p>\n<p>Mandato: 17\/03\/2025 a 16\/03\/2026<\/p>\n<p>Titular: CD. Talitha de Siqueira Mellara e Silva<br \/>\nSuplente: &#8211;<\/p>\n<p><strong><em>REPRESENTANTE JUNTO AO CONSELHO UNIVERSIT\u00c1RIO<\/em><\/strong><\/p>\n<p>Mandato: 21\/05\/2024 a 20\/05\/2026<\/p>\n<p>Titular: Prof. Dr. Paulo Nelson Filho<br \/>\nSuplente: Profa. Dra. L\u00e9a Assed Bezerra da Silva<\/p>\n<p><strong>Calend\u00e1rio de reuni\u00f5es:<\/strong><\/p>\n<table>\n<tbody>\n<tr>\n<td width=\"250\"><strong>Data<\/strong><\/td>\n<td width=\"200\"><strong>Hor\u00e1rio<\/strong><\/td>\n<td width=\"123\"><strong>Local<\/strong><\/td>\n<\/tr>\n<tr>\n<td width=\"250\">12\/01\/2026<\/td>\n<td width=\"200\">09 horas<\/td>\n<td width=\"123\">Sal\u00e3o Nobre<\/td>\n<\/tr>\n<tr>\n<td width=\"250\">23\/02\/2026<\/td>\n<td width=\"200\">10 horas e 30 minutos<\/td>\n<td width=\"123\">Sal\u00e3o Nobre<\/td>\n<\/tr>\n<tr>\n<td width=\"250\">16\/03\/2026<\/td>\n<td width=\"200\">09 horas<\/td>\n<td width=\"123\">Sal\u00e3o Nobre<\/td>\n<\/tr>\n<tr>\n<td width=\"250\">13\/04\/2026<\/td>\n<td width=\"200\">09 horas<\/td>\n<td width=\"123\">Sal\u00e3o Nobre<\/td>\n<\/tr>\n<tr>\n<td width=\"250\">18\/05\/2026<\/td>\n<td width=\"200\">09 horas<\/td>\n<td width=\"123\">Sal\u00e3o Nobre<\/td>\n<\/tr>\n<tr>\n<td width=\"250\">15\/06\/2026<\/td>\n<td width=\"200\">09 horas<\/td>\n<td width=\"123\">Sal\u00e3o Nobre<\/td>\n<\/tr>\n<tr>\n<td width=\"250\">17\/08\/2026<\/td>\n<td width=\"200\">09 horas<\/td>\n<td width=\"123\">Sal\u00e3o Nobre<\/td>\n<\/tr>\n<tr>\n<td width=\"250\">21\/09\/2026<\/td>\n<td width=\"200\">09 horas<\/td>\n<td width=\"123\">Sal\u00e3o Nobre<\/td>\n<\/tr>\n<tr>\n<td width=\"250\">19\/10\/2026<\/td>\n<td width=\"200\">09 horas<\/td>\n<td width=\"123\">Sal\u00e3o Nobre<\/td>\n<\/tr>\n<tr>\n<td width=\"250\">16\/11\/2026<\/td>\n<td width=\"200\">09 horas<\/td>\n<td width=\"123\">Sal\u00e3o Nobre<\/td>\n<\/tr>\n<tr>\n<td width=\"250\">14\/12\/2026<\/td>\n<td width=\"200\">09 horas<\/td>\n<td width=\"123\">Sal\u00e3o Nobre<\/td>\n<\/tr>\n<\/tbody>\n<\/table>","protected":false},"excerpt":{"rendered":"<p>A Congrega\u00e7\u00e3o \u00e9 o \u00f3rg\u00e3o consultivo e deliberativo superior da FORP. Dela fazem parte o Diretor da Escola (que \u00e9 seu Presidente), o Vice-Diretor,\u00a0 os Presidentes de Comiss\u00f5es, Chefes de Departamento, representantes das categorias docentes, representantes dos servidores t\u00e9cnico-administrativos, representantes discentes e representante dos antigos alunos. COMPOSI\u00c7\u00c3O Membros: Diretor: Prof. Dr. Ricardo Gariba Silva Mandato: [&hellip;]<\/p>\n","protected":false},"author":6,"featured_media":0,"parent":54,"menu_order":0,"comment_status":"open","ping_status":"open","template":"","meta":{"footnotes":""},"class_list":["post-175","page","type-page","status-publish","hentry"],"publishpress_future_workflow_manual_trigger":{"enabledWorkflows":[]},"_links":{"self":[{"href":"https:\/\/www.forp.usp.br\/index.php?rest_route=\/wp\/v2\/pages\/175","targetHints":{"allow":["GET"]}}],"collection":[{"href":"https:\/\/www.forp.usp.br\/index.php?rest_route=\/wp\/v2\/pages"}],"about":[{"href":"https:\/\/www.forp.usp.br\/index.php?rest_route=\/wp\/v2\/types\/page"}],"author":[{"embeddable":true,"href":"https:\/\/www.forp.usp.br\/index.php?rest_route=\/wp\/v2\/users\/6"}],"replies":[{"embeddable":true,"href":"https:\/\/www.forp.usp.br\/index.php?rest_route=%2Fwp%2Fv2%2Fcomments&post=175"}],"version-history":[{"count":122,"href":"https:\/\/www.forp.usp.br\/index.php?rest_route=\/wp\/v2\/pages\/175\/revisions"}],"predecessor-version":[{"id":13638,"href":"https:\/\/www.forp.usp.br\/index.php?rest_route=\/wp\/v2\/pages\/175\/revisions\/13638"}],"up":[{"embeddable":true,"href":"https:\/\/www.forp.usp.br\/index.php?rest_route=\/wp\/v2\/pages\/54"}],"wp:attachment":[{"href":"https:\/\/www.forp.usp.br\/index.php?rest_route=%2Fwp%2Fv2%2Fmedia&parent=175"}],"curies":[{"name":"wp","href":"https:\/\/api.w.org\/{rel}","templated":true}]}}