{"id":165,"date":"2014-05-13T16:38:26","date_gmt":"2014-05-13T19:38:26","guid":{"rendered":"https:\/\/www.forp.usp.br\/?page_id=165"},"modified":"2024-08-14T17:17:09","modified_gmt":"2024-08-14T20:17:09","slug":"supervisao-de-clinicas","status":"publish","type":"page","link":"https:\/\/www.forp.usp.br\/?page_id=165","title":{"rendered":"Supervis\u00e3o de Cl\u00ednicas Odontol\u00f3gicas"},"content":{"rendered":"<strong>Atribui\u00e7\u00f5es:<\/strong><br \/>\nA Supervis\u00e3o de Cl\u00ednicas da Faculdade de Odontologia de Ribeir\u00e3o Preto da Universidade de S\u00e3o Paulo \u2013 FORP\/USP, tem por finalidades racionalizar, organizar e administrar as Cl\u00ednicas da FORP-USP, harmonizando atividades, padronizando materiais de consumo odontol\u00f3gico e implantando rotinas necess\u00e1rias ao bom desenvolvimento das atividades cl\u00ednicas da FORP\/USP, sem car\u00e1ter e responsabilidade no \u00e2mbito did\u00e1tico pedag\u00f3gico.<\/p>\n<p><strong>Supervisor:<\/strong> Prof. Dr. Fabio Louren\u00e7o Romano","protected":false},"excerpt":{"rendered":"<p>Atribui\u00e7\u00f5es: A Supervis\u00e3o de Cl\u00ednicas da Faculdade de Odontologia de Ribeir\u00e3o Preto da Universidade de S\u00e3o Paulo \u2013 FORP\/USP, tem por finalidades racionalizar, organizar e administrar as Cl\u00ednicas da FORP-USP, harmonizando atividades, padronizando materiais de consumo odontol\u00f3gico e implantando rotinas necess\u00e1rias ao bom desenvolvimento das atividades cl\u00ednicas da FORP\/USP, sem car\u00e1ter e responsabilidade no \u00e2mbito [&hellip;]<\/p>\n","protected":false},"author":1,"featured_media":0,"parent":51,"menu_order":0,"comment_status":"open","ping_status":"open","template":"","meta":{"footnotes":""},"class_list":["post-165","page","type-page","status-publish","hentry"],"publishpress_future_workflow_manual_trigger":{"enabledWorkflows":[]},"_links":{"self":[{"href":"https:\/\/www.forp.usp.br\/index.php?rest_route=\/wp\/v2\/pages\/165","targetHints":{"allow":["GET"]}}],"collection":[{"href":"https:\/\/www.forp.usp.br\/index.php?rest_route=\/wp\/v2\/pages"}],"about":[{"href":"https:\/\/www.forp.usp.br\/index.php?rest_route=\/wp\/v2\/types\/page"}],"author":[{"embeddable":true,"href":"https:\/\/www.forp.usp.br\/index.php?rest_route=\/wp\/v2\/users\/1"}],"replies":[{"embeddable":true,"href":"https:\/\/www.forp.usp.br\/index.php?rest_route=%2Fwp%2Fv2%2Fcomments&post=165"}],"version-history":[{"count":14,"href":"https:\/\/www.forp.usp.br\/index.php?rest_route=\/wp\/v2\/pages\/165\/revisions"}],"predecessor-version":[{"id":11744,"href":"https:\/\/www.forp.usp.br\/index.php?rest_route=\/wp\/v2\/pages\/165\/revisions\/11744"}],"up":[{"embeddable":true,"href":"https:\/\/www.forp.usp.br\/index.php?rest_route=\/wp\/v2\/pages\/51"}],"wp:attachment":[{"href":"https:\/\/www.forp.usp.br\/index.php?rest_route=%2Fwp%2Fv2%2Fmedia&parent=165"}],"curies":[{"name":"wp","href":"https:\/\/api.w.org\/{rel}","templated":true}]}}