{"id":158,"date":"2014-05-13T16:31:48","date_gmt":"2014-05-13T19:31:48","guid":{"rendered":"https:\/\/www.forp.usp.br\/?page_id=158"},"modified":"2022-11-17T14:35:24","modified_gmt":"2022-11-17T17:35:24","slug":"servico-de-pos-graduacao","status":"publish","type":"page","link":"https:\/\/www.forp.usp.br\/?page_id=158","title":{"rendered":"Servi\u00e7o de P\u00f3s-Gradua\u00e7\u00e3o"},"content":{"rendered":"<strong>Atribui\u00e7\u00f5es:<br \/>\n<\/strong>\u00c9 a se\u00e7\u00e3o respons\u00e1vel pela \u00e1rea acad\u00eamica de p\u00f3s-gradua\u00e7\u00e3o na Unidade. Assessora tecnicamente a Comiss\u00e3o de P\u00f3s-Gradua\u00e7\u00e3o e a Comiss\u00e3o Coordenadora do Programa de Aperfei\u00e7oamento de Ensino da FORP e d\u00e1 suporte t\u00e9cnico \u00e0s Secretarias dos Programas de P\u00f3s-Gradua\u00e7\u00e3o sediadas nos Departamentos.<\/p>\n<p><strong>Chefe Administrativo de Servi\u00e7o:<\/strong> Mauro Henrique Leoni Bernardo<\/p>\n<p>Hor\u00e1rio de Funcionamento: de segundas \u00e0s sextas-feiras, das 08h00 \u00e0s 12h00 e das 13h00 \u00e0s 17h00.<br \/>\nTelefone de Contato: (16) 3315-3955 \/ 3315-3971<br \/>\nE-mail: &#x73;&#112;g&#x40;&#102;o&#x72;&#x70;&#46;&#x75;&#x73;&#112;&#46;&#x62;&#114;<\/p>\n<p><strong>Servidores:<\/strong><\/p>\n<style>\/*  div wrapped around entire staff list  *\/\r\ndiv.staff-member-listing {\r\n  font-size: 13px;\r\n  border: 1px solid #681d32\r\n}\r\n\r\n\/*  div wrapped around each staff member  *\/\r\ndiv.staff-member {\r\n  padding-left: 1em;\r\n  padding-bottom: 5px;\r\n  padding-top: 5px;\r\n  padding-right: 5px;\r\n  height: 75px;\r\n}\r\n\r\n\/*  &quot;Even&quot; staff member  *\/\r\ndiv.staff-member.even {\r\n  background-color: #cfcbc7;\r\n}\r\n\r\n\/*  &quot;Odd&quot; staff member  *\/\r\ndiv.staff-member.odd {\r\n  background-color: #FFFFFF;\r\n}\r\n\r\n\/*  Last staff member  *\/\r\ndiv.staff-member.last {\r\n}\r\n\r\n\/*  Wrap around staff info  *\/\r\n.staff-member-info-wrap {\r\n  float: left;\r\n  width: 70%;\r\n  margin-left: 3%;\r\n}\r\n\r\n\/*  [staff-bio-formatted]  *\/\r\ndiv.staff-member-bio {\r\n}\r\n\r\n\/*  p tags within [staff-bio-formatted]  *\/\r\ndiv.staff-member-bio p {\r\n}\r\n\r\n\/*  [staff-photo]  *\/\r\nimg.staff-member-photo {\r\n  float: right;\r\n}\r\n\r\n\/*  [staff-email-link]  *\/\r\n.staff-member-email {\r\n}\r\n\r\n\/*  [staff-name-formatted]  *\/\r\ndiv.staff-member h3.staff-member-name {\r\n  padding: 0;\r\n  margin: 0;\r\n  font-size: 15px;\r\n}\r\n\r\n\/*  [staff-position-formatted]  *\/\r\ndiv.staff-member h4.staff-member-position {\r\n  margin: 0;\r\n  font-style: italic;\r\n  padding: 0;\r\n  font-size: 13px;\r\n}\r\n\r\n\/* Clearfix for div.staff-member *\/\r\ndiv.staff-member:after {\r\n  content: &quot;&quot;;\r\n  display: block;\r\n  clear: both;\r\n}\r\n\r\n\/* Clearfix for &lt;= IE7 *\/\r\n* html div.staff-member { height: 1%; }\r\ndiv.staff-member { display: block; }<\/style><div class=\"staff-member-listing svpgrad\"><div class=\"staff-member even \">\r\n  <img decoding=\"async\" class=\"staff-member-photo\" src=\"https:\/\/www.forp.usp.br\/wp-content\/uploads\/2016\/05\/carlos_santos.jpg\" alt=\"\">\r\n  <div class=\"staff-member-info-wrap\">\r\n    <h3 class=\"staff-member-name\">Carlos Feitosa dos Santos<\/h3>\r\n    <h4 class=\"staff-member-position\">T\u00e9cnico Acad\u00eamico<\/h4>\r\n    (16) 3315-0318 \/ 4103\r\n  <\/div>\r\n<\/div> <!-- Close staff-member --><div class=\"staff-member odd \">\r\n  <img decoding=\"async\" class=\"staff-member-photo\" src=\"https:\/\/www.forp.usp.br\/wp-content\/uploads\/2016\/04\/isabel_sola.jpg\" alt=\"\">\r\n  <div class=\"staff-member-info-wrap\">\r\n    <h3 class=\"staff-member-name\">Isabel Cristina Galino Sola<\/h3>\r\n    <h4 class=\"staff-member-position\">T\u00e9cnico Acad\u00eamico<\/h4>\r\n    (16) 3315-3961\r\n  <\/div>\r\n<\/div> <!-- Close staff-member --><div class=\"staff-member even \">\r\n  <img decoding=\"async\" class=\"staff-member-photo\" src=\"\" alt=\"\">\r\n  <div class=\"staff-member-info-wrap\">\r\n    <h3 class=\"staff-member-name\">Mauro Henrique Leoni Bernardo<\/h3>\r\n    <h4 class=\"staff-member-position\">T\u00e9cnico para Assuntos Administrativos<\/h4>\r\n    (16) 3315-8676\r\n  <\/div>\r\n<\/div> <!-- Close staff-member --><div class=\"staff-member odd  last\">\r\n  <img decoding=\"async\" class=\"staff-member-photo\" src=\"\" alt=\"\">\r\n  <div class=\"staff-member-info-wrap\">\r\n    <h3 class=\"staff-member-name\">Vitor Canizza de Matos Ramos<\/h3>\r\n    <h4 class=\"staff-member-position\">Analista para Assuntos Administrativos<\/h4>\r\n    (16) 3315-3955 \/ 3971\r\n  <\/div>\r\n<\/div> <!-- Close staff-member --><\/div> <!-- Close staff-member-listing -->","protected":false},"excerpt":{"rendered":"<p>Atribui\u00e7\u00f5es: \u00c9 a se\u00e7\u00e3o respons\u00e1vel pela \u00e1rea acad\u00eamica de p\u00f3s-gradua\u00e7\u00e3o na Unidade. Assessora tecnicamente a Comiss\u00e3o de P\u00f3s-Gradua\u00e7\u00e3o e a Comiss\u00e3o Coordenadora do Programa de Aperfei\u00e7oamento de Ensino da FORP e d\u00e1 suporte t\u00e9cnico \u00e0s Secretarias dos Programas de P\u00f3s-Gradua\u00e7\u00e3o sediadas nos Departamentos. Chefe Administrativo de Servi\u00e7o: Mauro Henrique Leoni Bernardo Hor\u00e1rio de Funcionamento: de [&hellip;]<\/p>\n","protected":false},"author":7,"featured_media":0,"parent":51,"menu_order":0,"comment_status":"open","ping_status":"open","template":"","meta":{"footnotes":""},"class_list":["post-158","page","type-page","status-publish","hentry"],"publishpress_future_workflow_manual_trigger":{"enabledWorkflows":[]},"_links":{"self":[{"href":"https:\/\/www.forp.usp.br\/index.php?rest_route=\/wp\/v2\/pages\/158","targetHints":{"allow":["GET"]}}],"collection":[{"href":"https:\/\/www.forp.usp.br\/index.php?rest_route=\/wp\/v2\/pages"}],"about":[{"href":"https:\/\/www.forp.usp.br\/index.php?rest_route=\/wp\/v2\/types\/page"}],"author":[{"embeddable":true,"href":"https:\/\/www.forp.usp.br\/index.php?rest_route=\/wp\/v2\/users\/7"}],"replies":[{"embeddable":true,"href":"https:\/\/www.forp.usp.br\/index.php?rest_route=%2Fwp%2Fv2%2Fcomments&post=158"}],"version-history":[{"count":17,"href":"https:\/\/www.forp.usp.br\/index.php?rest_route=\/wp\/v2\/pages\/158\/revisions"}],"predecessor-version":[{"id":10006,"href":"https:\/\/www.forp.usp.br\/index.php?rest_route=\/wp\/v2\/pages\/158\/revisions\/10006"}],"up":[{"embeddable":true,"href":"https:\/\/www.forp.usp.br\/index.php?rest_route=\/wp\/v2\/pages\/51"}],"wp:attachment":[{"href":"https:\/\/www.forp.usp.br\/index.php?rest_route=%2Fwp%2Fv2%2Fmedia&parent=158"}],"curies":[{"name":"wp","href":"https:\/\/api.w.org\/{rel}","templated":true}]}}