{"id":155,"date":"2014-05-13T16:29:38","date_gmt":"2014-05-13T19:29:38","guid":{"rendered":"https:\/\/www.forp.usp.br\/?page_id=155"},"modified":"2022-11-17T14:47:09","modified_gmt":"2022-11-17T17:47:09","slug":"servico-de-graduacao","status":"publish","type":"page","link":"https:\/\/www.forp.usp.br\/?page_id=155","title":{"rendered":"Servi\u00e7o de Gradua\u00e7\u00e3o"},"content":{"rendered":"<strong>Atribui\u00e7\u00f5es:<\/strong><br \/>\nO Servi\u00e7o de Gradua\u00e7\u00e3o \u00e9 um \u00f3rg\u00e3o executivo vinculado \u00e0 Assist\u00eancia T\u00e9cnica Acad\u00eamica e tem por objetivo principal dar suporte \u00e0s atividades do Curso de Gradua\u00e7\u00e3o da FORP\/USP e prestar assessoria \u00e0 Comiss\u00e3o de Gradua\u00e7\u00e3o. O setor \u00e9 o respons\u00e1vel por administrar os procedimentos internos relacionados ao curso de Gradua\u00e7\u00e3o e ao corpo discente, com o intuito de cumprir as normas e as delibera\u00e7\u00f5es que regem o ensino de Gradua\u00e7\u00e3o.<\/p>\n<p>As principais atribui\u00e7\u00f5es do Servi\u00e7o de Gradua\u00e7\u00e3o da FORP s\u00e3o:<\/p>\n<ul>\n<li>Atender, prestar informa\u00e7\u00f5es e esclarecer d\u00favidas referentes ao Curso de Gradua\u00e7\u00e3o para p\u00fablico interno (alunos, docentes e funcion\u00e1rios) e externo;<\/li>\n<li>Administrar a vida acad\u00eamica dos alunos de Gradua\u00e7\u00e3o, do ingresso \u00e0 Conclus\u00e3o do Curso, mantendo os registros acad\u00eamicos do corpo discente atualizados;<\/li>\n<li>Emitir documentos pertinentes \u00e0 vida acad\u00eamica do corpo discente de Gradua\u00e7\u00e3o;<\/li>\n<li>Administrar a utiliza\u00e7\u00e3o dos Anfiteatros e dos arm\u00e1rios dos graduandos da FORP\/USP; e<\/li>\n<li>Secretariar e assessorar a Comiss\u00e3o de Gradua\u00e7\u00e3o e suas Subcomiss\u00f5es e Grupos de Trabalho.<\/li>\n<\/ul>\n<p><nbsp;><br \/>\n<strong>Chefe Administrativo de Servi\u00e7o:<\/strong> Wellington Romero da Silva<\/p>\n<p><strong>Hor\u00e1rio de Atendimento:<\/strong>\u00a0De segunda a sexta-feira (exceto feriados),\u00a0das 8h \u00e0s 17h30 (ininterruptamente)<\/p>\n<p><strong>Servidores:<\/strong><\/p>\n<style>\/*  div wrapped around entire staff list  *\/\r\ndiv.staff-member-listing {\r\n  font-size: 13px;\r\n  border: 1px solid #681d32\r\n}\r\n\r\n\/*  div wrapped around each staff member  *\/\r\ndiv.staff-member {\r\n  padding-left: 1em;\r\n  padding-bottom: 5px;\r\n  padding-top: 5px;\r\n  padding-right: 5px;\r\n  height: 75px;\r\n}\r\n\r\n\/*  &quot;Even&quot; staff member  *\/\r\ndiv.staff-member.even {\r\n  background-color: #cfcbc7;\r\n}\r\n\r\n\/*  &quot;Odd&quot; staff member  *\/\r\ndiv.staff-member.odd {\r\n  background-color: #FFFFFF;\r\n}\r\n\r\n\/*  Last staff member  *\/\r\ndiv.staff-member.last {\r\n}\r\n\r\n\/*  Wrap around staff info  *\/\r\n.staff-member-info-wrap {\r\n  float: left;\r\n  width: 70%;\r\n  margin-left: 3%;\r\n}\r\n\r\n\/*  [staff-bio-formatted]  *\/\r\ndiv.staff-member-bio {\r\n}\r\n\r\n\/*  p tags within [staff-bio-formatted]  *\/\r\ndiv.staff-member-bio p {\r\n}\r\n\r\n\/*  [staff-photo]  *\/\r\nimg.staff-member-photo {\r\n  float: right;\r\n}\r\n\r\n\/*  [staff-email-link]  *\/\r\n.staff-member-email {\r\n}\r\n\r\n\/*  [staff-name-formatted]  *\/\r\ndiv.staff-member h3.staff-member-name {\r\n  padding: 0;\r\n  margin: 0;\r\n  font-size: 15px;\r\n}\r\n\r\n\/*  [staff-position-formatted]  *\/\r\ndiv.staff-member h4.staff-member-position {\r\n  margin: 0;\r\n  font-style: italic;\r\n  padding: 0;\r\n  font-size: 13px;\r\n}\r\n\r\n\/* Clearfix for div.staff-member *\/\r\ndiv.staff-member:after {\r\n  content: &quot;&quot;;\r\n  display: block;\r\n  clear: both;\r\n}\r\n\r\n\/* Clearfix for &lt;= IE7 *\/\r\n* html div.staff-member { height: 1%; }\r\ndiv.staff-member { display: block; }<\/style><div class=\"staff-member-listing svgrad\"><div class=\"staff-member even \">\r\n  <img decoding=\"async\" class=\"staff-member-photo\" src=\"https:\/\/www.forp.usp.br\/wp-content\/uploads\/2016\/05\/diego_perruco.jpg\" alt=\"\">\r\n  <div class=\"staff-member-info-wrap\">\r\n    <h3 class=\"staff-member-name\">Diego Fernando Perruco<\/h3>\r\n    <h4 class=\"staff-member-position\">Auxiliar de Administra\u00e7\u00e3o<\/h4>\r\n    (16) 3315-0272\r\n  <\/div>\r\n<\/div> <!-- Close staff-member --><div class=\"staff-member odd \">\r\n  <img decoding=\"async\" class=\"staff-member-photo\" src=\"https:\/\/www.forp.usp.br\/wp-content\/uploads\/2016\/05\/luiz_mataruco.jpg\" alt=\"\">\r\n  <div class=\"staff-member-info-wrap\">\r\n    <h3 class=\"staff-member-name\">Luiz Antonio Mataruco<\/h3>\r\n    <h4 class=\"staff-member-position\">Atendente de Classe<\/h4>\r\n    (16) 3315-0266\r\n  <\/div>\r\n<\/div> <!-- Close staff-member --><div class=\"staff-member even  last\">\r\n  <img decoding=\"async\" class=\"staff-member-photo\" src=\"https:\/\/www.forp.usp.br\/wp-content\/uploads\/2016\/05\/wellington_silva.jpg\" alt=\"\">\r\n  <div class=\"staff-member-info-wrap\">\r\n    <h3 class=\"staff-member-name\">Wellington Romero da Silva<\/h3>\r\n    <h4 class=\"staff-member-position\">Analista para Assuntos Administrativos<\/h4>\r\n    (16) 3315-3954 \/ 8717\r\n  <\/div>\r\n<\/div> <!-- Close staff-member --><\/div> <!-- Close staff-member-listing -->","protected":false},"excerpt":{"rendered":"<p>Atribui\u00e7\u00f5es: O Servi\u00e7o de Gradua\u00e7\u00e3o \u00e9 um \u00f3rg\u00e3o executivo vinculado \u00e0 Assist\u00eancia T\u00e9cnica Acad\u00eamica e tem por objetivo principal dar suporte \u00e0s atividades do Curso de Gradua\u00e7\u00e3o da FORP\/USP e prestar assessoria \u00e0 Comiss\u00e3o de Gradua\u00e7\u00e3o. O setor \u00e9 o respons\u00e1vel por administrar os procedimentos internos relacionados ao curso de Gradua\u00e7\u00e3o e ao corpo discente, [&hellip;]<\/p>\n","protected":false},"author":15,"featured_media":0,"parent":51,"menu_order":0,"comment_status":"open","ping_status":"open","template":"","meta":{"footnotes":""},"class_list":["post-155","page","type-page","status-publish","hentry"],"publishpress_future_workflow_manual_trigger":{"enabledWorkflows":[]},"_links":{"self":[{"href":"https:\/\/www.forp.usp.br\/index.php?rest_route=\/wp\/v2\/pages\/155","targetHints":{"allow":["GET"]}}],"collection":[{"href":"https:\/\/www.forp.usp.br\/index.php?rest_route=\/wp\/v2\/pages"}],"about":[{"href":"https:\/\/www.forp.usp.br\/index.php?rest_route=\/wp\/v2\/types\/page"}],"author":[{"embeddable":true,"href":"https:\/\/www.forp.usp.br\/index.php?rest_route=\/wp\/v2\/users\/15"}],"replies":[{"embeddable":true,"href":"https:\/\/www.forp.usp.br\/index.php?rest_route=%2Fwp%2Fv2%2Fcomments&post=155"}],"version-history":[{"count":16,"href":"https:\/\/www.forp.usp.br\/index.php?rest_route=\/wp\/v2\/pages\/155\/revisions"}],"predecessor-version":[{"id":10023,"href":"https:\/\/www.forp.usp.br\/index.php?rest_route=\/wp\/v2\/pages\/155\/revisions\/10023"}],"up":[{"embeddable":true,"href":"https:\/\/www.forp.usp.br\/index.php?rest_route=\/wp\/v2\/pages\/51"}],"wp:attachment":[{"href":"https:\/\/www.forp.usp.br\/index.php?rest_route=%2Fwp%2Fv2%2Fmedia&parent=155"}],"curies":[{"name":"wp","href":"https:\/\/api.w.org\/{rel}","templated":true}]}}