{"id":139,"date":"2014-05-13T15:53:24","date_gmt":"2014-05-13T18:53:24","guid":{"rendered":"https:\/\/www.forp.usp.br\/?page_id=139"},"modified":"2024-03-05T14:22:41","modified_gmt":"2024-03-05T17:22:41","slug":"secao-de-radiologia-e-radioprotecao","status":"publish","type":"page","link":"https:\/\/www.forp.usp.br\/?page_id=139","title":{"rendered":"Se\u00e7\u00e3o de Radiologia e Radioprote\u00e7\u00e3o"},"content":{"rendered":"&nbsp;<\/p>\n<p><strong>Chefe de Se\u00e7\u00e3o T\u00e9cnica:<\/strong> Prof. Dr. Plauto Christopher Aranha Watanabe<\/p>\n<p><strong>Servidores:<\/strong><\/p>\n<style>\/*  div wrapped around entire staff list  *\/\r\ndiv.staff-member-listing {\r\n  font-size: 13px;\r\n  border: 1px solid #681d32\r\n}\r\n\r\n\/*  div wrapped around each staff member  *\/\r\ndiv.staff-member {\r\n  padding-left: 1em;\r\n  padding-bottom: 5px;\r\n  padding-top: 5px;\r\n  padding-right: 5px;\r\n  height: 75px;\r\n}\r\n\r\n\/*  &quot;Even&quot; staff member  *\/\r\ndiv.staff-member.even {\r\n  background-color: #cfcbc7;\r\n}\r\n\r\n\/*  &quot;Odd&quot; staff member  *\/\r\ndiv.staff-member.odd {\r\n  background-color: #FFFFFF;\r\n}\r\n\r\n\/*  Last staff member  *\/\r\ndiv.staff-member.last {\r\n}\r\n\r\n\/*  Wrap around staff info  *\/\r\n.staff-member-info-wrap {\r\n  float: left;\r\n  width: 70%;\r\n  margin-left: 3%;\r\n}\r\n\r\n\/*  [staff-bio-formatted]  *\/\r\ndiv.staff-member-bio {\r\n}\r\n\r\n\/*  p tags within [staff-bio-formatted]  *\/\r\ndiv.staff-member-bio p {\r\n}\r\n\r\n\/*  [staff-photo]  *\/\r\nimg.staff-member-photo {\r\n  float: right;\r\n}\r\n\r\n\/*  [staff-email-link]  *\/\r\n.staff-member-email {\r\n}\r\n\r\n\/*  [staff-name-formatted]  *\/\r\ndiv.staff-member h3.staff-member-name {\r\n  padding: 0;\r\n  margin: 0;\r\n  font-size: 15px;\r\n}\r\n\r\n\/*  [staff-position-formatted]  *\/\r\ndiv.staff-member h4.staff-member-position {\r\n  margin: 0;\r\n  font-style: italic;\r\n  padding: 0;\r\n  font-size: 13px;\r\n}\r\n\r\n\/* Clearfix for div.staff-member *\/\r\ndiv.staff-member:after {\r\n  content: &quot;&quot;;\r\n  display: block;\r\n  clear: both;\r\n}\r\n\r\n\/* Clearfix for &lt;= IE7 *\/\r\n* html div.staff-member { height: 1%; }\r\ndiv.staff-member { display: block; }<\/style><div class=\"staff-member-listing scrad\"><div class=\"staff-member even \">\r\n  <img decoding=\"async\" class=\"staff-member-photo\" src=\"https:\/\/www.forp.usp.br\/wp-content\/uploads\/2016\/04\/damaris_fonseca.jpg\" alt=\"\">\r\n  <div class=\"staff-member-info-wrap\">\r\n    <h3 class=\"staff-member-name\">Damaris Stopato da Fonseca<\/h3>\r\n    <h4 class=\"staff-member-position\">T\u00e9cnico em Radiologia<\/h4>\r\n    (16) 3315-0631\r\n  <\/div>\r\n<\/div> <!-- Close staff-member --><div class=\"staff-member odd \">\r\n  <img decoding=\"async\" class=\"staff-member-photo\" src=\"https:\/\/www.forp.usp.br\/wp-content\/uploads\/2017\/07\/paulo_franca.jpg\" alt=\"\">\r\n  <div class=\"staff-member-info-wrap\">\r\n    <h3 class=\"staff-member-name\">Paulo Henrique Fran\u00e7a<\/h3>\r\n    <h4 class=\"staff-member-position\">T\u00e9cnico em Radiologia<\/h4>\r\n    (16) 3315-0631\r\n  <\/div>\r\n<\/div> <!-- Close staff-member --><div class=\"staff-member even  last\">\r\n  <img decoding=\"async\" class=\"staff-member-photo\" src=\"https:\/\/www.forp.usp.br\/wp-content\/uploads\/2016\/05\/tarciso_rodrigues_jr.jpg\" alt=\"\">\r\n  <div class=\"staff-member-info-wrap\">\r\n    <h3 class=\"staff-member-name\">Tarciso Jos\u00e9 Rodrigues J\u00fanior<\/h3>\r\n    <h4 class=\"staff-member-position\">T\u00e9cnico em Radiologia<\/h4>\r\n    (16) 3315-0631\r\n  <\/div>\r\n<\/div> <!-- Close staff-member --><\/div> <!-- Close staff-member-listing -->\n<p>&nbsp;<\/p>\n<p><strong>Links \u00fateis:<\/strong><\/p>\n<ul>\n<li><a href=\"https:\/\/forms.gle\/4s82efgFDvoy71wJA\">Formul\u00e1rio de Reserva de Equipamentos da Radiologia para Pesquisa e Extens\u00e3o<\/a><\/li>\n<li><a href=\"https:\/\/calendar.google.com\/calendar\/embed?src=c_f464171412b195f7f34005b803bbb8fa86042650951c1c46edd3f8bcffe10e0b%40group.calendar.google.com&amp;ctz=America%2FSao_Paulo\">Agenda Tom\u00f3grafo OP300<\/a><\/li>\n<li><a href=\"https:\/\/calendar.google.com\/calendar\/embed?src=c_d9322a56593f5daf31fcbd18f9c7f92abda10f9a271ec9874779e943e9b238fe%40group.calendar.google.com&amp;ctz=America%2FSao_Paulo\">Agenda Panor\u00e2mica<\/a><\/li>\n<li><a href=\"https:\/\/calendar.google.com\/calendar\/embed?src=c_43f33cf8bc3e313613db0b45dc13c9a87ceb31e240dde209a07d9e72f9c6c5dd%40group.calendar.google.com&amp;ctz=America%2FSao_Paulo\">Agenda Sensor RVG5200<\/a><\/li>\n<li><a href=\"https:\/\/calendar.google.com\/calendar\/embed?src=c_f029b8315c41af7b94c60b77e7d4af917f7f1fd7ef16d69d2c7aee6a97f3fd9f%40group.calendar.google.com&amp;ctz=America%2FSao_Paulo\">Agenda Placas de F\u00f3sforo KaVo eXam<\/a><\/li>\n<li><a href=\"https:\/\/calendar.google.com\/calendar\/embed?src=c_78ce412b7ccafb2706a3ca2c467ab271bf26ccc85bd8cd21f95fe5b9bce311d3%40group.calendar.google.com&amp;ctz=America%2FSao_Paulo\">Agenda Monitor Barco<\/a><\/li>\n<\/ul>","protected":false},"excerpt":{"rendered":"<p>&nbsp; Chefe de Se\u00e7\u00e3o T\u00e9cnica: Prof. Dr. Plauto Christopher Aranha Watanabe Servidores: &nbsp; Links \u00fateis: Formul\u00e1rio de Reserva de Equipamentos da Radiologia para Pesquisa e Extens\u00e3o Agenda Tom\u00f3grafo OP300 Agenda Panor\u00e2mica Agenda Sensor RVG5200 Agenda Placas de F\u00f3sforo KaVo eXam Agenda Monitor Barco<\/p>\n","protected":false},"author":1,"featured_media":0,"parent":51,"menu_order":0,"comment_status":"open","ping_status":"open","template":"","meta":{"footnotes":""},"class_list":["post-139","page","type-page","status-publish","hentry"],"publishpress_future_workflow_manual_trigger":{"enabledWorkflows":[]},"_links":{"self":[{"href":"https:\/\/www.forp.usp.br\/index.php?rest_route=\/wp\/v2\/pages\/139","targetHints":{"allow":["GET"]}}],"collection":[{"href":"https:\/\/www.forp.usp.br\/index.php?rest_route=\/wp\/v2\/pages"}],"about":[{"href":"https:\/\/www.forp.usp.br\/index.php?rest_route=\/wp\/v2\/types\/page"}],"author":[{"embeddable":true,"href":"https:\/\/www.forp.usp.br\/index.php?rest_route=\/wp\/v2\/users\/1"}],"replies":[{"embeddable":true,"href":"https:\/\/www.forp.usp.br\/index.php?rest_route=%2Fwp%2Fv2%2Fcomments&post=139"}],"version-history":[{"count":8,"href":"https:\/\/www.forp.usp.br\/index.php?rest_route=\/wp\/v2\/pages\/139\/revisions"}],"predecessor-version":[{"id":11176,"href":"https:\/\/www.forp.usp.br\/index.php?rest_route=\/wp\/v2\/pages\/139\/revisions\/11176"}],"up":[{"embeddable":true,"href":"https:\/\/www.forp.usp.br\/index.php?rest_route=\/wp\/v2\/pages\/51"}],"wp:attachment":[{"href":"https:\/\/www.forp.usp.br\/index.php?rest_route=%2Fwp%2Fv2%2Fmedia&parent=139"}],"curies":[{"name":"wp","href":"https:\/\/api.w.org\/{rel}","templated":true}]}}