{"id":133,"date":"2014-05-13T15:48:49","date_gmt":"2014-05-13T18:48:49","guid":{"rendered":"https:\/\/www.forp.usp.br\/?page_id=133"},"modified":"2022-11-17T14:41:37","modified_gmt":"2022-11-17T17:41:37","slug":"secao-de-material","status":"publish","type":"page","link":"https:\/\/www.forp.usp.br\/?page_id=133","title":{"rendered":"Servi\u00e7o de Material e Tesouraria"},"content":{"rendered":"<strong>Atribui\u00e7\u00f5es:<\/strong><br \/>\n\u00c9 a Se\u00e7\u00e3o respons\u00e1vel por acompanhar e desenvolver todas as atividades de compra, almoxarifado e patrim\u00f4nio da Unidade.<\/p>\n<p><strong>Chefe Administrativo de Servi\u00e7o: <\/strong>Karynne Martins Almeida<\/p>\n<p><strong>Servidores:<\/strong><br \/>\n<style>\/*  div wrapped around entire staff list  *\/\r\ndiv.staff-member-listing {\r\n  font-size: 13px;\r\n  border: 1px solid #681d32\r\n}\r\n\r\n\/*  div wrapped around each staff member  *\/\r\ndiv.staff-member {\r\n  padding-left: 1em;\r\n  padding-bottom: 5px;\r\n  padding-top: 5px;\r\n  padding-right: 5px;\r\n  height: 75px;\r\n}\r\n\r\n\/*  &quot;Even&quot; staff member  *\/\r\ndiv.staff-member.even {\r\n  background-color: #cfcbc7;\r\n}\r\n\r\n\/*  &quot;Odd&quot; staff member  *\/\r\ndiv.staff-member.odd {\r\n  background-color: #FFFFFF;\r\n}\r\n\r\n\/*  Last staff member  *\/\r\ndiv.staff-member.last {\r\n}\r\n\r\n\/*  Wrap around staff info  *\/\r\n.staff-member-info-wrap {\r\n  float: left;\r\n  width: 70%;\r\n  margin-left: 3%;\r\n}\r\n\r\n\/*  [staff-bio-formatted]  *\/\r\ndiv.staff-member-bio {\r\n}\r\n\r\n\/*  p tags within [staff-bio-formatted]  *\/\r\ndiv.staff-member-bio p {\r\n}\r\n\r\n\/*  [staff-photo]  *\/\r\nimg.staff-member-photo {\r\n  float: right;\r\n}\r\n\r\n\/*  [staff-email-link]  *\/\r\n.staff-member-email {\r\n}\r\n\r\n\/*  [staff-name-formatted]  *\/\r\ndiv.staff-member h3.staff-member-name {\r\n  padding: 0;\r\n  margin: 0;\r\n  font-size: 15px;\r\n}\r\n\r\n\/*  [staff-position-formatted]  *\/\r\ndiv.staff-member h4.staff-member-position {\r\n  margin: 0;\r\n  font-style: italic;\r\n  padding: 0;\r\n  font-size: 13px;\r\n}\r\n\r\n\/* Clearfix for div.staff-member *\/\r\ndiv.staff-member:after {\r\n  content: &quot;&quot;;\r\n  display: block;\r\n  clear: both;\r\n}\r\n\r\n\/* Clearfix for &lt;= IE7 *\/\r\n* html div.staff-member { height: 1%; }\r\ndiv.staff-member { display: block; }<\/style><div class=\"staff-member-listing scmatertes\"><div class=\"staff-member even \">\r\n  <img decoding=\"async\" class=\"staff-member-photo\" src=\"https:\/\/www.forp.usp.br\/wp-content\/uploads\/2018\/06\/karynne_almeida.jpg\" alt=\"\">\r\n  <div class=\"staff-member-info-wrap\">\r\n    <h3 class=\"staff-member-name\">Karynne Martins Almeida<\/h3>\r\n    <h4 class=\"staff-member-position\">T\u00e9cnico para Assuntos Administrativos<\/h4>\r\n    (16) 3315-4086\r\n  <\/div>\r\n<\/div> <!-- Close staff-member --><div class=\"staff-member odd \">\r\n  <img decoding=\"async\" class=\"staff-member-photo\" src=\"\" alt=\"\">\r\n  <div class=\"staff-member-info-wrap\">\r\n    <h3 class=\"staff-member-name\">Luis Felipe Borges Taveira<\/h3>\r\n    <h4 class=\"staff-member-position\">Analista para Assuntos Administrativos<\/h4>\r\n    (16) 3315-0478\r\n  <\/div>\r\n<\/div> <!-- Close staff-member --><div class=\"staff-member even \">\r\n  <img decoding=\"async\" class=\"staff-member-photo\" src=\"\" alt=\"\">\r\n  <div class=\"staff-member-info-wrap\">\r\n    <h3 class=\"staff-member-name\">Maria Flor\u00eancia Terenzi<\/h3>\r\n    <h4 class=\"staff-member-position\">T\u00e9cnico para Assuntos Administrativos<\/h4>\r\n    (16) 3315-0320\r\n  <\/div>\r\n<\/div> <!-- Close staff-member --><div class=\"staff-member odd \">\r\n  <img decoding=\"async\" class=\"staff-member-photo\" src=\"https:\/\/www.forp.usp.br\/wp-content\/uploads\/2016\/05\/osvaldo_pinheiro.jpg\" alt=\"\">\r\n  <div class=\"staff-member-info-wrap\">\r\n    <h3 class=\"staff-member-name\">Osvaldo Aparecido Pinheiro<\/h3>\r\n    <h4 class=\"staff-member-position\">T\u00e9cnico para Assuntos Administrativos<\/h4>\r\n    (16) 3315-3990\r\n  <\/div>\r\n<\/div> <!-- Close staff-member --><div class=\"staff-member even  last\">\r\n  <img decoding=\"async\" class=\"staff-member-photo\" src=\"https:\/\/www.forp.usp.br\/wp-content\/uploads\/2016\/04\/sonia_santos.jpg\" alt=\"\">\r\n  <div class=\"staff-member-info-wrap\">\r\n    <h3 class=\"staff-member-name\">S\u00f4nia Ap. Schiavetto dos Santos<\/h3>\r\n    <h4 class=\"staff-member-position\">T\u00e9cnico para Assuntos Administrativos<\/h4>\r\n    (16) 3315-4061\r\n  <\/div>\r\n<\/div> <!-- Close staff-member --><\/div> <!-- Close staff-member-listing -->\n<p><a href=\"https:\/\/uspdigital.usp.br\/mercurioweb\/listarLicEditalAberto?codunddsp=58&amp;fase=listar\" target=\"_blank\" rel=\"noopener noreferrer\">Preg\u00f5es<\/a><\/p>\n<p><a href=\"https:\/\/www.forp.usp.br\/wp-content\/uploads\/2017\/02\/Normas_Procedimentos_SCMATER.pdf\">Normas e Procedimentos da SCMATER<\/a>","protected":false},"excerpt":{"rendered":"<p>Atribui\u00e7\u00f5es: \u00c9 a Se\u00e7\u00e3o respons\u00e1vel por acompanhar e desenvolver todas as atividades de compra, almoxarifado e patrim\u00f4nio da Unidade. Chefe Administrativo de Servi\u00e7o: Karynne Martins Almeida Servidores: Preg\u00f5es Normas e Procedimentos da SCMATER<\/p>\n","protected":false},"author":12,"featured_media":0,"parent":51,"menu_order":0,"comment_status":"open","ping_status":"open","template":"","meta":{"footnotes":""},"class_list":["post-133","page","type-page","status-publish","hentry"],"publishpress_future_workflow_manual_trigger":{"enabledWorkflows":[]},"_links":{"self":[{"href":"https:\/\/www.forp.usp.br\/index.php?rest_route=\/wp\/v2\/pages\/133","targetHints":{"allow":["GET"]}}],"collection":[{"href":"https:\/\/www.forp.usp.br\/index.php?rest_route=\/wp\/v2\/pages"}],"about":[{"href":"https:\/\/www.forp.usp.br\/index.php?rest_route=\/wp\/v2\/types\/page"}],"author":[{"embeddable":true,"href":"https:\/\/www.forp.usp.br\/index.php?rest_route=\/wp\/v2\/users\/12"}],"replies":[{"embeddable":true,"href":"https:\/\/www.forp.usp.br\/index.php?rest_route=%2Fwp%2Fv2%2Fcomments&post=133"}],"version-history":[{"count":19,"href":"https:\/\/www.forp.usp.br\/index.php?rest_route=\/wp\/v2\/pages\/133\/revisions"}],"predecessor-version":[{"id":10013,"href":"https:\/\/www.forp.usp.br\/index.php?rest_route=\/wp\/v2\/pages\/133\/revisions\/10013"}],"up":[{"embeddable":true,"href":"https:\/\/www.forp.usp.br\/index.php?rest_route=\/wp\/v2\/pages\/51"}],"wp:attachment":[{"href":"https:\/\/www.forp.usp.br\/index.php?rest_route=%2Fwp%2Fv2%2Fmedia&parent=133"}],"curies":[{"name":"wp","href":"https:\/\/api.w.org\/{rel}","templated":true}]}}