{"id":127,"date":"2014-05-13T15:42:37","date_gmt":"2014-05-13T18:42:37","guid":{"rendered":"https:\/\/www.forp.usp.br\/?page_id=127"},"modified":"2022-11-16T17:49:30","modified_gmt":"2022-11-16T20:49:30","slug":"secao-de-expediente","status":"publish","type":"page","link":"https:\/\/www.forp.usp.br\/?page_id=127","title":{"rendered":"Se\u00e7\u00e3o de Apoio Administrativo"},"content":{"rendered":"<strong>Atribui\u00e7\u00f5es:<\/strong><br \/>\n\u00c9 a Se\u00e7\u00e3o respons\u00e1vel por efetuar o recebimento do malote, separando e distribuindo a documenta\u00e7\u00e3o em geral. Distribui e registra documentos, requerimentos e correspond\u00eancias diversas da Unidade, bem como coordena e desenvolve as opera\u00e7\u00f5es no sistema &#8220;Proteos&#8221;.<\/p>\n<p><strong>Chefe de Se\u00e7\u00e3o:<\/strong> Ozana Rita de Paula<\/p>\n<p><strong>Servidores:<\/strong><\/p>\n<style>\/*  div wrapped around entire staff list  *\/\r\ndiv.staff-member-listing {\r\n  font-size: 13px;\r\n  border: 1px solid #681d32\r\n}\r\n\r\n\/*  div wrapped around each staff member  *\/\r\ndiv.staff-member {\r\n  padding-left: 1em;\r\n  padding-bottom: 5px;\r\n  padding-top: 5px;\r\n  padding-right: 5px;\r\n  height: 75px;\r\n}\r\n\r\n\/*  &quot;Even&quot; staff member  *\/\r\ndiv.staff-member.even {\r\n  background-color: #cfcbc7;\r\n}\r\n\r\n\/*  &quot;Odd&quot; staff member  *\/\r\ndiv.staff-member.odd {\r\n  background-color: #FFFFFF;\r\n}\r\n\r\n\/*  Last staff member  *\/\r\ndiv.staff-member.last {\r\n}\r\n\r\n\/*  Wrap around staff info  *\/\r\n.staff-member-info-wrap {\r\n  float: left;\r\n  width: 70%;\r\n  margin-left: 3%;\r\n}\r\n\r\n\/*  [staff-bio-formatted]  *\/\r\ndiv.staff-member-bio {\r\n}\r\n\r\n\/*  p tags within [staff-bio-formatted]  *\/\r\ndiv.staff-member-bio p {\r\n}\r\n\r\n\/*  [staff-photo]  *\/\r\nimg.staff-member-photo {\r\n  float: right;\r\n}\r\n\r\n\/*  [staff-email-link]  *\/\r\n.staff-member-email {\r\n}\r\n\r\n\/*  [staff-name-formatted]  *\/\r\ndiv.staff-member h3.staff-member-name {\r\n  padding: 0;\r\n  margin: 0;\r\n  font-size: 15px;\r\n}\r\n\r\n\/*  [staff-position-formatted]  *\/\r\ndiv.staff-member h4.staff-member-position {\r\n  margin: 0;\r\n  font-style: italic;\r\n  padding: 0;\r\n  font-size: 13px;\r\n}\r\n\r\n\/* Clearfix for div.staff-member *\/\r\ndiv.staff-member:after {\r\n  content: &quot;&quot;;\r\n  display: block;\r\n  clear: both;\r\n}\r\n\r\n\/* Clearfix for &lt;= IE7 *\/\r\n* html div.staff-member { height: 1%; }\r\ndiv.staff-member { display: block; }<\/style><div class=\"staff-member-listing scapadm\"><div class=\"staff-member even \">\r\n  <img decoding=\"async\" class=\"staff-member-photo\" src=\"https:\/\/www.forp.usp.br\/wp-content\/uploads\/2016\/04\/edson_ignacio.jpg\" alt=\"\">\r\n  <div class=\"staff-member-info-wrap\">\r\n    <h3 class=\"staff-member-name\">Edson Luiz Ign\u00e1cio<\/h3>\r\n    <h4 class=\"staff-member-position\">T\u00e9cnico para Assuntos Administrativos<\/h4>\r\n    (16) 3315-0275\r\n  <\/div>\r\n<\/div> <!-- Close staff-member --><div class=\"staff-member odd \">\r\n  <img decoding=\"async\" class=\"staff-member-photo\" src=\"https:\/\/www.forp.usp.br\/wp-content\/uploads\/2016\/04\/hermano_machado.jpg\" alt=\"\">\r\n  <div class=\"staff-member-info-wrap\">\r\n    <h3 class=\"staff-member-name\">Hermano Teixeira Machado<\/h3>\r\n    <h4 class=\"staff-member-position\">Fot\u00f3grafo<\/h4>\r\n    (16) 3315-4076\r\n  <\/div>\r\n<\/div> <!-- Close staff-member --><div class=\"staff-member even  last\">\r\n  <img decoding=\"async\" class=\"staff-member-photo\" src=\"https:\/\/www.forp.usp.br\/wp-content\/uploads\/2016\/04\/ozana_paula.jpg\" alt=\"\">\r\n  <div class=\"staff-member-info-wrap\">\r\n    <h3 class=\"staff-member-name\">Ozana Rita de Paula<\/h3>\r\n    <h4 class=\"staff-member-position\">T\u00e9cnico para Assuntos Administrativos<\/h4>\r\n    (16) 3315-3957\r\n  <\/div>\r\n<\/div> <!-- Close staff-member --><\/div> <!-- Close staff-member-listing -->","protected":false},"excerpt":{"rendered":"<p>Atribui\u00e7\u00f5es: \u00c9 a Se\u00e7\u00e3o respons\u00e1vel por efetuar o recebimento do malote, separando e distribuindo a documenta\u00e7\u00e3o em geral. Distribui e registra documentos, requerimentos e correspond\u00eancias diversas da Unidade, bem como coordena e desenvolve as opera\u00e7\u00f5es no sistema &#8220;Proteos&#8221;. Chefe de Se\u00e7\u00e3o: Ozana Rita de Paula Servidores:<\/p>\n","protected":false},"author":1,"featured_media":0,"parent":51,"menu_order":0,"comment_status":"open","ping_status":"open","template":"","meta":{"footnotes":""},"class_list":["post-127","page","type-page","status-publish","hentry"],"publishpress_future_workflow_manual_trigger":{"enabledWorkflows":[]},"_links":{"self":[{"href":"https:\/\/www.forp.usp.br\/index.php?rest_route=\/wp\/v2\/pages\/127","targetHints":{"allow":["GET"]}}],"collection":[{"href":"https:\/\/www.forp.usp.br\/index.php?rest_route=\/wp\/v2\/pages"}],"about":[{"href":"https:\/\/www.forp.usp.br\/index.php?rest_route=\/wp\/v2\/types\/page"}],"author":[{"embeddable":true,"href":"https:\/\/www.forp.usp.br\/index.php?rest_route=\/wp\/v2\/users\/1"}],"replies":[{"embeddable":true,"href":"https:\/\/www.forp.usp.br\/index.php?rest_route=%2Fwp%2Fv2%2Fcomments&post=127"}],"version-history":[{"count":11,"href":"https:\/\/www.forp.usp.br\/index.php?rest_route=\/wp\/v2\/pages\/127\/revisions"}],"predecessor-version":[{"id":9969,"href":"https:\/\/www.forp.usp.br\/index.php?rest_route=\/wp\/v2\/pages\/127\/revisions\/9969"}],"up":[{"embeddable":true,"href":"https:\/\/www.forp.usp.br\/index.php?rest_route=\/wp\/v2\/pages\/51"}],"wp:attachment":[{"href":"https:\/\/www.forp.usp.br\/index.php?rest_route=%2Fwp%2Fv2%2Fmedia&parent=127"}],"curies":[{"name":"wp","href":"https:\/\/api.w.org\/{rel}","templated":true}]}}