{"id":100,"date":"2014-05-13T15:03:20","date_gmt":"2014-05-13T18:03:20","guid":{"rendered":"https:\/\/www.forp.usp.br\/?page_id=100"},"modified":"2018-05-02T11:11:36","modified_gmt":"2018-05-02T14:11:36","slug":"assistencia-tecnica-financeira","status":"publish","type":"page","link":"https:\/\/www.forp.usp.br\/?page_id=100","title":{"rendered":"Assist\u00eancia T\u00e9cnica Financeira"},"content":{"rendered":"<p style=\"text-align: left\"><strong>Atribui\u00e7\u00f5es:<\/strong><br \/>\nA Assist\u00eancia T\u00e9cnica Financeira \u00e9 respons\u00e1vel pelo gerenciamento dos recursos financeiros e materiais, seguindo as normas e legisla\u00e7\u00f5es pertinentes, tendo como objetivo principal o atendimento das demandas para o desenvolvimento das atividades fim da FORP\/USP. Assessora a Dire\u00e7\u00e3o com subs\u00eddios para a tomada de decis\u00f5es. A ATFN coordena e gerencia as Se\u00e7\u00f5es de Conv\u00eanios e Contratos, de Materiais (Compras, Almoxarifado e Patrim\u00f4nio) e de Tesouraria.<\/p>\n<p><strong>Assistente T\u00e9cnico Financeiro:<\/strong> Fabio Vinicius M. de Mecenas<\/p>\n<p><strong> Servidores:<\/strong><\/p>\n<style>\/*  div wrapped around entire staff list  *\/\r\ndiv.staff-member-listing {\r\n  font-size: 13px;\r\n  border: 1px solid #681d32\r\n}\r\n\r\n\/*  div wrapped around each staff member  *\/\r\ndiv.staff-member {\r\n  padding-left: 1em;\r\n  padding-bottom: 5px;\r\n  padding-top: 5px;\r\n  padding-right: 5px;\r\n  height: 75px;\r\n}\r\n\r\n\/*  &quot;Even&quot; staff member  *\/\r\ndiv.staff-member.even {\r\n  background-color: #cfcbc7;\r\n}\r\n\r\n\/*  &quot;Odd&quot; staff member  *\/\r\ndiv.staff-member.odd {\r\n  background-color: #FFFFFF;\r\n}\r\n\r\n\/*  Last staff member  *\/\r\ndiv.staff-member.last {\r\n}\r\n\r\n\/*  Wrap around staff info  *\/\r\n.staff-member-info-wrap {\r\n  float: left;\r\n  width: 70%;\r\n  margin-left: 3%;\r\n}\r\n\r\n\/*  [staff-bio-formatted]  *\/\r\ndiv.staff-member-bio {\r\n}\r\n\r\n\/*  p tags within [staff-bio-formatted]  *\/\r\ndiv.staff-member-bio p {\r\n}\r\n\r\n\/*  [staff-photo]  *\/\r\nimg.staff-member-photo {\r\n  float: right;\r\n}\r\n\r\n\/*  [staff-email-link]  *\/\r\n.staff-member-email {\r\n}\r\n\r\n\/*  [staff-name-formatted]  *\/\r\ndiv.staff-member h3.staff-member-name {\r\n  padding: 0;\r\n  margin: 0;\r\n  font-size: 15px;\r\n}\r\n\r\n\/*  [staff-position-formatted]  *\/\r\ndiv.staff-member h4.staff-member-position {\r\n  margin: 0;\r\n  font-style: italic;\r\n  padding: 0;\r\n  font-size: 13px;\r\n}\r\n\r\n\/* Clearfix for div.staff-member *\/\r\ndiv.staff-member:after {\r\n  content: &quot;&quot;;\r\n  display: block;\r\n  clear: both;\r\n}\r\n\r\n\/* Clearfix for &lt;= IE7 *\/\r\n* html div.staff-member { height: 1%; }\r\ndiv.staff-member { display: block; }<\/style><div class=\"staff-member-listing atfn\"><div class=\"staff-member even  last\">\r\n  <img decoding=\"async\" class=\"staff-member-photo\" src=\"https:\/\/www.forp.usp.br\/wp-content\/uploads\/2016\/04\/fabio_mecenas.jpg\" alt=\"\">\r\n  <div class=\"staff-member-info-wrap\">\r\n    <h3 class=\"staff-member-name\">Fabio Vinicius M. de Mecenas<\/h3>\r\n    <h4 class=\"staff-member-position\">Analista para Assuntos Administrativos<\/h4>\r\n    (16) 3315-4778 \/ 8720\r\n  <\/div>\r\n<\/div> <!-- Close staff-member --><\/div> <!-- Close staff-member-listing -->","protected":false},"excerpt":{"rendered":"<p>Atribui\u00e7\u00f5es: A Assist\u00eancia T\u00e9cnica Financeira \u00e9 respons\u00e1vel pelo gerenciamento dos recursos financeiros e materiais, seguindo as normas e legisla\u00e7\u00f5es pertinentes, tendo como objetivo principal o atendimento das demandas para o desenvolvimento das atividades fim da FORP\/USP. Assessora a Dire\u00e7\u00e3o com subs\u00eddios para a tomada de decis\u00f5es. A ATFN coordena e gerencia as Se\u00e7\u00f5es de Conv\u00eanios [&hellip;]<\/p>\n","protected":false},"author":14,"featured_media":0,"parent":51,"menu_order":0,"comment_status":"open","ping_status":"open","template":"","meta":{"footnotes":""},"class_list":["post-100","page","type-page","status-publish","hentry"],"publishpress_future_workflow_manual_trigger":{"enabledWorkflows":[]},"_links":{"self":[{"href":"https:\/\/www.forp.usp.br\/index.php?rest_route=\/wp\/v2\/pages\/100","targetHints":{"allow":["GET"]}}],"collection":[{"href":"https:\/\/www.forp.usp.br\/index.php?rest_route=\/wp\/v2\/pages"}],"about":[{"href":"https:\/\/www.forp.usp.br\/index.php?rest_route=\/wp\/v2\/types\/page"}],"author":[{"embeddable":true,"href":"https:\/\/www.forp.usp.br\/index.php?rest_route=\/wp\/v2\/users\/14"}],"replies":[{"embeddable":true,"href":"https:\/\/www.forp.usp.br\/index.php?rest_route=%2Fwp%2Fv2%2Fcomments&post=100"}],"version-history":[{"count":13,"href":"https:\/\/www.forp.usp.br\/index.php?rest_route=\/wp\/v2\/pages\/100\/revisions"}],"predecessor-version":[{"id":3693,"href":"https:\/\/www.forp.usp.br\/index.php?rest_route=\/wp\/v2\/pages\/100\/revisions\/3693"}],"up":[{"embeddable":true,"href":"https:\/\/www.forp.usp.br\/index.php?rest_route=\/wp\/v2\/pages\/51"}],"wp:attachment":[{"href":"https:\/\/www.forp.usp.br\/index.php?rest_route=%2Fwp%2Fv2%2Fmedia&parent=100"}],"curies":[{"name":"wp","href":"https:\/\/api.w.org\/{rel}","templated":true}]}}